{"id":2274,"date":"2025-01-10T20:58:50","date_gmt":"2025-01-10T19:58:50","guid":{"rendered":"https:\/\/resmiq.org\/?page_id=2274"},"modified":"2025-05-18T00:25:15","modified_gmt":"2025-05-17T22:25:15","slug":"administration","status":"publish","type":"page","link":"https:\/\/resmiq.org\/en\/le-resmiq\/administration\/","title":{"rendered":"Administration"},"content":{"rendered":"<div data-elementor-type=\"wp-page\" data-elementor-id=\"2274\" class=\"elementor elementor-2274\" data-elementor-post-type=\"page\">\n\t\t\t\t<div class=\"elementor-element elementor-element-10d45cb e-flex e-con-boxed e-con e-parent\" data-id=\"10d45cb\" data-element_type=\"container\" data-e-type=\"container\">\n\t\t\t\t\t<div class=\"e-con-inner\">\n\t\t\t\t<div class=\"elementor-element elementor-element-83d49ea elementor-widget elementor-widget-image\" data-id=\"83d49ea\" data-element_type=\"widget\" data-e-type=\"widget\" data-widget_type=\"image.default\">\n\t\t\t\t<div class=\"elementor-widget-container\">\n\t\t\t\t\t\t\t\t\t\t\t\t\t\t\t<img decoding=\"async\" src=\"https:\/\/resmiq.org\/wp-content\/uploads\/2016\/11\/mba-professional-students-walking_940_320_90_c1.jpg\" title=\"mba-professional-students-walking_940_320_90_c1\" alt=\"mba-professional-students-walking_940_320_90_c1\" loading=\"lazy\" \/>\t\t\t\t\t\t\t\t\t\t\t\t\t\t\t<\/div>\n\t\t\t\t<\/div>\n\t\t\t\t<div class=\"elementor-element elementor-element-78bf65c elementor-widget elementor-widget-text-editor\" data-id=\"78bf65c\" data-element_type=\"widget\" data-e-type=\"widget\" data-widget_type=\"text-editor.default\">\n\t\t\t\t<div class=\"elementor-widget-container\">\n\t\t\t\t\t\t\t\t\t<h3 class=\"wp-block-heading\"><strong>Director<\/strong><\/h3><ul class=\"wp-block-list\"><li>\u00a0Ricardo Izquierdo, School of Higher Technology<\/li><\/ul>\t\t\t\t\t\t\t\t<\/div>\n\t\t\t\t<\/div>\n\t\t\t\t<div class=\"elementor-element elementor-element-052469a elementor-widget elementor-widget-text-editor\" data-id=\"052469a\" data-element_type=\"widget\" data-e-type=\"widget\" data-widget_type=\"text-editor.default\">\n\t\t\t\t<div class=\"elementor-widget-container\">\n\t\t\t\t\t\t\t\t\t<!--<h3 class=\"wp-block-heading\"><strong>Codirecteur<\/strong><\/h3>\n<ul class=\"wp-block-list\">\n \t<li>\u00a0Mounir Boukadoum, Universit\u00e9 du Qu\u00e9bec \u00e0 Montr\u00e9al (UQAM)<\/li>\n<\/ul>-->\t\t\t\t\t\t\t\t<\/div>\n\t\t\t\t<\/div>\n\t\t\t\t<div class=\"elementor-element elementor-element-54eaa74 elementor-widget elementor-widget-text-editor\" data-id=\"54eaa74\" data-element_type=\"widget\" data-e-type=\"widget\" data-widget_type=\"text-editor.default\">\n\t\t\t\t<div class=\"elementor-widget-container\">\n\t\t\t\t\t\t\t\t\t<h3 class=\"wp-block-heading\"><strong>Executive Committee<\/strong><\/h3><ul class=\"wp-block-list\"><li>Otmane Ait Mohamed, Concordia University<\/li><li>Fran\u00e7ois Leduc-Primeau, Polytechnique Montr\u00e9al<\/li><li>S\u00e9bastien Roy, University of Sherbrooke<\/li><li>Wei Shi, Laval University<\/li><li>Roni Khazaka, McGill University<\/li><li>Mounir Boukadoum, University of Quebec in Montreal<\/li><li>Ahmed Lakhssassi, University of Quebec in Outaouais<\/li><li>Daniel Massicotte, University of Quebec in Trois-Rivi\u00e8res<\/li><li>Ricardo Izquierdo, School of Higher Technology<\/li><li>Alexandre Robichaud, University of Quebec at Chicoutimi<\/li><\/ul>\t\t\t\t\t\t\t\t<\/div>\n\t\t\t\t<\/div>\n\t\t\t\t<div class=\"elementor-element elementor-element-48e3af5 elementor-widget elementor-widget-text-editor\" data-id=\"48e3af5\" data-element_type=\"widget\" data-e-type=\"widget\" data-widget_type=\"text-editor.default\">\n\t\t\t\t<div class=\"elementor-widget-container\">\n\t\t\t\t\t\t\t\t\t<h3 class=\"wp-block-heading\"><strong>Board of Directors<\/strong><\/h3>\t\t\t\t\t\t\t\t<\/div>\n\t\t\t\t<\/div>\n\t\t\t\t<div class=\"elementor-element elementor-element-eda7401 elementor-widget elementor-widget-text-editor\" data-id=\"eda7401\" data-element_type=\"widget\" data-e-type=\"widget\" data-widget_type=\"text-editor.default\">\n\t\t\t\t<div class=\"elementor-widget-container\">\n\t\t\t\t\t\t\t\t\t<h3 class=\"wp-block-heading\">Representatives of partner institutions<\/h3><ul class=\"wp-block-list\"><li>\u00c9tienne Grondin, University of Sherbrooke<\/li><li>Karine Genest<strong>,\u00a0<\/strong>Polytechnique Montreal<\/li><li>Aaron Johnson, Concordia University<\/li><li>S\u00e9bastien Charles, University of Quebec in Trois-Rivi\u00e8res<\/li><li>Ghyslain Gagnon, School of Advanced Technology<\/li><li>AMine Miled, Laval University<\/li><li>Dominique B\u00e9rub\u00e9, McGill University<\/li><li>Simon Beaudry, University of Quebec in Outaouais<\/li><li>Isabelle Marcotte, University of Quebec in Montreal<\/li><li>Suzy Ngomo, University of Quebec at Chicoutimi<\/li><\/ul>\t\t\t\t\t\t\t\t<\/div>\n\t\t\t\t<\/div>\n\t\t\t\t<div class=\"elementor-element elementor-element-f2e1793 elementor-widget elementor-widget-text-editor\" data-id=\"f2e1793\" data-element_type=\"widget\" data-e-type=\"widget\" data-widget_type=\"text-editor.default\">\n\t\t\t\t<div class=\"elementor-widget-container\">\n\t\t\t\t\t\t\t\t\t<h3 class=\"wp-block-heading\">Member Representatives<\/h3><ul class=\"wp-block-list\"><li>R\u00e9jean Fontaine, University of Sherbrooke<\/li><li>Yvon Savaria<strong>,\u00a0<\/strong>Polytechnique Montreal<\/li><li>Omair Ahmad, Concordia University<\/li><li>Messaoud Ahmed Ouameur, University of Quebec in Trois-Rivi\u00e8res<\/li><li>Richard Al-Hadi, School of Advanced Technology<\/li><li>Benoit Gosselin, Laval University<\/li><li>Gordon Roberts, McGill University<\/li><li>Ahmed Lakhssassi, University of Quebec in Outaouais<\/li><li>Paul-Vah\u00e9 Cicek, University of Quebec in Montreal<\/li><li>Martin Otis, University of Quebec at Chicoutimi<\/li><\/ul>\t\t\t\t\t\t\t\t<\/div>\n\t\t\t\t<\/div>\n\t\t\t\t<div class=\"elementor-element elementor-element-448e4ee elementor-widget elementor-widget-text-editor\" data-id=\"448e4ee\" data-element_type=\"widget\" data-e-type=\"widget\" data-widget_type=\"text-editor.default\">\n\t\t\t\t<div class=\"elementor-widget-container\">\n\t\t\t\t\t\t\t\t\t<h3 class=\"wp-block-heading\"><b>Administrative staff<\/b><\/h3><ul class=\"wp-block-list\"><li>Eric Legua, Coordinator<\/li><li>Arnaldo Mendez, Scientific Assistant<\/li><\/ul>\t\t\t\t\t\t\t\t<\/div>\n\t\t\t\t<\/div>\n\t\t\t\t\t<\/div>\n\t\t\t\t<\/div>\n\t\t\t\t<\/div>","protected":false},"excerpt":{"rendered":"<p>Director Ricardo Izquierdo, \u00c9cole de technologie sup\u00e9rieure Executive Committee Otmane Ait Mohamed, Concordia University Fran\u00e7ois Leduc-Primeau, Polytechnique Montr\u00e9al S\u00e9bastien Roy, University of Sherbrooke Wei Shi, Laval University Roni Khazaka, McGill University Mounir Boukadoum, University of Quebec in Montreal Ahmed Lakhssassi, University of Quebec in Outaouais Daniel Massicotte, University of Quebec <a class=\"read-more\" href=\"https:\/\/resmiq.org\/en\/le-resmiq\/administration\/\">Read More\u2026<\/a><\/p>","protected":false},"author":1,"featured_media":0,"parent":2241,"menu_order":0,"comment_status":"closed","ping_status":"closed","template":"","meta":{"_acf_changed":false,"footnotes":""},"axe-et-theme":[],"sujet":[],"class_list":["post-2274","page","type-page","status-publish","hentry"],"acf":[],"_links":{"self":[{"href":"https:\/\/resmiq.org\/en\/wp-json\/wp\/v2\/pages\/2274","targetHints":{"allow":["GET"]}}],"collection":[{"href":"https:\/\/resmiq.org\/en\/wp-json\/wp\/v2\/pages"}],"about":[{"href":"https:\/\/resmiq.org\/en\/wp-json\/wp\/v2\/types\/page"}],"author":[{"embeddable":true,"href":"https:\/\/resmiq.org\/en\/wp-json\/wp\/v2\/users\/1"}],"replies":[{"embeddable":true,"href":"https:\/\/resmiq.org\/en\/wp-json\/wp\/v2\/comments?post=2274"}],"version-history":[{"count":55,"href":"https:\/\/resmiq.org\/en\/wp-json\/wp\/v2\/pages\/2274\/revisions"}],"predecessor-version":[{"id":6116,"href":"https:\/\/resmiq.org\/en\/wp-json\/wp\/v2\/pages\/2274\/revisions\/6116"}],"up":[{"embeddable":true,"href":"https:\/\/resmiq.org\/en\/wp-json\/wp\/v2\/pages\/2241"}],"wp:attachment":[{"href":"https:\/\/resmiq.org\/en\/wp-json\/wp\/v2\/media?parent=2274"}],"wp:term":[{"taxonomy":"axe-et-theme","embeddable":true,"href":"https:\/\/resmiq.org\/en\/wp-json\/wp\/v2\/axe-et-theme?post=2274"},{"taxonomy":"sujet","embeddable":true,"href":"https:\/\/resmiq.org\/en\/wp-json\/wp\/v2\/sujet?post=2274"}],"curies":[{"name":"wp","href":"https:\/\/api.w.org\/{rel}","templated":true}]}}