{"id":2292,"date":"2025-01-10T21:06:46","date_gmt":"2025-01-10T20:06:46","guid":{"rendered":"https:\/\/resmiq.org\/?page_id=2292"},"modified":"2025-06-26T17:00:56","modified_gmt":"2025-06-26T15:00:56","slug":"senregistrer","status":"publish","type":"page","link":"https:\/\/resmiq.org\/en\/etudiants\/senregistrer\/","title":{"rendered":"Register"},"content":{"rendered":"\t\t<div data-elementor-type=\"wp-page\" data-elementor-id=\"2292\" class=\"elementor elementor-2292\" data-elementor-post-type=\"page\">\n\t\t\t\t<div class=\"elementor-element elementor-element-7450d81 e-flex e-con-boxed e-con e-parent\" data-id=\"7450d81\" data-element_type=\"container\" data-e-type=\"container\">\n\t\t\t\t\t<div class=\"e-con-inner\">\n\t\t\t\t<div class=\"elementor-element elementor-element-ddf17a8 elementor-widget__width-initial elementor-widget elementor-widget-text-editor\" data-id=\"ddf17a8\" data-element_type=\"widget\" data-e-type=\"widget\" data-widget_type=\"text-editor.default\">\n\t\t\t\t<div class=\"elementor-widget-container\">\n\t\t\t\t\t\t\t\t\t<p>Afin d\u2019\u00e9tablir un m\u00e9canisme de communication efficace il est primordial de maintenir et de mettre \u00e0 jour notre liste de distribution de courrier \u00e9lectronique des \u00e9tudiants de cycles sup\u00e9rieurs sous la supervision de nos membres. C\u2019est dans ce but que nous avons donc mis en ligne ce formulaire afin de recueillir l\u2019information qui nous permettra de rester en contact avec vous. Cette information nous aidera \u00e0 vous faire conna\u00eetre les activit\u00e9s et programmes d\u2019int\u00e9r\u00eat pour les \u00e9tudiants.<\/p><p><img fetchpriority=\"high\" decoding=\"async\" class=\"aligncenter wp-image-357 size-full\" src=\"https:\/\/resmiq.org\/wp-content\/uploads\/2016\/11\/admission.jpg\" alt=\"\" width=\"500\" height=\"320\" srcset=\"https:\/\/resmiq.org\/wp-content\/uploads\/2016\/11\/admission.jpg 500w, https:\/\/resmiq.org\/wp-content\/uploads\/2016\/11\/admission-300x192.jpg 300w\" sizes=\"(max-width: 500px) 100vw, 500px\" \/><\/p>\t\t\t\t\t\t\t\t<\/div>\n\t\t\t\t<\/div>\n\t\t\t\t<div class=\"elementor-element elementor-element-4f0dbcb elementor-button-align-stretch elementor-widget elementor-widget-form\" data-id=\"4f0dbcb\" data-element_type=\"widget\" data-e-type=\"widget\" data-settings=\"{&quot;step_next_label&quot;:&quot;Suivant&quot;,&quot;step_previous_label&quot;:&quot;Pr\\u00e9c\\u00e9dent&quot;,&quot;button_width&quot;:&quot;100&quot;,&quot;step_type&quot;:&quot;number_text&quot;,&quot;step_icon_shape&quot;:&quot;circle&quot;}\" data-widget_type=\"form.default\">\n\t\t\t\t<div class=\"elementor-widget-container\">\n\t\t\t\t\t\t\t<form class=\"elementor-form\" method=\"post\" name=\"Nouveau formulaire\" aria-label=\"Nouveau formulaire\">\n\t\t\t<input type=\"hidden\" name=\"post_id\" value=\"2292\"\/>\n\t\t\t<input type=\"hidden\" name=\"form_id\" value=\"4f0dbcb\"\/>\n\t\t\t<input type=\"hidden\" name=\"referer_title\" value=\"S\u2019enregistrer\" \/>\n\n\t\t\t\t\t\t\t<input type=\"hidden\" name=\"queried_id\" value=\"2292\"\/>\n\t\t\t\n\t\t\t<div class=\"elementor-form-fields-wrapper elementor-labels-above\">\n\t\t\t\t\t\t\t\t<div class=\"elementor-field-type-text elementor-field-group elementor-column elementor-field-group-prenom elementor-col-100 elementor-field-required\">\n\t\t\t\t\t\t\t\t\t\t\t\t<label for=\"form-field-prenom\" class=\"elementor-field-label\">\n\t\t\t\t\t\t\t\tNom & Pr\u00e9nom *\t\t\t\t\t\t\t<\/label>\n\t\t\t\t\t\t\t\t\t\t\t\t\t\t<input size=\"1\" type=\"text\" name=\"form_fields[prenom]\" id=\"form-field-prenom\" class=\"elementor-field elementor-size-sm  elementor-field-textual\" placeholder=\"Nom, Pr\u00e9nom\" required=\"required\">\n\t\t\t\t\t\t\t\t\t\t\t<\/div>\n\t\t\t\t\t\t\t\t<div class=\"elementor-field-type-email elementor-field-group elementor-column elementor-field-group-field_54a13c8 elementor-col-100 elementor-field-required\">\n\t\t\t\t\t\t\t\t\t\t\t\t<label for=\"form-field-field_54a13c8\" class=\"elementor-field-label\">\n\t\t\t\t\t\t\t\tCourriel *\t\t\t\t\t\t\t<\/label>\n\t\t\t\t\t\t\t\t\t\t\t\t\t\t<input size=\"1\" type=\"email\" name=\"form_fields[field_54a13c8]\" id=\"form-field-field_54a13c8\" class=\"elementor-field elementor-size-sm  elementor-field-textual\" placeholder=\"Courriel\" required=\"required\">\n\t\t\t\t\t\t\t\t\t\t\t<\/div>\n\t\t\t\t\t\t\t\t<div class=\"elementor-field-type-select elementor-field-group elementor-column elementor-field-group-diplome_en_cours elementor-col-100 elementor-field-required\">\n\t\t\t\t\t\t\t\t\t\t\t\t<label for=\"form-field-diplome_en_cours\" class=\"elementor-field-label\">\n\t\t\t\t\t\t\t\tDipl\u00f4me en cours *\t\t\t\t\t\t\t<\/label>\n\t\t\t\t\t\t\t\t<div class=\"elementor-field elementor-select-wrapper remove-before \">\n\t\t\t<div class=\"select-caret-down-wrapper\">\n\t\t\t\t<svg aria-hidden=\"true\" class=\"e-font-icon-svg e-eicon-caret-down\" viewBox=\"0 0 571.4 571.4\" xmlns=\"http:\/\/www.w3.org\/2000\/svg\"><path d=\"M571 393Q571 407 561 418L311 668Q300 679 286 679T261 668L11 418Q0 407 0 393T11 368 36 357H536Q550 357 561 368T571 393Z\"><\/path><\/svg>\t\t\t<\/div>\n\t\t\t<select name=\"form_fields[diplome_en_cours]\" id=\"form-field-diplome_en_cours\" class=\"elementor-field-textual elementor-size-sm\" required=\"required\">\n\t\t\t\t\t\t\t\t\t<option value=\"\">S\u00e9lectionnez votre dipl\u00f4me en cours<\/option>\n\t\t\t\t\t\t\t\t\t<option value=\"M.Sc.\">M.Sc.<\/option>\n\t\t\t\t\t\t\t\t\t<option value=\"Ph.D.\">Ph.D.<\/option>\n\t\t\t\t\t\t\t\t\t<option value=\"Stagiaire post doc\">Stagiaire post doc<\/option>\n\t\t\t\t\t\t\t\t\t<option value=\"Autre\">Autre<\/option>\n\t\t\t\t\t\t\t<\/select>\n\t\t<\/div>\n\t\t\t\t\t\t<\/div>\n\t\t\t\t\t\t\t\t<div class=\"elementor-field-type-select elementor-field-group elementor-column elementor-field-group-affiliation elementor-col-100 elementor-field-required\">\n\t\t\t\t\t\t\t\t\t\t\t\t<label for=\"form-field-affiliation\" class=\"elementor-field-label\">\n\t\t\t\t\t\t\t\tAffiliation *\t\t\t\t\t\t\t<\/label>\n\t\t\t\t\t\t\t\t<div class=\"elementor-field elementor-select-wrapper remove-before \">\n\t\t\t<div class=\"select-caret-down-wrapper\">\n\t\t\t\t<svg aria-hidden=\"true\" class=\"e-font-icon-svg e-eicon-caret-down\" viewBox=\"0 0 571.4 571.4\" xmlns=\"http:\/\/www.w3.org\/2000\/svg\"><path d=\"M571 393Q571 407 561 418L311 668Q300 679 286 679T261 668L11 418Q0 407 0 393T11 368 36 357H536Q550 357 561 368T571 393Z\"><\/path><\/svg>\t\t\t<\/div>\n\t\t\t<select name=\"form_fields[affiliation]\" id=\"form-field-affiliation\" class=\"elementor-field-textual elementor-size-sm\" required=\"required\">\n\t\t\t\t\t\t\t\t\t<option value=\"\">S\u00e9lectionnez votre affiliation<\/option>\n\t\t\t\t\t\t\t\t\t<option value=\"[institutions_select_field]\"><option value=\"1092\">Universit\u00e9 de Sherbrooke<\/option><option value=\"1100\">Universit\u00e9 Concordia<\/option><option value=\"1099\">Polytechnique Montr\u00e9al<\/option><option value=\"1098\">\u00c9cole de technologie sup\u00e9rieure<\/option><option value=\"1097\">Universit\u00e9 McGill<\/option><option value=\"1096\">Universit\u00e9 du Qu\u00e9bec \u00e0 Montr\u00e9al<\/option><option value=\"1095\">Universit\u00e9 du Qu\u00e9bec \u00e0 Trois-Rivi\u00e8res<\/option><option value=\"1094\">Universit\u00e9 Laval<\/option><option value=\"1093\">Universit\u00e9 du Qu\u00e9bec en Outaouais<\/option><option value=\"1091\">Universit\u00e9 du Qu\u00e9bec \u00e0 Chicoutimi<\/option><\/option>\n\t\t\t\t\t\t\t\t\t<option value=\"Autre\">Autre<\/option>\n\t\t\t\t\t\t\t<\/select>\n\t\t<\/div>\n\t\t\t\t\t\t<\/div>\n\t\t\t\t\t\t\t\t<div class=\"elementor-field-type-select elementor-field-group elementor-column elementor-field-group-chercheur_select elementor-col-100 elementor-field-required\">\n\t\t\t\t\t\t\t\t\t\t\t\t<label for=\"form-field-chercheur_select\" class=\"elementor-field-label\">\n\t\t\t\t\t\t\t\tSuperviseur *\t\t\t\t\t\t\t<\/label>\n\t\t\t\t\t\t\t\t<div class=\"elementor-field elementor-select-wrapper remove-before \">\n\t\t\t<div class=\"select-caret-down-wrapper\">\n\t\t\t\t<svg aria-hidden=\"true\" class=\"e-font-icon-svg e-eicon-caret-down\" viewBox=\"0 0 571.4 571.4\" xmlns=\"http:\/\/www.w3.org\/2000\/svg\"><path d=\"M571 393Q571 407 561 418L311 668Q300 679 286 679T261 668L11 418Q0 407 0 393T11 368 36 357H536Q550 357 561 368T571 393Z\"><\/path><\/svg>\t\t\t<\/div>\n\t\t\t<select name=\"form_fields[chercheur_select]\" id=\"form-field-chercheur_select\" class=\"elementor-field-textual elementor-size-sm\" required=\"required\">\n\t\t\t\t\t\t\t\t\t<option value=\"\"><\/option>\n\t\t\t\t\t\t\t\t\t<option value=\"Non applicable\">Non applicable<\/option>\n\t\t\t\t\t\t\t\t\t<option value=\"[chercheurs_select_field]\">\t\t<option value=\"\">S\u00e9lectionnez le directeur de recherche<\/option>\n                    <option value=\"6921\">Le Beux, S\u00e9bastien<\/option>\n                    <option value=\"6217\">Zhuldybina, Mariia<\/option>\n                    <option value=\"3757\">Tetrault, Marc-Andr\u00e9<\/option>\n                    <option value=\"3755\">Corbeil Therrien, Audrey<\/option>\n                    <option value=\"3753\">Lakhassassi, Ahmed<\/option>\n                    <option value=\"3751\">Ould-Bachir, Tarek<\/option>\n                    <option value=\"3749\">Karabulut Kurt, Gunes<\/option>\n                    <option value=\"3747\">Hassan, Ahmad<\/option>\n                    <option value=\"3744\">Roberts, Gordon W.<\/option>\n                    <option value=\"3742\">Al-Hadi, Richard<\/option>\n                    <option value=\"3740\">Shih, Andy<\/option>\n                    <option value=\"3738\">Landry, Ren\u00e9 Jr.<\/option>\n                    <option value=\"3736\">Bagaa, Miloud<\/option>\n                    <option value=\"3581\">Ahmed Ouameur, Messaoud<\/option>\n                    <option value=\"1244\">Ait Mohamed, Otmane<\/option>\n                    <option value=\"1238\">Ahmad, M. Omair<\/option>\n                    <option value=\"1236\">Ajib, Wessam<\/option>\n                    <option value=\"1234\">Beltrame, Giovanni<\/option>\n                    <option value=\"1232\">Bhadra, Sharmistha<\/option>\n                    <option value=\"1230\">Blaqui\u00e8re, Yves<\/option>\n                    <option value=\"1226\">Boukadoum, Mounir<\/option>\n                    <option value=\"1221\">Cicek, Paul-Vah\u00e9<\/option>\n                    <option value=\"1219\">Cowan, Glenn<\/option>\n                    <option value=\"1216\">David, Jean-Pierre<\/option>\n                    <option value=\"1212\">El-Gamal, Mourad<\/option>\n                    <option value=\"1209\">Fontaine, R\u00e9jean<\/option>\n                    <option value=\"1207\">Fortier, Paul<\/option>\n                    <option value=\"1206\">Fr\u00e9chette, Luc G.<\/option>\n                    <option value=\"1201\">Gagnon, Ghyslain<\/option>\n                    <option value=\"1199\">Giard, Pascal<\/option>\n                    <option value=\"1197\">Gosselin, Benoit<\/option>\n                    <option value=\"1194\">Gross, Warren J.<\/option>\n                    <option value=\"1192\">Izquierdo, Ricardo<\/option>\n                    <option value=\"1189\">Khazaka, Roni<\/option>\n                    <option value=\"1187\">Lakhssassi, Ahmed<\/option>\n                    <option value=\"1185\">Langlois, Pierre<\/option>\n                    <option value=\"1184\">Leduc-Primeau, Fran\u00e7ois<\/option>\n                    <option value=\"1182\">Liboiron-Ladouceur, Odile<\/option>\n                    <option value=\"1180\">Martel, Sylvain<\/option>\n                    <option value=\"1178\">Massicotte, Daniel<\/option>\n                    <option value=\"1176\">Mcheick, Hamid<\/option>\n                    <option value=\"1174\">M\u00e9nard, Micha\u00ebl<\/option>\n                    <option value=\"1171\">Meyer, Brett<\/option>\n                    <option value=\"1147\">Miled, Amine<\/option>\n                    <option value=\"1146\">Nabki, Fr\u00e9d\u00e9ric<\/option>\n                    <option value=\"1144\">Nicolescu, Gabriela<\/option>\n                    <option value=\"1142\">Otis, Martin<\/option>\n                    <option value=\"1138\">Pratte, Jean-Fran\u00e7ois<\/option>\n                    <option value=\"1134\">Rivaz, Hassan<\/option>\n                    <option value=\"1132\">Robichaud, Alexandre<\/option>\n                    <option value=\"1131\">Roy, S\u00e9bastien<\/option>\n                    <option value=\"1129\">Savaria, Yvon<\/option>\n                    <option value=\"1127\">Shi, Wei<\/option>\n                    <option value=\"1125\">Shih, Steve<\/option>\n                    <option value=\"1122\">Swamy, Srikanta M. N.<\/option>\n                    <option value=\"1118\">Tahar, Sofi\u00e8ne<\/option>\n                    <option value=\"1116\">Thibeault, Claude<\/option>\n                    <option value=\"1111\">Trouillon, Rapha\u00ebl<\/option>\n                    <option value=\"1107\">Wang, Chunyan<\/option>\n                    <option value=\"1105\">Zhu, Wei-Ping<\/option>\n                    <option value=\"1102\">Zilic, Zeljko<\/option>\n            <\/option>\n\t\t\t\t\t\t\t<\/select>\n\t\t<\/div>\n\t\t\t\t\t\t<\/div>\n\t\t\t\t\t\t\t\t<div class=\"elementor-field-type-select elementor-field-group elementor-column elementor-field-group-field_b28d988 elementor-col-100 elementor-field-required\">\n\t\t\t\t\t\t\t\t\t\t\t\t<label for=\"form-field-field_b28d988\" class=\"elementor-field-label\">\n\t\t\t\t\t\t\t\tCo-superviseur *\t\t\t\t\t\t\t<\/label>\n\t\t\t\t\t\t\t\t<div class=\"elementor-field elementor-select-wrapper remove-before \">\n\t\t\t<div class=\"select-caret-down-wrapper\">\n\t\t\t\t<svg aria-hidden=\"true\" class=\"e-font-icon-svg e-eicon-caret-down\" viewBox=\"0 0 571.4 571.4\" xmlns=\"http:\/\/www.w3.org\/2000\/svg\"><path d=\"M571 393Q571 407 561 418L311 668Q300 679 286 679T261 668L11 418Q0 407 0 393T11 368 36 357H536Q550 357 561 368T571 393Z\"><\/path><\/svg>\t\t\t<\/div>\n\t\t\t<select name=\"form_fields[field_b28d988]\" id=\"form-field-field_b28d988\" class=\"elementor-field-textual elementor-size-sm\" required=\"required\">\n\t\t\t\t\t\t\t\t\t<option value=\"\"><\/option>\n\t\t\t\t\t\t\t\t\t<option value=\"Non applicable\">Non applicable<\/option>\n\t\t\t\t\t\t\t\t\t<option value=\"[chercheurs_select_field]\">\t\t<option value=\"\">S\u00e9lectionnez le directeur de recherche<\/option>\n                    <option value=\"6921\">Le Beux, S\u00e9bastien<\/option>\n                    <option value=\"6217\">Zhuldybina, Mariia<\/option>\n                    <option value=\"3757\">Tetrault, Marc-Andr\u00e9<\/option>\n                    <option value=\"3755\">Corbeil Therrien, Audrey<\/option>\n                    <option value=\"3753\">Lakhassassi, Ahmed<\/option>\n                    <option value=\"3751\">Ould-Bachir, Tarek<\/option>\n                    <option value=\"3749\">Karabulut Kurt, Gunes<\/option>\n                    <option value=\"3747\">Hassan, Ahmad<\/option>\n                    <option value=\"3744\">Roberts, Gordon W.<\/option>\n                    <option value=\"3742\">Al-Hadi, Richard<\/option>\n                    <option value=\"3740\">Shih, Andy<\/option>\n                    <option value=\"3738\">Landry, Ren\u00e9 Jr.<\/option>\n                    <option value=\"3736\">Bagaa, Miloud<\/option>\n                    <option value=\"3581\">Ahmed Ouameur, Messaoud<\/option>\n                    <option value=\"1244\">Ait Mohamed, Otmane<\/option>\n                    <option value=\"1238\">Ahmad, M. Omair<\/option>\n                    <option value=\"1236\">Ajib, Wessam<\/option>\n                    <option value=\"1234\">Beltrame, Giovanni<\/option>\n                    <option value=\"1232\">Bhadra, Sharmistha<\/option>\n                    <option value=\"1230\">Blaqui\u00e8re, Yves<\/option>\n                    <option value=\"1226\">Boukadoum, Mounir<\/option>\n                    <option value=\"1221\">Cicek, Paul-Vah\u00e9<\/option>\n                    <option value=\"1219\">Cowan, Glenn<\/option>\n                    <option value=\"1216\">David, Jean-Pierre<\/option>\n                    <option value=\"1212\">El-Gamal, Mourad<\/option>\n                    <option value=\"1209\">Fontaine, R\u00e9jean<\/option>\n                    <option value=\"1207\">Fortier, Paul<\/option>\n                    <option value=\"1206\">Fr\u00e9chette, Luc G.<\/option>\n                    <option value=\"1201\">Gagnon, Ghyslain<\/option>\n                    <option value=\"1199\">Giard, Pascal<\/option>\n                    <option value=\"1197\">Gosselin, Benoit<\/option>\n                    <option value=\"1194\">Gross, Warren J.<\/option>\n                    <option value=\"1192\">Izquierdo, Ricardo<\/option>\n                    <option value=\"1189\">Khazaka, Roni<\/option>\n                    <option value=\"1187\">Lakhssassi, Ahmed<\/option>\n                    <option value=\"1185\">Langlois, Pierre<\/option>\n                    <option value=\"1184\">Leduc-Primeau, Fran\u00e7ois<\/option>\n                    <option value=\"1182\">Liboiron-Ladouceur, Odile<\/option>\n                    <option value=\"1180\">Martel, Sylvain<\/option>\n                    <option value=\"1178\">Massicotte, Daniel<\/option>\n                    <option value=\"1176\">Mcheick, Hamid<\/option>\n                    <option value=\"1174\">M\u00e9nard, Micha\u00ebl<\/option>\n                    <option value=\"1171\">Meyer, Brett<\/option>\n                    <option value=\"1147\">Miled, Amine<\/option>\n                    <option value=\"1146\">Nabki, Fr\u00e9d\u00e9ric<\/option>\n                    <option value=\"1144\">Nicolescu, Gabriela<\/option>\n                    <option value=\"1142\">Otis, Martin<\/option>\n                    <option value=\"1138\">Pratte, Jean-Fran\u00e7ois<\/option>\n                    <option value=\"1134\">Rivaz, Hassan<\/option>\n                    <option value=\"1132\">Robichaud, Alexandre<\/option>\n                    <option value=\"1131\">Roy, S\u00e9bastien<\/option>\n                    <option value=\"1129\">Savaria, Yvon<\/option>\n                    <option value=\"1127\">Shi, Wei<\/option>\n                    <option value=\"1125\">Shih, Steve<\/option>\n                    <option value=\"1122\">Swamy, Srikanta M. N.<\/option>\n                    <option value=\"1118\">Tahar, Sofi\u00e8ne<\/option>\n                    <option value=\"1116\">Thibeault, Claude<\/option>\n                    <option value=\"1111\">Trouillon, Rapha\u00ebl<\/option>\n                    <option value=\"1107\">Wang, Chunyan<\/option>\n                    <option value=\"1105\">Zhu, Wei-Ping<\/option>\n                    <option value=\"1102\">Zilic, Zeljko<\/option>\n            <\/option>\n\t\t\t\t\t\t\t\t\t<option value=\"\"><\/option>\n\t\t\t\t\t\t\t<\/select>\n\t\t<\/div>\n\t\t\t\t\t\t<\/div>\n\t\t\t\t\t\t\t\t<div class=\"elementor-field-group elementor-column elementor-field-type-submit elementor-col-100 e-form__buttons\">\n\t\t\t\t\t<button class=\"elementor-button elementor-size-sm\" type=\"submit\">\n\t\t\t\t\t\t<span class=\"elementor-button-content-wrapper\">\n\t\t\t\t\t\t\t\t\t\t\t\t\t\t\t\t\t\t\t\t\t\t<span class=\"elementor-button-text\">Envoyer<\/span>\n\t\t\t\t\t\t\t\t\t\t\t\t\t<\/span>\n\t\t\t\t\t<\/button>\n\t\t\t\t<\/div>\n\t\t\t<\/div>\n\t\t<\/form>\n\t\t\t\t\t\t<\/div>\n\t\t\t\t<\/div>\n\t\t\t\t\t<\/div>\n\t\t\t\t<\/div>\n\t\t\t\t<\/div>\n\t\t","protected":false},"excerpt":{"rendered":"<p>In order to establish an effective communication mechanism, it is essential to maintain and update our graduate student email distribution list under the supervision of our members. For this purpose, we have therefore put this form online in order to <a class=\"read-more\" href=\"https:\/\/resmiq.org\/en\/etudiants\/senregistrer\/\">Read More\u2026<\/a><\/p>","protected":false},"author":1,"featured_media":0,"parent":2338,"menu_order":0,"comment_status":"closed","ping_status":"closed","template":"","meta":{"_acf_changed":false,"footnotes":""},"axe-et-theme":[],"sujet":[],"class_list":["post-2292","page","type-page","status-publish","hentry"],"acf":[],"_links":{"self":[{"href":"https:\/\/resmiq.org\/en\/wp-json\/wp\/v2\/pages\/2292","targetHints":{"allow":["GET"]}}],"collection":[{"href":"https:\/\/resmiq.org\/en\/wp-json\/wp\/v2\/pages"}],"about":[{"href":"https:\/\/resmiq.org\/en\/wp-json\/wp\/v2\/types\/page"}],"author":[{"embeddable":true,"href":"https:\/\/resmiq.org\/en\/wp-json\/wp\/v2\/users\/1"}],"replies":[{"embeddable":true,"href":"https:\/\/resmiq.org\/en\/wp-json\/wp\/v2\/comments?post=2292"}],"version-history":[{"count":187,"href":"https:\/\/resmiq.org\/en\/wp-json\/wp\/v2\/pages\/2292\/revisions"}],"predecessor-version":[{"id":6456,"href":"https:\/\/resmiq.org\/en\/wp-json\/wp\/v2\/pages\/2292\/revisions\/6456"}],"up":[{"embeddable":true,"href":"https:\/\/resmiq.org\/en\/wp-json\/wp\/v2\/pages\/2338"}],"wp:attachment":[{"href":"https:\/\/resmiq.org\/en\/wp-json\/wp\/v2\/media?parent=2292"}],"wp:term":[{"taxonomy":"axe-et-theme","embeddable":true,"href":"https:\/\/resmiq.org\/en\/wp-json\/wp\/v2\/axe-et-theme?post=2292"},{"taxonomy":"sujet","embeddable":true,"href":"https:\/\/resmiq.org\/en\/wp-json\/wp\/v2\/sujet?post=2292"}],"curies":[{"name":"wp","href":"https:\/\/api.w.org\/{rel}","templated":true}]}}