{"id":2321,"date":"2025-01-11T18:58:15","date_gmt":"2025-01-11T17:58:15","guid":{"rendered":"https:\/\/resmiq.org\/?page_id=2321"},"modified":"2026-01-27T14:43:03","modified_gmt":"2026-01-27T13:43:03","slug":"concours-daffiches-scientifiques","status":"publish","type":"page","link":"https:\/\/resmiq.org\/en\/etudiants\/concours-daffiches-scientifiques\/","title":{"rendered":"Scientific Poster Competition"},"content":{"rendered":"<div data-elementor-type=\"wp-page\" data-elementor-id=\"2321\" class=\"elementor elementor-2321\" data-elementor-post-type=\"page\">\n\t\t\t\t<div class=\"elementor-element elementor-element-a1be71c e-flex e-con-boxed e-con e-parent\" data-id=\"a1be71c\" data-element_type=\"container\" data-e-type=\"container\">\n\t\t\t\t\t<div class=\"e-con-inner\">\n\t\t\t\t<div class=\"elementor-element elementor-element-f478d7f elementor-widget elementor-widget-text-editor\" data-id=\"f478d7f\" data-element_type=\"widget\" data-e-type=\"widget\" data-widget_type=\"text-editor.default\">\n\t\t\t\t<div class=\"elementor-widget-container\">\n\t\t\t\t\t\t\t\t\t<p><strong>IMPORTANT NOTE: It is important for ReSMiQ to provide the scientific community with an English version of its documents. However, if translation errors occur, please note that the French version represents the official version.<\/strong><\/p><p>The Quebec Strategic Microsystems Group is organizing the ReSMiQ innovation day which will be held on <strong>June 24, 2026<\/strong>This activity will be the occasion for a competition of scientific communications by posters presented by graduate students affiliated with ReSMiQ.<\/p><p>We are inviting proposals for poster presentations. You are invited to submit your contribution for the scientific poster session.<\/p><p><span style=\"text-decoration: underline;\"><strong>Eligibility requirements<\/strong><\/span><\/p><ul class=\"wp-block-list\"><li>The student must be registered\u00a0<strong>full time<\/strong>\u00a0in one of the research master&#039;s or Ph.D. programs of one of the partner institutions at the time of submitting the communication proposal.<\/li><li>The student must be supervised by at least one co-researcher member of ReSMiQ.<\/li><li>The project must be linked to the research areas of ReSMiQ.<\/li><\/ul><p><span style=\"text-decoration: underline;\"><strong>Award of Excellence<\/strong><\/span><\/p><p>A jury specially formed for this occasion will select the three (3) best presentations which will receive a cash prize.<\/p><ul class=\"wp-block-list\"><li>750$ (1st prize)<\/li><li>550$ (2nd prize)<\/li><li>350$ (3rd prize)<\/li><\/ul><p><span style=\"text-decoration: underline;\"><strong>Deadline for communication proposals<\/strong><\/span><\/p><p>Deadline for submission of an abstract:\u00a0<strong>April 13, 2026<\/strong><\/p><p><span style=\"text-decoration: underline;\"><strong>Method of submitting a proposal<\/strong><\/span><\/p><p>Please complete and submit the form <a href=\"https:\/\/resmiq.org\/en\/formulaires\/formulaire-concours-daffiches-scientifiques\/\">communication proposal<\/a>.<\/p><p><span style=\"color: #ff0000;\"><strong>Late submissions will not be considered.<\/strong><\/span><\/p><p><span style=\"text-decoration: underline;\"><strong>Partner institutions<\/strong><\/span><\/p><p>The following institutions are partners of ReSMiQ:<\/p><ul class=\"wp-block-list\"><li>\u00c9cole de technologie sup\u00e9rieure<\/li><li>Polytechnique Montreal<\/li><li>Concordia University<\/li><li>University of Sherbrooke<\/li><li>University of Quebec in Montreal<\/li><li>University of Quebec in Trois-Rivi\u00e8res<\/li><li>University of Quebec in Outaouais<\/li><li>Laval University<\/li><li>McGill University<\/li><\/ul>\t\t\t\t\t\t\t\t<\/div>\n\t\t\t\t<\/div>\n\t\t\t\t\t<\/div>\n\t\t\t\t<\/div>\n\t\t\t\t<\/div>","protected":false},"excerpt":{"rendered":"<p>NOTE IMPORTANTE:\u00a0Il importe pour le ReSMiQ d\u2019offrir \u00e0 la communaut\u00e9 scientifique une version anglaise de ses documents. Cependant, si des erreurs detraduction se produisent, veuillez noter que la version\u00a0fran\u00e7aise\u00a0repr\u00e9sente la version officielle. Le Regroupement strat\u00e9gique en microsyst\u00e8mes du Qu\u00e9bec organise la journ\u00e9e de l\u2019innovation ReSMiQ qui se tiendra le 24 <a class=\"read-more\" href=\"https:\/\/resmiq.org\/en\/etudiants\/concours-daffiches-scientifiques\/\">Read More\u2026<\/a><\/p>","protected":false},"author":2,"featured_media":0,"parent":2338,"menu_order":0,"comment_status":"closed","ping_status":"closed","template":"","meta":{"_acf_changed":false,"footnotes":""},"axe-et-theme":[],"sujet":[],"class_list":["post-2321","page","type-page","status-publish","hentry"],"acf":[],"_links":{"self":[{"href":"https:\/\/resmiq.org\/en\/wp-json\/wp\/v2\/pages\/2321","targetHints":{"allow":["GET"]}}],"collection":[{"href":"https:\/\/resmiq.org\/en\/wp-json\/wp\/v2\/pages"}],"about":[{"href":"https:\/\/resmiq.org\/en\/wp-json\/wp\/v2\/types\/page"}],"author":[{"embeddable":true,"href":"https:\/\/resmiq.org\/en\/wp-json\/wp\/v2\/users\/2"}],"replies":[{"embeddable":true,"href":"https:\/\/resmiq.org\/en\/wp-json\/wp\/v2\/comments?post=2321"}],"version-history":[{"count":28,"href":"https:\/\/resmiq.org\/en\/wp-json\/wp\/v2\/pages\/2321\/revisions"}],"predecessor-version":[{"id":7571,"href":"https:\/\/resmiq.org\/en\/wp-json\/wp\/v2\/pages\/2321\/revisions\/7571"}],"up":[{"embeddable":true,"href":"https:\/\/resmiq.org\/en\/wp-json\/wp\/v2\/pages\/2338"}],"wp:attachment":[{"href":"https:\/\/resmiq.org\/en\/wp-json\/wp\/v2\/media?parent=2321"}],"wp:term":[{"taxonomy":"axe-et-theme","embeddable":true,"href":"https:\/\/resmiq.org\/en\/wp-json\/wp\/v2\/axe-et-theme?post=2321"},{"taxonomy":"sujet","embeddable":true,"href":"https:\/\/resmiq.org\/en\/wp-json\/wp\/v2\/sujet?post=2321"}],"curies":[{"name":"wp","href":"https:\/\/api.w.org\/{rel}","templated":true}]}}