{"id":2390,"date":"2025-01-11T19:49:23","date_gmt":"2025-01-11T18:49:23","guid":{"rendered":"https:\/\/resmiq.org\/?page_id=2390"},"modified":"2025-06-06T15:43:20","modified_gmt":"2025-06-06T13:43:20","slug":"recrutement-detudiants","status":"publish","type":"page","link":"https:\/\/resmiq.org\/en\/membre-chercheurs\/recrutement-detudiants\/","title":{"rendered":"Student recruitment"},"content":{"rendered":"\t\t<div data-elementor-type=\"wp-page\" data-elementor-id=\"2390\" class=\"elementor elementor-2390\" data-elementor-post-type=\"page\">\n\t\t\t\t<div class=\"elementor-element elementor-element-336d7be e-flex e-con-boxed e-con e-parent\" data-id=\"336d7be\" data-element_type=\"container\" data-e-type=\"container\">\n\t\t\t\t\t<div class=\"e-con-inner\">\n\t\t\t\t<div class=\"elementor-element elementor-element-f51ca99 elementor-widget elementor-widget-text-editor\" data-id=\"f51ca99\" data-element_type=\"widget\" data-e-type=\"widget\" data-widget_type=\"text-editor.default\">\n\t\t\t\t<div class=\"elementor-widget-container\">\n\t\t\t\t\t\t\t\t\t<p>Cette section est mise \u00e0 la disposition des chercheurs du ReSMiQ qui sont \u00e0 la recherche d&rsquo;\u00e9tudiant de cycles sup\u00e9rieurs. Il s&rsquo;agit tout simplement de remplir le formulaire ci-dessous. Cette information sera affich\u00e9e dans \u00ab\u00a0Opportunit\u00e9s de recherche\u00a0\u00bb de la section \u00ab\u00a0\u00c9tudiants\u00a0\u00bb pour une dur\u00e9e d&rsquo;un an.<\/p>\t\t\t\t\t\t\t\t<\/div>\n\t\t\t\t<\/div>\n\t\t\t\t<div class=\"elementor-element elementor-element-f706d9c elementor-button-align-stretch elementor-widget elementor-widget-form\" data-id=\"f706d9c\" data-element_type=\"widget\" data-e-type=\"widget\" data-settings=\"{&quot;step_next_label&quot;:&quot;Suivant&quot;,&quot;step_previous_label&quot;:&quot;Pr\\u00e9c\\u00e9dent&quot;,&quot;button_width&quot;:&quot;100&quot;,&quot;step_type&quot;:&quot;number_text&quot;,&quot;step_icon_shape&quot;:&quot;circle&quot;}\" data-widget_type=\"form.default\">\n\t\t\t\t<div class=\"elementor-widget-container\">\n\t\t\t\t\t\t\t<form class=\"elementor-form\" method=\"post\" id=\"recrutement_form\" name=\"Formulaire de recrutement\" aria-label=\"Formulaire de recrutement\">\n\t\t\t<input type=\"hidden\" name=\"post_id\" value=\"2390\"\/>\n\t\t\t<input type=\"hidden\" name=\"form_id\" value=\"f706d9c\"\/>\n\t\t\t<input type=\"hidden\" name=\"referer_title\" value=\"Recrutement d\u2019\u00e9tudiants\" \/>\n\n\t\t\t\t\t\t\t<input type=\"hidden\" name=\"queried_id\" value=\"2390\"\/>\n\t\t\t\n\t\t\t<div class=\"elementor-form-fields-wrapper elementor-labels-above\">\n\t\t\t\t\t\t\t\t<div class=\"elementor-field-type-select elementor-field-group elementor-column elementor-field-group-type_de_recrutement elementor-col-100 elementor-field-required\">\n\t\t\t\t\t\t\t\t\t\t\t\t<label for=\"form-field-type_de_recrutement\" class=\"elementor-field-label\">\n\t\t\t\t\t\t\t\tType de recrutement\t\t\t\t\t\t\t<\/label>\n\t\t\t\t\t\t\t\t<div class=\"elementor-field elementor-select-wrapper remove-before \">\n\t\t\t<div class=\"select-caret-down-wrapper\">\n\t\t\t\t<svg aria-hidden=\"true\" class=\"e-font-icon-svg e-eicon-caret-down\" viewBox=\"0 0 571.4 571.4\" xmlns=\"http:\/\/www.w3.org\/2000\/svg\"><path d=\"M571 393Q571 407 561 418L311 668Q300 679 286 679T261 668L11 418Q0 407 0 393T11 368 36 357H536Q550 357 561 368T571 393Z\"><\/path><\/svg>\t\t\t<\/div>\n\t\t\t<select name=\"form_fields[type_de_recrutement]\" id=\"form-field-type_de_recrutement\" class=\"elementor-field-textual elementor-size-sm\" required=\"required\">\n\t\t\t\t\t\t\t\t\t<option value=\"\">Selectionner le type de recrutement<\/option>\n\t\t\t\t\t\t\t\t\t<option value=\"opportunite\">Opportunit\u00e9 de recherche<\/option>\n\t\t\t\t\t\t\t\t\t<option value=\"stage\">Offre de stage<\/option>\n\t\t\t\t\t\t\t\t\t<option value=\"emploi\">Offre d&#039;emploi<\/option>\n\t\t\t\t\t\t\t<\/select>\n\t\t<\/div>\n\t\t\t\t\t\t<\/div>\n\t\t\t\t\t\t\t\t<div class=\"elementor-field-type-text elementor-field-group elementor-column elementor-field-group-title elementor-col-100\">\n\t\t\t\t\t\t\t\t\t\t\t\t<label for=\"form-field-title\" class=\"elementor-field-label\">\n\t\t\t\t\t\t\t\tTitre du projet\t\t\t\t\t\t\t<\/label>\n\t\t\t\t\t\t\t\t\t\t\t\t\t\t<input size=\"1\" type=\"text\" name=\"form_fields[title]\" id=\"form-field-title\" class=\"elementor-field elementor-size-sm  elementor-field-textual\" placeholder=\"Nom\">\n\t\t\t\t\t\t\t\t\t\t\t<\/div>\n\t\t\t\t\t\t\t\t<div class=\"elementor-field-type-textarea elementor-field-group elementor-column elementor-field-group-description elementor-col-100\">\n\t\t\t\t\t\t\t\t\t\t\t\t<label for=\"form-field-description\" class=\"elementor-field-label\">\n\t\t\t\t\t\t\t\tDescription\t\t\t\t\t\t\t<\/label>\n\t\t\t\t\t\t<textarea class=\"elementor-field-textual elementor-field  elementor-size-sm\" name=\"form_fields[description]\" id=\"form-field-description\" rows=\"4\" placeholder=\"Description\"><\/textarea>\t\t\t\t<\/div>\n\t\t\t\t\t\t\t\t<div class=\"elementor-field-type-select elementor-field-group elementor-column elementor-field-group-chercheur elementor-col-100\">\n\t\t\t\t\t\t\t\t\t\t\t\t<label for=\"form-field-chercheur\" class=\"elementor-field-label\">\n\t\t\t\t\t\t\t\tDirecteur de projet\t\t\t\t\t\t\t<\/label>\n\t\t\t\t\t\t\t\t<div class=\"elementor-field elementor-select-wrapper remove-before \">\n\t\t\t<div class=\"select-caret-down-wrapper\">\n\t\t\t\t<svg aria-hidden=\"true\" class=\"e-font-icon-svg e-eicon-caret-down\" viewBox=\"0 0 571.4 571.4\" xmlns=\"http:\/\/www.w3.org\/2000\/svg\"><path d=\"M571 393Q571 407 561 418L311 668Q300 679 286 679T261 668L11 418Q0 407 0 393T11 368 36 357H536Q550 357 561 368T571 393Z\"><\/path><\/svg>\t\t\t<\/div>\n\t\t\t<select name=\"form_fields[chercheur]\" id=\"form-field-chercheur\" class=\"elementor-field-textual elementor-size-sm\">\n\t\t\t\t\t\t\t\t\t<option value=\"[chercheurs_select_field]\">\t\t<option value=\"\">S\u00e9lectionnez le directeur de recherche<\/option>\n                    <option value=\"6921\">Le Beux, S\u00e9bastien<\/option>\n                    <option value=\"6217\">Zhuldybina, Mariia<\/option>\n                    <option value=\"3757\">Tetrault, Marc-Andr\u00e9<\/option>\n                    <option value=\"3755\">Corbeil Therrien, Audrey<\/option>\n                    <option value=\"3753\">Lakhassassi, Ahmed<\/option>\n                    <option value=\"3751\">Ould-Bachir, Tarek<\/option>\n                    <option value=\"3749\">Karabulut Kurt, Gunes<\/option>\n                    <option value=\"3747\">Hassan, Ahmad<\/option>\n                    <option value=\"3744\">Roberts, Gordon W.<\/option>\n                    <option value=\"3742\">Al-Hadi, Richard<\/option>\n                    <option value=\"3740\">Shih, Andy<\/option>\n                    <option value=\"3738\">Landry, Ren\u00e9 Jr.<\/option>\n                    <option value=\"3736\">Bagaa, Miloud<\/option>\n                    <option value=\"3581\">Ahmed Ouameur, Messaoud<\/option>\n                    <option value=\"1244\">Ait Mohamed, Otmane<\/option>\n                    <option value=\"1238\">Ahmad, M. Omair<\/option>\n                    <option value=\"1236\">Ajib, Wessam<\/option>\n                    <option value=\"1234\">Beltrame, Giovanni<\/option>\n                    <option value=\"1232\">Bhadra, Sharmistha<\/option>\n                    <option value=\"1230\">Blaqui\u00e8re, Yves<\/option>\n                    <option value=\"1226\">Boukadoum, Mounir<\/option>\n                    <option value=\"1221\">Cicek, Paul-Vah\u00e9<\/option>\n                    <option value=\"1219\">Cowan, Glenn<\/option>\n                    <option value=\"1216\">David, Jean-Pierre<\/option>\n                    <option value=\"1212\">El-Gamal, Mourad<\/option>\n                    <option value=\"1209\">Fontaine, R\u00e9jean<\/option>\n                    <option value=\"1207\">Fortier, Paul<\/option>\n                    <option value=\"1206\">Fr\u00e9chette, Luc G.<\/option>\n                    <option value=\"1201\">Gagnon, Ghyslain<\/option>\n                    <option value=\"1199\">Giard, Pascal<\/option>\n                    <option value=\"1197\">Gosselin, Benoit<\/option>\n                    <option value=\"1194\">Gross, Warren J.<\/option>\n                    <option value=\"1192\">Izquierdo, Ricardo<\/option>\n                    <option value=\"1189\">Khazaka, Roni<\/option>\n                    <option value=\"1187\">Lakhssassi, Ahmed<\/option>\n                    <option value=\"1185\">Langlois, Pierre<\/option>\n                    <option value=\"1184\">Leduc-Primeau, Fran\u00e7ois<\/option>\n                    <option value=\"1182\">Liboiron-Ladouceur, Odile<\/option>\n                    <option value=\"1180\">Martel, Sylvain<\/option>\n                    <option value=\"1178\">Massicotte, Daniel<\/option>\n                    <option value=\"1176\">Mcheick, Hamid<\/option>\n                    <option value=\"1174\">M\u00e9nard, Micha\u00ebl<\/option>\n                    <option value=\"1171\">Meyer, Brett<\/option>\n                    <option value=\"1147\">Miled, Amine<\/option>\n                    <option value=\"1146\">Nabki, Fr\u00e9d\u00e9ric<\/option>\n                    <option value=\"1144\">Nicolescu, Gabriela<\/option>\n                    <option value=\"1142\">Otis, Martin<\/option>\n                    <option value=\"1138\">Pratte, Jean-Fran\u00e7ois<\/option>\n                    <option value=\"1134\">Rivaz, Hassan<\/option>\n                    <option value=\"1132\">Robichaud, Alexandre<\/option>\n                    <option value=\"1131\">Roy, S\u00e9bastien<\/option>\n                    <option value=\"1129\">Savaria, Yvon<\/option>\n                    <option value=\"1127\">Shi, Wei<\/option>\n                    <option value=\"1125\">Shih, Steve<\/option>\n                    <option value=\"1122\">Swamy, Srikanta M. N.<\/option>\n                    <option value=\"1118\">Tahar, Sofi\u00e8ne<\/option>\n                    <option value=\"1116\">Thibeault, Claude<\/option>\n                    <option value=\"1111\">Trouillon, Rapha\u00ebl<\/option>\n                    <option value=\"1107\">Wang, Chunyan<\/option>\n                    <option value=\"1105\">Zhu, Wei-Ping<\/option>\n                    <option value=\"1102\">Zilic, Zeljko<\/option>\n            <\/option>\n\t\t\t\t\t\t\t<\/select>\n\t\t<\/div>\n\t\t\t\t\t\t<\/div>\n\t\t\t\t\t\t\t\t<div class=\"elementor-field-type-html elementor-field-group elementor-column elementor-field-group-axe_et_theme elementor-col-100\">\n\t\t\t\t\t<div class=\"axe-et-theme-checkboxes\"><strong>Axe 1: Mod\u00e9lisation, simulation et m\u00e9thodes de conception des microsyst\u00e8mes<\/strong><label class=\"axe-et-theme-label\" for=\"axe_112\"><input type=\"checkbox\" name=\"axe_et_theme[]\" id=\"axe_112\" value=\"112\"> Algorithmes, architectures et m\u00e9thodologies de conception<\/label><label class=\"axe-et-theme-label\" for=\"axe_128\"><input type=\"checkbox\" name=\"axe_et_theme[]\" id=\"axe_128\" value=\"128\"> Outils de mod\u00e9lisation et conception assist\u00e9e par ordinateur<\/label><label class=\"axe-et-theme-label\" for=\"axe_130\"><input type=\"checkbox\" name=\"axe_et_theme[]\" id=\"axe_130\" value=\"130\"> Sp\u00e9cification, v\u00e9rification et optimisation<\/label><strong>Axe 2: Impl\u00e9mentation et validation des microsyst\u00e8mes<\/strong><label class=\"axe-et-theme-label\" for=\"axe_122\"><input type=\"checkbox\" name=\"axe_et_theme[]\" id=\"axe_122\" value=\"122\"> Int\u00e9gration mat\u00e9rielle \u00e9lectronique, micrologicielle et thermique, encapsulation, tests et diagnostic<\/label><label class=\"axe-et-theme-label\" for=\"axe_131\"><input type=\"checkbox\" name=\"axe_et_theme[]\" id=\"axe_131\" value=\"131\"> syst\u00e8mes intelligents embarqu\u00e9s et de commande<\/label><label class=\"axe-et-theme-label\" for=\"axe_132\"><input type=\"checkbox\" name=\"axe_et_theme[]\" id=\"axe_132\" value=\"132\"> Syst\u00e8mes micro\u00e9lectroniques et hybrides<\/label><strong>Axe 3: Microsyst\u00e8mes hybrides<\/strong><label class=\"axe-et-theme-label\" for=\"axe_121\"><input type=\"checkbox\" name=\"axe_et_theme[]\" id=\"axe_121\" value=\"121\"> \u00c9lectronique imprimable, hybride et composantes imprim\u00e9es<\/label><label class=\"axe-et-theme-label\" for=\"axe_123\"><input type=\"checkbox\" name=\"axe_et_theme[]\" id=\"axe_123\" value=\"123\"> Interfaces optiques et photoniques syst\u00e8mes hybrides<\/label><label class=\"axe-et-theme-label\" for=\"axe_126\"><input type=\"checkbox\" name=\"axe_et_theme[]\" id=\"axe_126\" value=\"126\"> MEMS (RF, bio, optiques et capteurs)<\/label><strong>Axe 4: Microsyst\u00e8mes pour les technologies de l\u2019information et de t\u00e9l\u00e9communications<\/strong><label class=\"axe-et-theme-label\" for=\"axe_124\"><input type=\"checkbox\" name=\"axe_et_theme[]\" id=\"axe_124\" value=\"124\"> Internet des objets et objets connect\u00e9s<\/label><label class=\"axe-et-theme-label\" for=\"axe_129\"><input type=\"checkbox\" name=\"axe_et_theme[]\" id=\"axe_129\" value=\"129\"> Radiocommunication reconfigurable et par logiciel, antennes intelligentes<\/label><label class=\"axe-et-theme-label\" for=\"axe_134\"><input type=\"checkbox\" name=\"axe_et_theme[]\" id=\"axe_134\" value=\"134\"> Traitement de signaux num\u00e9riques, intelligence artificielle, fiabilit\u00e9 et s\u00e9curit\u00e9 des communications<\/label><strong>Axe 5: Microsyst\u00e8mes pour la sant\u00e9 et le bien-\u00eatre<\/strong><label class=\"axe-et-theme-label\" for=\"axe_119\"><input type=\"checkbox\" name=\"axe_et_theme[]\" id=\"axe_119\" value=\"119\"> Dispositifs biom\u00e9dicaux implantables et portables intelligents<\/label><label class=\"axe-et-theme-label\" for=\"axe_125\"><input type=\"checkbox\" name=\"axe_et_theme[]\" id=\"axe_125\" value=\"125\"> M\u00e9decine personnalis\u00e9e, laboratoires sur puces, biocapteurs, instrumentation et imagerie biom\u00e9dicales<\/label><label class=\"axe-et-theme-label\" for=\"axe_133\"><input type=\"checkbox\" name=\"axe_et_theme[]\" id=\"axe_133\" value=\"133\"> Syst\u00e8mes neuromorphiques, de traitement et interfaces humain-machine<\/label><strong>Axe 6: Microsyst\u00e8mes pour le d\u00e9veloppement durable<\/strong><label class=\"axe-et-theme-label\" for=\"axe_120\"><input type=\"checkbox\" name=\"axe_et_theme[]\" id=\"axe_120\" value=\"120\"> \u00c9lectronique \u00e0 faible puissance, r\u00e9colte et r\u00e9cup\u00e9ration d\u2019\u00e9nergie<\/label><label class=\"axe-et-theme-label\" for=\"axe_127\"><input type=\"checkbox\" name=\"axe_et_theme[]\" id=\"axe_127\" value=\"127\"> Microsyst\u00e8mes pour les technologies propres dans le transport et l\u2019a\u00e9rospatiale, l\u2019agriculture de pr\u00e9cision, l\u2019industrie agroalimentaire et la surveillance environnementale<\/label><\/div>\t\t\t\t<\/div>\n\t\t\t\t\t\t\t\t<div class=\"elementor-field-type-date elementor-field-group elementor-column elementor-field-group-date_de_debut elementor-col-100\">\n\t\t\t\t\t\t\t\t\t\t\t\t<label for=\"form-field-date_de_debut\" class=\"elementor-field-label\">\n\t\t\t\t\t\t\t\tDate de d\u00e9but\t\t\t\t\t\t\t<\/label>\n\t\t\t\t\t\t\n\t\t<input type=\"date\" name=\"form_fields[date_de_debut]\" id=\"form-field-date_de_debut\" class=\"elementor-field elementor-size-sm  elementor-field-textual elementor-date-field\" placeholder=\"Date de d\u00e9but\" pattern=\"[0-9]{4}-[0-9]{2}-[0-9]{2}\">\n\t\t\t\t\t\t<\/div>\n\t\t\t\t\t\t\t\t<div class=\"elementor-field-type-url elementor-field-group elementor-column elementor-field-group-url elementor-col-100\">\n\t\t\t\t\t\t\t\t\t\t\t\t<label for=\"form-field-url\" class=\"elementor-field-label\">\n\t\t\t\t\t\t\t\tURL pertinent\t\t\t\t\t\t\t<\/label>\n\t\t\t\t\t\t\t\t\t\t\t\t\t\t<input size=\"1\" type=\"url\" name=\"form_fields[url]\" id=\"form-field-url\" class=\"elementor-field elementor-size-sm  elementor-field-textual\" placeholder=\"URL pertinent\">\n\t\t\t\t\t\t\t\t\t\t\t<\/div>\n\t\t\t\t\t\t\t\t<div class=\"elementor-field-type-email elementor-field-group elementor-column elementor-field-group-courriel elementor-col-100\">\n\t\t\t\t\t\t\t\t\t\t\t\t<label for=\"form-field-courriel\" class=\"elementor-field-label\">\n\t\t\t\t\t\t\t\tCourriel de contact pour le projet\t\t\t\t\t\t\t<\/label>\n\t\t\t\t\t\t\t\t\t\t\t\t\t\t<input size=\"1\" type=\"email\" name=\"form_fields[courriel]\" id=\"form-field-courriel\" class=\"elementor-field elementor-size-sm  elementor-field-textual\">\n\t\t\t\t\t\t\t\t\t\t\t<\/div>\n\t\t\t\t\t\t\t\t<div class=\"elementor-field-group elementor-column elementor-field-type-submit elementor-col-100 e-form__buttons\">\n\t\t\t\t\t<button class=\"elementor-button elementor-size-sm\" type=\"submit\">\n\t\t\t\t\t\t<span class=\"elementor-button-content-wrapper\">\n\t\t\t\t\t\t\t\t\t\t\t\t\t\t\t\t\t\t\t\t\t\t<span class=\"elementor-button-text\">Envoyer<\/span>\n\t\t\t\t\t\t\t\t\t\t\t\t\t<\/span>\n\t\t\t\t\t<\/button>\n\t\t\t\t<\/div>\n\t\t\t<\/div>\n\t\t<\/form>\n\t\t\t\t\t\t<\/div>\n\t\t\t\t<\/div>\n\t\t\t\t\t<\/div>\n\t\t\t\t<\/div>\n\t\t\t\t<\/div>\n\t\t","protected":false},"excerpt":{"rendered":"<p>This section is available to ReSMiQ researchers seeking graduate students. Simply fill out the form below. This information will be posted under &quot;Research Opportunities&quot; in the &quot;Students&quot; section for a period of one year.<\/p>","protected":false},"author":1,"featured_media":0,"parent":2383,"menu_order":0,"comment_status":"closed","ping_status":"closed","template":"","meta":{"_acf_changed":false,"footnotes":""},"axe-et-theme":[],"sujet":[],"class_list":["post-2390","page","type-page","status-publish","hentry"],"acf":[],"_links":{"self":[{"href":"https:\/\/resmiq.org\/en\/wp-json\/wp\/v2\/pages\/2390","targetHints":{"allow":["GET"]}}],"collection":[{"href":"https:\/\/resmiq.org\/en\/wp-json\/wp\/v2\/pages"}],"about":[{"href":"https:\/\/resmiq.org\/en\/wp-json\/wp\/v2\/types\/page"}],"author":[{"embeddable":true,"href":"https:\/\/resmiq.org\/en\/wp-json\/wp\/v2\/users\/1"}],"replies":[{"embeddable":true,"href":"https:\/\/resmiq.org\/en\/wp-json\/wp\/v2\/comments?post=2390"}],"version-history":[{"count":133,"href":"https:\/\/resmiq.org\/en\/wp-json\/wp\/v2\/pages\/2390\/revisions"}],"predecessor-version":[{"id":6271,"href":"https:\/\/resmiq.org\/en\/wp-json\/wp\/v2\/pages\/2390\/revisions\/6271"}],"up":[{"embeddable":true,"href":"https:\/\/resmiq.org\/en\/wp-json\/wp\/v2\/pages\/2383"}],"wp:attachment":[{"href":"https:\/\/resmiq.org\/en\/wp-json\/wp\/v2\/media?parent=2390"}],"wp:term":[{"taxonomy":"axe-et-theme","embeddable":true,"href":"https:\/\/resmiq.org\/en\/wp-json\/wp\/v2\/axe-et-theme?post=2390"},{"taxonomy":"sujet","embeddable":true,"href":"https:\/\/resmiq.org\/en\/wp-json\/wp\/v2\/sujet?post=2390"}],"curies":[{"name":"wp","href":"https:\/\/api.w.org\/{rel}","templated":true}]}}