{"id":2418,"date":"2025-01-11T20:33:19","date_gmt":"2025-01-11T19:33:19","guid":{"rendered":"https:\/\/resmiq.org\/?page_id=2418"},"modified":"2025-01-11T20:33:40","modified_gmt":"2025-01-11T19:33:40","slug":"partenariat-universite-industrie","status":"publish","type":"page","link":"https:\/\/resmiq.org\/en\/partenariat-universite-industrie\/","title":{"rendered":"University\/Industry Partnership"},"content":{"rendered":"<div data-elementor-type=\"wp-page\" data-elementor-id=\"2418\" class=\"elementor elementor-2418\" data-elementor-post-type=\"page\">\n\t\t\t\t<div class=\"elementor-element elementor-element-173ebfa e-flex e-con-boxed e-con e-parent\" data-id=\"173ebfa\" data-element_type=\"container\" data-e-type=\"container\">\n\t\t\t\t\t<div class=\"e-con-inner\">\n\t\t\t\t<div class=\"elementor-element elementor-element-346c744 elementor-widget elementor-widget-text-editor\" data-id=\"346c744\" data-element_type=\"widget\" data-e-type=\"widget\" data-widget_type=\"text-editor.default\">\n\t\t\t\t<div class=\"elementor-widget-container\">\n\t\t\t\t\t\t\t\t\t<p><strong>Universities and industries: a partnership to define the microsystems of tomorrow.<\/strong><\/p><p><strong>The Quebec Strategic Microsystems Group<\/strong>\u00a0(ReSMiQ) is a research center that aims to be at the forefront in the field of microsystems to improve collective well-being. To achieve these objectives, ReSMiQ promotes cutting-edge research and encourages its members to carry out projects in collaboration with industry. Thus, ReSMiQ provides a consulting expertise center in microelectronics and microsystems to industry, which benefits from the transfer of the technologies developed. In addition, the Center contributes to the training of highly qualified personnel to ensure a significant academic and industrial succession and thus to meet the various challenges offered by the field of microsystems.<\/p><p>ReSMiQ leverages university-industry partnerships to strengthen industrial development potential, consolidate the job market, attract highly skilled workers, and keep our companies competitive on the international stage, thereby positioning Quebec and Canada as global leaders in advanced microsystems technologies. ReSMiQ regularly organizes meetings to enable exchanges between academic and industrial stakeholders on topics of common interest in the field of microsystems.<\/p>\t\t\t\t\t\t\t\t<\/div>\n\t\t\t\t<\/div>\n\t\t\t\t\t<\/div>\n\t\t\t\t<\/div>\n\t\t\t\t<\/div>","protected":false},"excerpt":{"rendered":"<p>Universities and industries: a partnership to define the microsystems of tomorrow. The Regroupement Strat\u00e9gique en Microsyst\u00e8mes du Qu\u00e9bec (ReSMiQ) is a research center that aims to be at the forefront in the field of microsystems to improve collective well-being. To achieve these objectives, ReSMiQ promotes cutting-edge research and <a class=\"read-more\" href=\"https:\/\/resmiq.org\/en\/partenariat-universite-industrie\/\">Read More\u2026<\/a><\/p>","protected":false},"author":1,"featured_media":0,"parent":0,"menu_order":0,"comment_status":"closed","ping_status":"closed","template":"","meta":{"_acf_changed":false,"footnotes":""},"axe-et-theme":[],"sujet":[],"class_list":["post-2418","page","type-page","status-publish","hentry"],"acf":[],"_links":{"self":[{"href":"https:\/\/resmiq.org\/en\/wp-json\/wp\/v2\/pages\/2418","targetHints":{"allow":["GET"]}}],"collection":[{"href":"https:\/\/resmiq.org\/en\/wp-json\/wp\/v2\/pages"}],"about":[{"href":"https:\/\/resmiq.org\/en\/wp-json\/wp\/v2\/types\/page"}],"author":[{"embeddable":true,"href":"https:\/\/resmiq.org\/en\/wp-json\/wp\/v2\/users\/1"}],"replies":[{"embeddable":true,"href":"https:\/\/resmiq.org\/en\/wp-json\/wp\/v2\/comments?post=2418"}],"version-history":[{"count":5,"href":"https:\/\/resmiq.org\/en\/wp-json\/wp\/v2\/pages\/2418\/revisions"}],"predecessor-version":[{"id":5750,"href":"https:\/\/resmiq.org\/en\/wp-json\/wp\/v2\/pages\/2418\/revisions\/5750"}],"wp:attachment":[{"href":"https:\/\/resmiq.org\/en\/wp-json\/wp\/v2\/media?parent=2418"}],"wp:term":[{"taxonomy":"axe-et-theme","embeddable":true,"href":"https:\/\/resmiq.org\/en\/wp-json\/wp\/v2\/axe-et-theme?post=2418"},{"taxonomy":"sujet","embeddable":true,"href":"https:\/\/resmiq.org\/en\/wp-json\/wp\/v2\/sujet?post=2418"}],"curies":[{"name":"wp","href":"https:\/\/api.w.org\/{rel}","templated":true}]}}