{"id":2457,"date":"2025-01-11T21:02:50","date_gmt":"2025-01-11T20:02:50","guid":{"rendered":"https:\/\/resmiq.org\/?page_id=2457"},"modified":"2026-04-02T01:25:27","modified_gmt":"2026-04-01T23:25:27","slug":"conferences-et-colloques","status":"publish","type":"page","link":"https:\/\/resmiq.org\/en\/evenements\/conferences-et-colloques\/","title":{"rendered":"Conferences &amp; symposia"},"content":{"rendered":"<div data-elementor-type=\"wp-page\" data-elementor-id=\"2457\" class=\"elementor elementor-2457\" data-elementor-post-type=\"page\">\n\t\t\t\t<div class=\"elementor-element elementor-element-e0839f4 e-flex e-con-boxed e-con e-parent\" data-id=\"e0839f4\" data-element_type=\"container\" data-e-type=\"container\">\n\t\t\t\t\t<div class=\"e-con-inner\">\n\t\t\t\t<div class=\"elementor-element elementor-element-546e05c elementor-widget elementor-widget-heading\" data-id=\"546e05c\" data-element_type=\"widget\" data-e-type=\"widget\" data-widget_type=\"heading.default\">\n\t\t\t\t<div class=\"elementor-widget-container\">\n\t\t\t\t\t<h1 class=\"elementor-heading-title elementor-size-default\">Conferences<\/h1>\t\t\t\t<\/div>\n\t\t\t\t<\/div>\n\t\t\t\t\t<\/div>\n\t\t\t\t<\/div>\n\t\t<div class=\"elementor-element elementor-element-f88c6a2 e-flex e-con-boxed e-con e-parent\" data-id=\"f88c6a2\" data-element_type=\"container\" data-e-type=\"container\">\n\t\t\t\t\t<div class=\"e-con-inner\">\n\t\t\t\t<div class=\"elementor-element elementor-element-4e9a646 elementor-widget elementor-widget-text-editor\" data-id=\"4e9a646\" data-element_type=\"widget\" data-e-type=\"widget\" data-widget_type=\"text-editor.default\">\n\t\t\t\t<div class=\"elementor-widget-container\">\n\t\t\t\t\t\t\t\t\t<p><a href=\"https:\/\/resmiq.org\/en\/evenements\/conferences-et-colloques\/93e-congres-de-lacfas\/\"><strong>93rd ACFAS Congress<\/strong><\/a><br \/>(<em>University of Quebec at Trois-Rivi\u00e8res, May 14, 2026<\/em>)<\/p><p><strong><a href=\"https:\/\/resmiq.org\/en\/evenements\/colloque-annuel-resmiq\/a-propos\/\">JIR2026 and 15th Microsystems Technical Demonstration Competition<\/a><br \/><\/strong><em>(University of Quebec at Chicoutimi, June 22, 2026)<\/em><\/p>\t\t\t\t\t\t\t\t<\/div>\n\t\t\t\t<\/div>\n\t\t\t\t\t<\/div>\n\t\t\t\t<\/div>\n\t\t<div class=\"elementor-element elementor-element-b90adfb e-flex e-con-boxed e-con e-parent\" data-id=\"b90adfb\" data-element_type=\"container\" data-e-type=\"container\">\n\t\t\t\t\t<div class=\"e-con-inner\">\n\t\t\t\t<div class=\"elementor-element elementor-element-2d8d397 elementor-widget elementor-widget-heading\" data-id=\"2d8d397\" data-element_type=\"widget\" data-e-type=\"widget\" data-widget_type=\"heading.default\">\n\t\t\t\t<div class=\"elementor-widget-container\">\n\t\t\t\t\t<h1 class=\"elementor-heading-title elementor-size-default\">Conferences<\/h1>\t\t\t\t<\/div>\n\t\t\t\t<\/div>\n\t\t\t\t\t<\/div>\n\t\t\t\t<\/div>\n\t\t<div class=\"elementor-element elementor-element-c4aec60 e-con-full e-flex e-con e-parent\" data-id=\"c4aec60\" data-element_type=\"container\" data-e-type=\"container\">\n\t\t\t\t<div class=\"elementor-element elementor-element-772a1ab elementor-widget elementor-widget-text-editor\" data-id=\"772a1ab\" data-element_type=\"widget\" data-e-type=\"widget\" data-widget_type=\"text-editor.default\">\n\t\t\t\t<div class=\"elementor-widget-container\">\n\t\t\t\t\t\t\t\t\t<h3>With the participation of ReSMiQ<\/h3><p><a href=\"https:\/\/newcas.org\/\" target=\"_blank\" rel=\"noopener\"><strong>24th IEEE Interregional NEWCAS Conference \u2013 NEWCAS2026<\/strong><\/a><br \/><em>(Chicoutimi, Quebec, Canada, June 21-24, 2026).<br \/><\/em><\/p><p><a href=\"https:\/\/ieee-cas.org\/event\/conference\/2027-ieee-25th-interregional-newcas-conference\"><strong>25th IEEE Interregional NEWCAS Conference \u2013 NEWCAS2027<\/strong><\/a><br \/><em>(Cork, Ireland, June 21-23, 2027).<br \/><strong>Article submission:<\/strong> To be determined<br \/><\/em><\/p>\t\t\t\t\t\t\t\t<\/div>\n\t\t\t\t<\/div>\n\t\t\t\t<\/div>\n\t\t<div class=\"elementor-element elementor-element-3c41402 e-con-full e-flex e-con e-parent\" data-id=\"3c41402\" data-element_type=\"container\" data-e-type=\"container\">\n\t\t\t\t<div class=\"elementor-element elementor-element-973343e elementor-widget elementor-widget-text-editor\" data-id=\"973343e\" data-element_type=\"widget\" data-e-type=\"widget\" data-widget_type=\"text-editor.default\">\n\t\t\t\t<div class=\"elementor-widget-container\">\n\t\t\t\t\t\t\t\t\t<h3>International conferences<\/h3><p><a href=\"https:\/\/2026.ieee-iscas.org\/\" target=\"_blank\" rel=\"noopener\"><strong>2026 IEEE International Symposium on Circuits &amp; Systems \u2013 ISCAS2026<\/strong><\/a><br \/><em>(Shanghai, China, May 24-27, 2026).<br \/><\/em><\/p><p><a href=\"https:\/\/mwscas2026.org\/\"><strong>2026 IEEE Midwest Symposium on Circuits &amp; Systems \u2013 MWSCAS2026<\/strong><\/a><br \/><em>(Cincinnati, Ohio, USA, from August 9 to 12, 2026).<br \/><strong>Article submission:<\/strong> March 16, 2026<br \/><\/em><\/p><p><a href=\"https:\/\/2026.ieee-aicas.org\/\"><strong>2026 IEEE 8th International Conference on Artificial Intelligence Circuits &amp; Systems \u2013 AICAS2026<\/strong><\/a><br \/><em>(Ha Long Bay, Vietnam, from September 16 to 18, 2026).<br \/><strong>Article submission:<\/strong> March 22, 2026<\/em><\/p><p><a href=\"https:\/\/ieee-cas.org\/event\/conference\/2026-ieee-biomedical-circuits-and-systems-conference\" target=\"_blank\" rel=\"noopener\"><strong>2026 IEEE Biomedical Circuits &amp; Systems Conference \u2013 BioCAS2026<\/strong><\/a><br \/><em>(Inchon, South Korea, October 8-10, 2026).<br \/><strong>Article submission:<\/strong> To be determined<br \/><\/em><\/p><p><a href=\"https:\/\/ieee-cas.org\/event\/conference\/2026-ieee-asia-pacific-conference-circuits-and-systems\" target=\"_blank\" rel=\"noopener\"><strong>2026 IEEE Asia Pacific Conference on Circuits &amp; Systems \u2013 APCCAS2026<\/strong><\/a><br \/><em>(Fukuoka, Japan, October 25-28, 2026).<br \/><strong>Article submission:<\/strong> April 30, 2026<br \/><\/em><\/p><p><a href=\"https:\/\/sips2026.org\/\"><strong>2026 IEEE International Workshop on Signal Processing Systems \u2013 SiPS2026<\/strong><\/a><br \/><em>(Bordeaux, France, from November 1 to 4, 2026).<br \/><strong>Article submission:<\/strong> April 12, 2026<\/em><\/p><p><a href=\"https:\/\/www.icecs2026.gr\/\"><strong>2026 IEEE 33rd International Conference on Electronics Circuits and Systems \u2013 ICECS2026<\/strong><\/a><br \/><em>(Thessaloniki, Greece, November 8-11, 2026).<br \/><strong>Article submission:<\/strong> May 25, 2026<\/em><\/p><p><a href=\"https:\/\/2026.ieee-isicas.org\/\"><strong>2026 IEEE International Symposium on Integrated Circuits and Systems \u2013 ISICAS2026<\/strong><\/a><br \/><em>(Thuwal, Saudi Arabia, from November 22 to 24, 2026).<br \/><strong>Article submission:<\/strong> April 13, 2026<\/em><\/p><p><strong><a href=\"https:\/\/ieee-cas.org\/event\/conference\/2027-18th-ieee-latin-american-symposium-circuits-and-systems\" target=\"_blank\" rel=\"noopener\">2027 18th IEEE Latin American Symposium on Circuits &amp; Systems \u2013 LASCAS2027<\/a><\/strong><br \/><em>(Panama City, Panama, February 23-26, 2027).<br \/><strong>Article submission:<\/strong> To be determined<br \/><\/em><\/p><p><a href=\"https:\/\/ieee-cas.org\/event\/conference\/2027-ieee-international-symposium-circuits-and-systems#organizers\" target=\"_blank\" rel=\"noopener\"><strong>2027 IEEE International Symposium on Circuits &amp; Systems \u2013 ISCAS2027<\/strong><\/a><br \/><em>(Bordeaux, France, June 6-9, 2027).<br \/><strong>Article submission:<\/strong> To be determined<br \/><\/em><\/p><p><a href=\"https:\/\/ieee-cas.org\/event\/conference\/2027-ieee-international-midwest-symposium-circuits-and-systems\"><strong>2027 IEEE International Midwest Symposium on Circuits &amp; Systems \u2013 MWSCAS2026<\/strong><\/a><br \/><em>(Lafayette, Louisiana, USA, from August 8 to 12, 2027).<br \/><strong>Article submission:<\/strong> To be determined<br \/><\/em><\/p><p><a href=\"https:\/\/ieee-cas.org\/event\/conference\/2027-ieee-9th-international-conference-artificial-intelligence-circuits-and\"><strong>2027 IEEE 9th International Conference on Artificial Intelligence Circuits and Systems<\/strong><strong>\u2013 AICAS2026<\/strong><\/a><br \/><em>(Hangzhou, China, from September 16 to 18, 2027).<br \/><strong>Article submission:<\/strong> To be determined<\/em><\/p><p><a href=\"https:\/\/ieee-cas.org\/event\/conference\/2027-ieee-biomedical-circuits-and-systems-conference\" target=\"_blank\" rel=\"noopener\"><strong>2027 IEEE Biomedical Circuits &amp; Systems Conference \u2013 BioCAS2027<\/strong><\/a><br \/><em>(Oslo, Norway, October 14-16, 2027).<br \/><strong>Article submission:<\/strong> To be determined<br \/><\/em><\/p><p><a href=\"https:\/\/ieee-cas.org\/event\/conference\/2027-ieee-34th-international-conference-electronics-circuits-and-systems\"><strong>2027 IEEE 34th International Conference on Electronics Circuits and Systems \u2013 ICECS2027<\/strong><\/a><br \/><em>(Dubai, United Arab Emirates, from November 24 to 26, 2027).<br \/><strong>Article submission:<\/strong> To be determined<br \/><\/em><\/p><p><a href=\"https:\/\/ieee-cas.org\/event\/conference\/2028-ieee-international-symposium-circuits-and-systems\" target=\"_blank\" rel=\"noopener\"><strong>2028 IEEE International Symposium on Circuits &amp; Systems \u2013 ISCAS2028<\/strong><\/a><br \/><em>(Minneapolis, Minnesota, USA, May 28 to 31, 2028).<br \/><strong>Article submission:<\/strong> To be determined<\/em><\/p><p><em><strong><a href=\"https:\/\/ieee-cas.org\/event\/conference\/2027-18th-ieee-latin-american-symposium-circuits-and-systems\" target=\"_blank\" rel=\"noopener\">2028 19th IEEE Latin American Symposium on Circuits &amp; Systems \u2013 LASCAS2028<\/a><\/strong><br \/>(C\u00f3rdoba, Argentina, from February 21 to 24, 2028).<br \/><strong>Article submission:<\/strong> To be determined<\/em><\/p><p><a href=\"https:\/\/ieee-cas.org\/event\/conference\/2029-ieee-international-symposium-circuits-and-systems\"><strong>2029 IEEE International Symposium on Circuits &amp; Systems \u2013 ISCAS2029<\/strong><\/a><br \/><em>(Incheon, South Korea, May 27-30, 2029).<br \/><strong>Article submission:<\/strong> To be determined<\/em><\/p>\t\t\t\t\t\t\t\t<\/div>\n\t\t\t\t<\/div>\n\t\t\t\t<\/div>\n\t\t\t\t<\/div>","protected":false},"excerpt":{"rendered":"<p>Colloques 93e congr\u00e8s de l&rsquo;ACFAS(Universit\u00e9 du Qu\u00e9bec \u00e0 Trois-Rivi\u00e8res, 14 mai 2026) JIR2026 et 15e Concours de d\u00e9monstration technique de microsyst\u00e8mes(Universit\u00e9 du Qu\u00e9bec \u00e0 Chicoutimi, 22 juin 2026) Conf\u00e9rences Avec la participation du ReSMiQ 24th IEEE Interregional NEWCAS Conference &#8211; NEWCAS2026(Chicoutimi, Qu\u00e9bec, Canada, du 21 au 24 juin 2026). 25th <a class=\"read-more\" href=\"https:\/\/resmiq.org\/en\/evenements\/conferences-et-colloques\/\">Read More\u2026<\/a><\/p>","protected":false},"author":1,"featured_media":0,"parent":6069,"menu_order":0,"comment_status":"closed","ping_status":"closed","template":"","meta":{"_acf_changed":false,"footnotes":""},"axe-et-theme":[],"sujet":[],"class_list":["post-2457","page","type-page","status-publish","hentry"],"acf":[],"_links":{"self":[{"href":"https:\/\/resmiq.org\/en\/wp-json\/wp\/v2\/pages\/2457","targetHints":{"allow":["GET"]}}],"collection":[{"href":"https:\/\/resmiq.org\/en\/wp-json\/wp\/v2\/pages"}],"about":[{"href":"https:\/\/resmiq.org\/en\/wp-json\/wp\/v2\/types\/page"}],"author":[{"embeddable":true,"href":"https:\/\/resmiq.org\/en\/wp-json\/wp\/v2\/users\/1"}],"replies":[{"embeddable":true,"href":"https:\/\/resmiq.org\/en\/wp-json\/wp\/v2\/comments?post=2457"}],"version-history":[{"count":173,"href":"https:\/\/resmiq.org\/en\/wp-json\/wp\/v2\/pages\/2457\/revisions"}],"predecessor-version":[{"id":7900,"href":"https:\/\/resmiq.org\/en\/wp-json\/wp\/v2\/pages\/2457\/revisions\/7900"}],"up":[{"embeddable":true,"href":"https:\/\/resmiq.org\/en\/wp-json\/wp\/v2\/pages\/6069"}],"wp:attachment":[{"href":"https:\/\/resmiq.org\/en\/wp-json\/wp\/v2\/media?parent=2457"}],"wp:term":[{"taxonomy":"axe-et-theme","embeddable":true,"href":"https:\/\/resmiq.org\/en\/wp-json\/wp\/v2\/axe-et-theme?post=2457"},{"taxonomy":"sujet","embeddable":true,"href":"https:\/\/resmiq.org\/en\/wp-json\/wp\/v2\/sujet?post=2457"}],"curies":[{"name":"wp","href":"https:\/\/api.w.org\/{rel}","templated":true}]}}