{"id":2461,"date":"2025-01-11T20:54:52","date_gmt":"2025-01-11T19:54:52","guid":{"rendered":"https:\/\/resmiq.org\/?page_id=2461"},"modified":"2026-04-20T19:54:13","modified_gmt":"2026-04-20T17:54:13","slug":"a-propos","status":"publish","type":"page","link":"https:\/\/resmiq.org\/en\/evenements\/colloque-annuel-resmiq\/a-propos\/","title":{"rendered":"About"},"content":{"rendered":"<div data-elementor-type=\"wp-page\" data-elementor-id=\"2461\" class=\"elementor elementor-2461\" data-elementor-post-type=\"page\">\n\t\t\t\t<div class=\"elementor-element elementor-element-525f848 e-flex e-con-boxed e-con e-parent\" data-id=\"525f848\" data-element_type=\"container\" data-e-type=\"container\">\n\t\t\t\t\t<div class=\"e-con-inner\">\n\t\t\t\t<div class=\"elementor-element elementor-element-5b0f8cb elementor-widget elementor-widget-image\" data-id=\"5b0f8cb\" data-element_type=\"widget\" data-e-type=\"widget\" data-widget_type=\"image.default\">\n\t\t\t\t<div class=\"elementor-widget-container\">\n\t\t\t\t\t\t\t\t\t\t\t\t\t\t\t<img fetchpriority=\"high\" decoding=\"async\" width=\"936\" height=\"314\" src=\"https:\/\/resmiq.org\/wp-content\/uploads\/2026\/01\/JIR-BAN.jpg\" class=\"attachment-large size-large wp-image-7448\" alt=\"\" srcset=\"https:\/\/resmiq.org\/wp-content\/uploads\/2026\/01\/JIR-BAN.jpg 936w, https:\/\/resmiq.org\/wp-content\/uploads\/2026\/01\/JIR-BAN-300x101.jpg 300w, https:\/\/resmiq.org\/wp-content\/uploads\/2026\/01\/JIR-BAN-768x258.jpg 768w, https:\/\/resmiq.org\/wp-content\/uploads\/2026\/01\/JIR-BAN-18x6.jpg 18w\" sizes=\"(max-width: 936px) 100vw, 936px\" \/>\t\t\t\t\t\t\t\t\t\t\t\t\t\t\t<\/div>\n\t\t\t\t<\/div>\n\t\t\t\t\t<\/div>\n\t\t\t\t<\/div>\n\t\t<div class=\"elementor-element elementor-element-d4709f6 e-flex e-con-boxed e-con e-parent\" data-id=\"d4709f6\" data-element_type=\"container\" data-e-type=\"container\">\n\t\t\t\t\t<div class=\"e-con-inner\">\n\t\t\t\t<div class=\"elementor-element elementor-element-a52a0b3 elementor-widget elementor-widget-text-editor\" data-id=\"a52a0b3\" data-element_type=\"widget\" data-e-type=\"widget\" data-widget_type=\"text-editor.default\">\n\t\t\t\t<div class=\"elementor-widget-container\">\n\t\t\t\t\t\t\t\t\t<p><a href=\"https:\/\/resmiq.org\/en\/evenements\/colloque-annuel-resmiq\/a-propos\/\"><strong>About<\/strong><\/a>\u00a0\/\u00a0<a href=\"https:\/\/resmiq.org\/en\/evenements\/colloque-annuel-resmiq\/programmes\/\"><strong>Program<\/strong><\/a>\u00a0\/\u00a0<a href=\"https:\/\/resmiq.org\/en\/evenements\/colloque-annuel-resmiq\/conferenciers\/\"><strong>Speakers<\/strong><\/a>\u00a0\/<a href=\"https:\/\/resmiq.org\/en\/evenements\/colloque-annuel-resmiq\/comite-dorganisation\/\"><strong>\u00a0steering Committee<\/strong><\/a>\u00a0\/\u00a0<a href=\"https:\/\/resmiq.org\/en\/evenements\/colloque-annuel-resmiq\/concours\/\"><strong>Competition<\/strong><\/a>\u00a0\/\u00a0<a href=\"https:\/\/resmiq.org\/en\/evenements\/colloque-annuel-resmiq\/inscriptions\/\"><strong>Registration<\/strong><\/a><\/p>\n<p>__________________________________________________________________________________________________<\/p>\n<p>\u00a0<\/p>\t\t\t\t\t\t\t\t<\/div>\n\t\t\t\t<\/div>\n\t\t\t\t\t<\/div>\n\t\t\t\t<\/div>\n\t\t<div class=\"elementor-element elementor-element-f7dd8e4 e-flex e-con-boxed e-con e-parent\" data-id=\"f7dd8e4\" data-element_type=\"container\" data-e-type=\"container\">\n\t\t\t\t\t<div class=\"e-con-inner\">\n\t\t\t\t<div class=\"elementor-element elementor-element-7b60af33 elementor-widget elementor-widget-text-editor\" data-id=\"7b60af33\" data-element_type=\"widget\" data-e-type=\"widget\" data-widget_type=\"text-editor.default\">\n\t\t\t\t<div class=\"elementor-widget-container\">\n\t\t\t\t\t\t\t\t\t\n<h3 class=\"wp-block-heading\"><strong>JIR2026 and 15<\/strong><strong>e Microsystems Technical Demonstration Competition<\/strong><\/h3>\n<p><strong>June 22, 2026, University of Quebec at Chicoutimi (UQAC)<\/strong><\/p>\n\n<p><strong>FOR INFORMATION:<\/strong>\u00a0Contact <a href=\"mailto:eric.legua@resmiq.org\">info@resmiq.org<\/a><\/p>\n\n<p>The ReSMiQ Innovation Day (JIR) is a forum where leading experts in their fields present the most exciting topics of the moment and the state of knowledge in the field of microsystems. A special session is dedicated to the presentation of projects developed by undergraduate and graduate students, who will demonstrate their scientific and technical expertise through a technical demonstration and an on-site experiment. Prizes will be awarded to the three best projects in each category. In addition, a special session is dedicated to the presentation of research work through scientific posters by graduate students affiliated with ReSMiQ.<\/p>\n\n<p><strong><strong>Conference center of the Hotel Le Montagnais<br \/>1080 Boulevard Talbot, Chicoutimi<\/strong><\/strong><\/p>\n\n<p><strong>Over 6 500$ in prizes!<\/strong><\/p>\n\n<p><strong>Important dates:<br \/><\/strong>Submission of project summary: <strong>April 27, 2026<br \/><\/strong>Poster abstract submission: <strong>April 13, 2026<\/strong><br \/>Acceptance notice: <strong>May 11, 2026<\/strong><br \/>Registration deadline:\u00a0<strong>June 15, 2025<\/strong><\/p>\n\n<p>Check the tab <strong>&quot;\u00a0<a href=\"\/en\/journee-de-linnovation-resmiq\/concours\/\">Competition<\/a>\u00a0\u00bb<\/strong> for more details.<\/p>\n\t\t\t\t\t\t\t\t<\/div>\n\t\t\t\t<\/div>\n\t\t\t\t\t<\/div>\n\t\t\t\t<\/div>\n\t\t\t\t<\/div>","protected":false},"excerpt":{"rendered":"<p>\u00c0 propos\u00a0\/\u00a0Programme\u00a0\/\u00a0Conf\u00e9renciers\u00a0\/\u00a0Comit\u00e9 d\u2019organisation\u00a0\/\u00a0Concours\u00a0\/\u00a0Inscription __________________________________________________________________________________________________ \u00a0 JIR2026\u00a0et 15e Concours de d\u00e9monstration technique de microsyst\u00e8mes 22 juin 2026, Universit\u00e9 du Qu\u00e9bec \u00e0 Chicoutimi (UQAC) POUR INFORMATION:\u00a0Contacter info@resmiq.org La journ\u00e9e de l\u2019innovation ReSMiQ (JIR) est un forum durant lequel des experts chef de file dans leur domaine pr\u00e9sentent les sujets les plus captivants <a class=\"read-more\" href=\"https:\/\/resmiq.org\/en\/evenements\/colloque-annuel-resmiq\/a-propos\/\">Read More\u2026<\/a><\/p>","protected":false},"author":1,"featured_media":0,"parent":2460,"menu_order":0,"comment_status":"closed","ping_status":"closed","template":"","meta":{"_acf_changed":false,"footnotes":""},"axe-et-theme":[],"sujet":[],"class_list":["post-2461","page","type-page","status-publish","hentry"],"acf":[],"_links":{"self":[{"href":"https:\/\/resmiq.org\/en\/wp-json\/wp\/v2\/pages\/2461","targetHints":{"allow":["GET"]}}],"collection":[{"href":"https:\/\/resmiq.org\/en\/wp-json\/wp\/v2\/pages"}],"about":[{"href":"https:\/\/resmiq.org\/en\/wp-json\/wp\/v2\/types\/page"}],"author":[{"embeddable":true,"href":"https:\/\/resmiq.org\/en\/wp-json\/wp\/v2\/users\/1"}],"replies":[{"embeddable":true,"href":"https:\/\/resmiq.org\/en\/wp-json\/wp\/v2\/comments?post=2461"}],"version-history":[{"count":59,"href":"https:\/\/resmiq.org\/en\/wp-json\/wp\/v2\/pages\/2461\/revisions"}],"predecessor-version":[{"id":7929,"href":"https:\/\/resmiq.org\/en\/wp-json\/wp\/v2\/pages\/2461\/revisions\/7929"}],"up":[{"embeddable":true,"href":"https:\/\/resmiq.org\/en\/wp-json\/wp\/v2\/pages\/2460"}],"wp:attachment":[{"href":"https:\/\/resmiq.org\/en\/wp-json\/wp\/v2\/media?parent=2461"}],"wp:term":[{"taxonomy":"axe-et-theme","embeddable":true,"href":"https:\/\/resmiq.org\/en\/wp-json\/wp\/v2\/axe-et-theme?post=2461"},{"taxonomy":"sujet","embeddable":true,"href":"https:\/\/resmiq.org\/en\/wp-json\/wp\/v2\/sujet?post=2461"}],"curies":[{"name":"wp","href":"https:\/\/api.w.org\/{rel}","templated":true}]}}