{"id":2463,"date":"2025-01-11T20:55:31","date_gmt":"2025-01-11T19:55:31","guid":{"rendered":"https:\/\/resmiq.org\/?page_id=2463"},"modified":"2026-04-20T19:35:21","modified_gmt":"2026-04-20T17:35:21","slug":"concours","status":"publish","type":"page","link":"https:\/\/resmiq.org\/en\/evenements\/colloque-annuel-resmiq\/concours\/","title":{"rendered":"Competition"},"content":{"rendered":"<div data-elementor-type=\"wp-page\" data-elementor-id=\"2463\" class=\"elementor elementor-2463\" data-elementor-post-type=\"page\">\n\t\t\t\t<div class=\"elementor-element elementor-element-69d028a e-flex e-con-boxed e-con e-parent\" data-id=\"69d028a\" data-element_type=\"container\" data-e-type=\"container\">\n\t\t\t\t\t<div class=\"e-con-inner\">\n\t\t\t\t<div class=\"elementor-element elementor-element-7d27980 elementor-widget elementor-widget-image\" data-id=\"7d27980\" data-element_type=\"widget\" data-e-type=\"widget\" data-widget_type=\"image.default\">\n\t\t\t\t<div class=\"elementor-widget-container\">\n\t\t\t\t\t\t\t\t\t\t\t\t\t\t\t<img fetchpriority=\"high\" decoding=\"async\" width=\"936\" height=\"314\" src=\"https:\/\/resmiq.org\/wp-content\/uploads\/2026\/01\/JIR-BAN.jpg\" class=\"attachment-large size-large wp-image-7448\" alt=\"\" srcset=\"https:\/\/resmiq.org\/wp-content\/uploads\/2026\/01\/JIR-BAN.jpg 936w, https:\/\/resmiq.org\/wp-content\/uploads\/2026\/01\/JIR-BAN-300x101.jpg 300w, https:\/\/resmiq.org\/wp-content\/uploads\/2026\/01\/JIR-BAN-768x258.jpg 768w, https:\/\/resmiq.org\/wp-content\/uploads\/2026\/01\/JIR-BAN-18x6.jpg 18w\" sizes=\"(max-width: 936px) 100vw, 936px\" \/>\t\t\t\t\t\t\t\t\t\t\t\t\t\t\t<\/div>\n\t\t\t\t<\/div>\n\t\t\t\t\t<\/div>\n\t\t\t\t<\/div>\n\t\t<div class=\"elementor-element elementor-element-3a2b6da e-flex e-con-boxed e-con e-parent\" data-id=\"3a2b6da\" data-element_type=\"container\" data-e-type=\"container\">\n\t\t\t\t\t<div class=\"e-con-inner\">\n\t\t\t\t<div class=\"elementor-element elementor-element-24b71f1 elementor-widget elementor-widget-text-editor\" data-id=\"24b71f1\" data-element_type=\"widget\" data-e-type=\"widget\" data-widget_type=\"text-editor.default\">\n\t\t\t\t<div class=\"elementor-widget-container\">\n\t\t\t\t\t\t\t\t\t<p><a href=\"https:\/\/resmiq.org\/en\/evenements\/colloque-annuel-resmiq\/a-propos\/\"><strong>About<\/strong><\/a>\u00a0\/\u00a0<a href=\"https:\/\/resmiq.org\/en\/evenements\/colloque-annuel-resmiq\/programmes\/\"><strong>Program<\/strong><\/a>\u00a0\/\u00a0<a href=\"https:\/\/resmiq.org\/en\/evenements\/colloque-annuel-resmiq\/conferenciers\/\"><strong>Speakers<\/strong><\/a>\u00a0\/<a href=\"https:\/\/resmiq.org\/en\/evenements\/colloque-annuel-resmiq\/comite-dorganisation\/\"><strong>\u00a0steering Committee<\/strong><\/a>\u00a0\/\u00a0<a href=\"https:\/\/resmiq.org\/en\/evenements\/colloque-annuel-resmiq\/concours\/\"><strong>Competition<\/strong><\/a>\u00a0\/\u00a0<a href=\"https:\/\/resmiq.org\/en\/evenements\/colloque-annuel-resmiq\/inscriptions\/\"><strong>Registration<\/strong><\/a><\/p>\n<p>__________________________________________________________________________________________________<\/p>\t\t\t\t\t\t\t\t<\/div>\n\t\t\t\t<\/div>\n\t\t\t\t\t<\/div>\n\t\t\t\t<\/div>\n\t\t<div class=\"elementor-element elementor-element-4f61921c e-flex e-con-boxed e-con e-parent\" data-id=\"4f61921c\" data-element_type=\"container\" data-e-type=\"container\">\n\t\t\t\t\t<div class=\"e-con-inner\">\n\t\t\t\t<div class=\"elementor-element elementor-element-6494b6c3 elementor-widget elementor-widget-text-editor\" data-id=\"6494b6c3\" data-element_type=\"widget\" data-e-type=\"widget\" data-widget_type=\"text-editor.default\">\n\t\t\t\t<div class=\"elementor-widget-container\">\n\t\t\t\t\t\t\t\t\t\n<p><a href=\"https:\/\/resmiq.org\/en\/evenements\/colloque-annuel-resmiq\/concours\/#K1\"><strong>Demonstration Project Competition \u2013 Deadline April 27<\/strong><\/a><br \/><a href=\"https:\/\/resmiq.org\/en\/evenements\/colloque-annuel-resmiq\/concours\/#K2\"><strong>Scientific poster competition \u2013 Deadline April 13<\/strong><\/a><br \/>_________________________________________________________________________________________________<\/p>\n\n<p><a name=\"K1\"><\/a><\/p>\n<h4><strong>Demonstration Project Competition<\/strong><\/h4>\n\n<p><strong>Over 5000$ in prizes!<\/strong><br \/>This competition is open to all students registered full-time at a university (undergraduate, M.Sc. and Ph.D.) or a college\/CEGEP in the province of Quebec.<\/p>\n\n<p><strong><u>Undergraduate and college students (level 1)<\/u><\/strong><strong><br \/>Topics:<\/strong>\u00a0Design and implementation of microelectronic devices using discrete electronic components.<br \/><strong>Applications:<\/strong>\u00a0Consumer electronics.<br \/><strong>Price :<\/strong>\u00a01000$ for the 1<sup>1st<\/sup>\u00a0place, 600$ for the 2<sup>th\u00a0<\/sup>place, 400$ for third place.<\/p>\n\n<p><strong><u>Graduate students (level 2)<\/u><\/strong><strong><br \/>Topics:<\/strong>\u00a0Design and implementation of microsystems, integrated circuits, MEMS and integrated microfluidic devices and any other subject of interest to the participating strategic groups and which could lead to collaborations with ReSMIQ.<br \/><strong>Applications:\u00a0<\/strong>Biomedical, wireless, communication, industrial devices and any other application involving microsystems.<br \/><strong>Price :<\/strong>\u00a01500$ for the 1<sup>1st<\/sup>\u00a0place, 1000$ for the 2<sup>th\u00a0<\/sup>place, 600$ for third place.<\/p>\n\n<p><strong>To submit your project<br \/><\/strong>Deadline for submission of an abstract: <strong>April 27, 2026<br \/><\/strong>Announcement of the selection:<strong> May 11, 2026<\/strong><\/p>\n\n<p>Please fill out and submit the form <a href=\"https:\/\/resmiq.org\/en\/formulaires\/projet-en-demonstration\/\">project proposal<\/a>.<\/p>\n<p><strong><span style=\"color: red;\">IMPORTANT :<\/span><\/strong>\u00a0You must attach to the form a photo of the device or assembly of devices that you propose to present, accompanied by a brief description of each of the elements.<\/p>\n\n<p><strong>Eligibility<\/strong><br \/>To be eligible for the JIR competition, keynote speakers must be registered full-time as an undergraduate (level 1) or graduate (level 2) student at a Quebec university, or as a college\/CEGEP student in the province of Quebec (level 1) at the time the competition is held.<\/p>\n\n<p><strong>Selection criteria<\/strong><br \/>The project must be scientifically valid and technically functional. Each project should be complete in order to present results without the use of test equipment or special setup. The project must present an innovative technique or demonstrate a significant improvement over a conventional method.<\/p>\n\n<p><strong>Presentation format<\/strong><br \/>Selected candidates will have the opportunity to make a 3-minute oral presentation via a PowerPoint slideshow followed by an on-site demonstration of their device.<\/p>\n\n<p><strong>Competition<br \/><\/strong>The main event of ReSMiQ Innovation Day is a competition in which undergraduate and graduate students demonstrate their scientific and technical expertise. The competition will take place in two parts:<\/p>\n\n<p><strong>Part 1:<\/strong>\u00a0<strong>My project in 180\u00b710<sup>6<\/sup>\u00a0\u03bcs<\/strong>\u00a0\u2013 Each candidate will present their project via a 3-minute slideshow<br \/><strong>Part 2:<\/strong>\u00a0<strong>My demo in action \u2013<\/strong>\u00a0Live demonstration of the operation of a microsystem<\/p>\n\n<p>A jury will select the 3 best projects from each of the two categories.<\/p>\n\n<p><a name=\"K2\"><\/a><\/p>\n<h4><strong>Scientific poster competition<\/strong><\/h4>\n\n<p><strong>Over 1,500$ in prizes!<\/strong><br \/>This competition is open to all graduate students affiliated with ReSMiQ.<\/p>\n\n<p><strong>Eligibility requirements<\/strong><\/p>\n\n<ul class=\"wp-block-list\">\n<li>The student must be enrolled full-time in one of the research master&#039;s or Ph.D. programs at one of the partner institutions at the time of submitting the communication proposal.<\/li>\n\n<li>The student must be supervised by at least one regular or associate member of ReSMiQ.<\/li>\n\n<li>The project must be linked to the research areas of ReSMiQ.<\/li>\n<\/ul>\n\n<p><strong>Award of Excellence<\/strong><br \/>A jury specially formed for this occasion will select the three (3) best presentations which will receive a cash prize:\u00a0<strong>750$<\/strong>\u00a0(1st prize),\u00a0<strong>550$<\/strong>\u00a0(2nd prize) and\u00a0<strong>350$<\/strong>\u00a0(3rd prize).<\/p>\n\n<p><strong>To submit your project<\/strong><br \/>Deadline for submission of an abstract: <strong>April 13, 2026<\/strong><br \/>Announcement of the selection:\u00a0<strong>May 11, 2026<\/strong><\/p>\n\n<p>Please fill out and submit the form <a href=\"https:\/\/resmiq.org\/en\/formulaires\/formulaire-concours-daffiches-scientifiques\/\">poster proposal<\/a>.<\/p>\n\n<p>Do not hesitate to contact us for any information.<\/p>\n\t\t\t\t\t\t\t\t<\/div>\n\t\t\t\t<\/div>\n\t\t\t\t\t<\/div>\n\t\t\t\t<\/div>\n\t\t\t\t<\/div>","protected":false},"excerpt":{"rendered":"<p>\u00c0 propos\u00a0\/\u00a0Programme\u00a0\/\u00a0Conf\u00e9renciers\u00a0\/\u00a0Comit\u00e9 d\u2019organisation\u00a0\/\u00a0Concours\u00a0\/\u00a0Inscription __________________________________________________________________________________________________ Concours de projet en d\u00e9monstration &#8211; Date limite 27 avrilConcours d\u2019affiches scientifiques &#8211; Date limite 13 avril_________________________________________________________________________________________________ Concours de projet en d\u00e9monstration Plus de 5000$ en prix!Ce concours est ouvert \u00e0 tous les \u00e9tudiants inscrits \u00e0 temps plein dans une universit\u00e9 (1er cycle, M.Sc. et Ph.D.) <a class=\"read-more\" href=\"https:\/\/resmiq.org\/en\/evenements\/colloque-annuel-resmiq\/concours\/\">Read More\u2026<\/a><\/p>","protected":false},"author":1,"featured_media":0,"parent":2460,"menu_order":0,"comment_status":"closed","ping_status":"closed","template":"","meta":{"_acf_changed":false,"footnotes":""},"axe-et-theme":[],"sujet":[],"class_list":["post-2463","page","type-page","status-publish","hentry"],"acf":[],"_links":{"self":[{"href":"https:\/\/resmiq.org\/en\/wp-json\/wp\/v2\/pages\/2463","targetHints":{"allow":["GET"]}}],"collection":[{"href":"https:\/\/resmiq.org\/en\/wp-json\/wp\/v2\/pages"}],"about":[{"href":"https:\/\/resmiq.org\/en\/wp-json\/wp\/v2\/types\/page"}],"author":[{"embeddable":true,"href":"https:\/\/resmiq.org\/en\/wp-json\/wp\/v2\/users\/1"}],"replies":[{"embeddable":true,"href":"https:\/\/resmiq.org\/en\/wp-json\/wp\/v2\/comments?post=2463"}],"version-history":[{"count":43,"href":"https:\/\/resmiq.org\/en\/wp-json\/wp\/v2\/pages\/2463\/revisions"}],"predecessor-version":[{"id":7926,"href":"https:\/\/resmiq.org\/en\/wp-json\/wp\/v2\/pages\/2463\/revisions\/7926"}],"up":[{"embeddable":true,"href":"https:\/\/resmiq.org\/en\/wp-json\/wp\/v2\/pages\/2460"}],"wp:attachment":[{"href":"https:\/\/resmiq.org\/en\/wp-json\/wp\/v2\/media?parent=2463"}],"wp:term":[{"taxonomy":"axe-et-theme","embeddable":true,"href":"https:\/\/resmiq.org\/en\/wp-json\/wp\/v2\/axe-et-theme?post=2463"},{"taxonomy":"sujet","embeddable":true,"href":"https:\/\/resmiq.org\/en\/wp-json\/wp\/v2\/sujet?post=2463"}],"curies":[{"name":"wp","href":"https:\/\/api.w.org\/{rel}","templated":true}]}}