{"id":3155,"date":"2025-03-18T22:26:32","date_gmt":"2025-03-18T21:26:32","guid":{"rendered":"https:\/\/resmiq.org\/?page_id=3155"},"modified":"2025-03-18T22:48:10","modified_gmt":"2025-03-18T21:48:10","slug":"formulaire-de-soumission","status":"publish","type":"page","link":"https:\/\/resmiq.org\/en\/etudiants\/formulaire-de-soumission\/","title":{"rendered":"Submission Form"},"content":{"rendered":"\t\t<div data-elementor-type=\"wp-page\" data-elementor-id=\"3155\" class=\"elementor elementor-3155\" data-elementor-post-type=\"page\">\n\t\t\t\t<div class=\"elementor-element elementor-element-0091269 e-flex e-con-boxed e-con e-parent\" data-id=\"0091269\" data-element_type=\"container\" data-e-type=\"container\">\n\t\t\t\t\t<div class=\"e-con-inner\">\n\t\t\t\t<div class=\"elementor-element elementor-element-c1cde65 elementor-widget elementor-widget-text-editor\" data-id=\"c1cde65\" data-element_type=\"widget\" data-e-type=\"widget\" data-widget_type=\"text-editor.default\">\n\t\t\t\t<div class=\"elementor-widget-container\">\n\t\t\t\t\t\t\t\t\t<p>Afin de rendre plus efficace la r\u00e9ception des dossiers d&rsquo;applications pour les divers concours de bourse et de soutien financier organis\u00e9 par ReSMiQ tous documents requis devront \u00eatre soumis via ce formulaire en ligne.<\/p><h4>Veuillez respecter les indications suivantes:<\/h4><p>+ Tous les champs de ce formulaire doivent \u00eatre obligatoirement remplis;<br \/>+ Type de fichier: PDF uniquement (.pdf);<br \/>+ Un seul fichier contenant tous les documents requis doit \u00eatre transmis; les multiples soumissions ne seront pas accept\u00e9es;<br \/>+ La taille des fichiers est limit\u00e9 \u00e0 5Mo.<\/p><p>Tout \u00e9cart des lignes directrices ci-haut d\u00e9crites pourrait entraver l&rsquo;examen de votre application et entra\u00eener le rejet du dossier.<\/p>\t\t\t\t\t\t\t\t<\/div>\n\t\t\t\t<\/div>\n\t\t\t\t<div class=\"elementor-element elementor-element-6f6989c elementor-button-align-stretch elementor-widget elementor-widget-form\" data-id=\"6f6989c\" data-element_type=\"widget\" data-e-type=\"widget\" data-settings=\"{&quot;step_next_label&quot;:&quot;Suivant&quot;,&quot;step_previous_label&quot;:&quot;Pr\\u00e9c\\u00e9dent&quot;,&quot;button_width&quot;:&quot;100&quot;,&quot;step_type&quot;:&quot;number_text&quot;,&quot;step_icon_shape&quot;:&quot;circle&quot;}\" data-widget_type=\"form.default\">\n\t\t\t\t<div class=\"elementor-widget-container\">\n\t\t\t\t\t\t\t<form class=\"elementor-form\" method=\"post\" name=\"Nouveau formulaire\" aria-label=\"Nouveau formulaire\">\n\t\t\t<input type=\"hidden\" name=\"post_id\" value=\"3155\"\/>\n\t\t\t<input type=\"hidden\" name=\"form_id\" value=\"6f6989c\"\/>\n\t\t\t<input type=\"hidden\" name=\"referer_title\" value=\"Formulaire de soumission\" \/>\n\n\t\t\t\t\t\t\t<input type=\"hidden\" name=\"queried_id\" value=\"3155\"\/>\n\t\t\t\n\t\t\t<div class=\"elementor-form-fields-wrapper elementor-labels-above\">\n\t\t\t\t\t\t\t\t<div class=\"elementor-field-type-select elementor-field-group elementor-column elementor-field-group-message elementor-col-100\">\n\t\t\t\t\t\t\t\t\t\t\t\t<label for=\"form-field-message\" class=\"elementor-field-label\">\n\t\t\t\t\t\t\t\tS\u00e9lectionnez un concours\t\t\t\t\t\t\t<\/label>\n\t\t\t\t\t\t\t\t<div class=\"elementor-field elementor-select-wrapper remove-before \">\n\t\t\t<div class=\"select-caret-down-wrapper\">\n\t\t\t\t<svg aria-hidden=\"true\" class=\"e-font-icon-svg e-eicon-caret-down\" viewBox=\"0 0 571.4 571.4\" xmlns=\"http:\/\/www.w3.org\/2000\/svg\"><path d=\"M571 393Q571 407 561 418L311 668Q300 679 286 679T261 668L11 418Q0 407 0 393T11 368 36 357H536Q550 357 561 368T571 393Z\"><\/path><\/svg>\t\t\t<\/div>\n\t\t\t<select name=\"form_fields[message]\" id=\"form-field-message\" class=\"elementor-field-textual elementor-size-sm\">\n\t\t\t\t\t\t\t\t\t<option value=\"S\u00e9lectionnez un concours\">S\u00e9lectionnez un concours<\/option>\n\t\t\t\t\t\t\t\t\t<option value=\"BR1\">Bourse ReSMiQ  pour \u00e9tudiant du 1e cycle<\/option>\n\t\t\t\t\t\t\t\t\t<option value=\"BR2\">Bourse ReSMiQ pour \u00e9tudiants du 2e cycle<\/option>\n\t\t\t\t\t\t\t\t\t<option value=\"BR3\">Bourse ReSMiQ pour \u00e9tudiant du 3e cycle<\/option>\n\t\t\t\t\t\t\t\t\t<option value=\"BRP\">Bourse ReSMiQ pour stage post-doctoral<\/option>\n\t\t\t\t\t\t\t\t\t<option value=\"BFE3\">Bourse ReSMiQ de fin d&#039;\u00e9tudes doctorales<\/option>\n\t\t\t\t\t\t\t\t\t<option value=\"CB2\">Compl\u00e9ment de bourse pour 2e cycle<\/option>\n\t\t\t\t\t\t\t\t\t<option value=\"CB3\">Compl\u00e9ment de bourse pour 3e cycle<\/option>\n\t\t\t\t\t\t\t\t\t<option value=\"FD2\">Fonds de d\u00e9pannage pour 2e cycle<\/option>\n\t\t\t\t\t\t\t\t\t<option value=\"FD3\">Fonds de d\u00e9pannage pour 3e cycle<\/option>\n\t\t\t\t\t\t\t\t\t<option value=\"CHINV\">Soutien financier pour chercheur invit\u00e9<\/option>\n\t\t\t\t\t\t\t\t\t<option value=\"DEPC\">Soutien financier pour participation \u00e0 des conf\u00e9rences<\/option>\n\t\t\t\t\t\t\t\t\t<option value=\"AFFSC\">Concours d&#039;affiche scientifique<\/option>\n\t\t\t\t\t\t\t\t\t<option value=\"DTMJIR\">Concours de d\u00e9monstration technique de microsyst\u00e8mes<\/option>\n\t\t\t\t\t\t\t\t\t<option value=\"PARC\">Programme d&#039;appui \u00e0 la recherche en collaboration<\/option>\n\t\t\t\t\t\t\t\t\t<option value=\"BSI\">Programme de stages internationaux FRQNT<\/option>\n\t\t\t\t\t\t\t\t\t<option value=\"PFIR\">Programme de projets f\u00e9d\u00e9rateur inter-regroupement<\/option>\n\t\t\t\t\t\t\t<\/select>\n\t\t<\/div>\n\t\t\t\t\t\t<\/div>\n\t\t\t\t\t\t\t\t<div class=\"elementor-field-type-text elementor-field-group elementor-column elementor-field-group-name elementor-col-100\">\n\t\t\t\t\t\t\t\t\t\t\t\t<label for=\"form-field-name\" class=\"elementor-field-label\">\n\t\t\t\t\t\t\t\tNom\t\t\t\t\t\t\t<\/label>\n\t\t\t\t\t\t\t\t\t\t\t\t\t\t<input size=\"1\" type=\"text\" name=\"form_fields[name]\" id=\"form-field-name\" class=\"elementor-field elementor-size-sm  elementor-field-textual\" placeholder=\"Nom\">\n\t\t\t\t\t\t\t\t\t\t\t<\/div>\n\t\t\t\t\t\t\t\t<div class=\"elementor-field-type-email elementor-field-group elementor-column elementor-field-group-email elementor-col-100 elementor-field-required\">\n\t\t\t\t\t\t\t\t\t\t\t\t<label for=\"form-field-email\" class=\"elementor-field-label\">\n\t\t\t\t\t\t\t\tE-mail\t\t\t\t\t\t\t<\/label>\n\t\t\t\t\t\t\t\t\t\t\t\t\t\t<input size=\"1\" type=\"email\" name=\"form_fields[email]\" id=\"form-field-email\" class=\"elementor-field elementor-size-sm  elementor-field-textual\" placeholder=\"E-mail\" required=\"required\">\n\t\t\t\t\t\t\t\t\t\t\t<\/div>\n\t\t\t\t\t\t\t\t<div class=\"elementor-field-type-upload elementor-field-group elementor-column elementor-field-group-field_bb3473f elementor-col-100\">\n\t\t\t\t\t\t\t\t\t\t\t\t<label for=\"form-field-field_bb3473f\" class=\"elementor-field-label\">\n\t\t\t\t\t\t\t\tDocument attach\u00e9: (maximum 5meg)\t\t\t\t\t\t\t<\/label>\n\t\t\t\t\t\t\t\t<input type=\"file\" name=\"form_fields[field_bb3473f]\" id=\"form-field-field_bb3473f\" class=\"elementor-field elementor-size-sm  elementor-upload-field\">\n\n\t\t\t\t\t\t<\/div>\n\t\t\t\t\t\t\t\t<div class=\"elementor-field-group elementor-column elementor-field-type-submit elementor-col-100 e-form__buttons\">\n\t\t\t\t\t<button class=\"elementor-button elementor-size-sm\" type=\"submit\">\n\t\t\t\t\t\t<span class=\"elementor-button-content-wrapper\">\n\t\t\t\t\t\t\t\t\t\t\t\t\t\t\t\t\t\t\t\t\t\t<span class=\"elementor-button-text\">Envoyer<\/span>\n\t\t\t\t\t\t\t\t\t\t\t\t\t<\/span>\n\t\t\t\t\t<\/button>\n\t\t\t\t<\/div>\n\t\t\t<\/div>\n\t\t<\/form>\n\t\t\t\t\t\t<\/div>\n\t\t\t\t<\/div>\n\t\t\t\t\t<\/div>\n\t\t\t\t<\/div>\n\t\t\t\t<\/div>\n\t\t","protected":false},"excerpt":{"rendered":"<p>In order to make the reception of application files for the various scholarship and financial support competitions organized by ReSMiQ more efficient, all required documents must be submitted via this online form. Please respect the following instructions: + All fields in this form must be completed;+ <a class=\"read-more\" href=\"https:\/\/resmiq.org\/en\/etudiants\/formulaire-de-soumission\/\">Read More\u2026<\/a><\/p>","protected":false},"author":1,"featured_media":0,"parent":2338,"menu_order":0,"comment_status":"closed","ping_status":"closed","template":"","meta":{"_acf_changed":false,"footnotes":""},"axe-et-theme":[],"sujet":[],"class_list":["post-3155","page","type-page","status-publish","hentry"],"acf":[],"_links":{"self":[{"href":"https:\/\/resmiq.org\/en\/wp-json\/wp\/v2\/pages\/3155","targetHints":{"allow":["GET"]}}],"collection":[{"href":"https:\/\/resmiq.org\/en\/wp-json\/wp\/v2\/pages"}],"about":[{"href":"https:\/\/resmiq.org\/en\/wp-json\/wp\/v2\/types\/page"}],"author":[{"embeddable":true,"href":"https:\/\/resmiq.org\/en\/wp-json\/wp\/v2\/users\/1"}],"replies":[{"embeddable":true,"href":"https:\/\/resmiq.org\/en\/wp-json\/wp\/v2\/comments?post=3155"}],"version-history":[{"count":19,"href":"https:\/\/resmiq.org\/en\/wp-json\/wp\/v2\/pages\/3155\/revisions"}],"predecessor-version":[{"id":3178,"href":"https:\/\/resmiq.org\/en\/wp-json\/wp\/v2\/pages\/3155\/revisions\/3178"}],"up":[{"embeddable":true,"href":"https:\/\/resmiq.org\/en\/wp-json\/wp\/v2\/pages\/2338"}],"wp:attachment":[{"href":"https:\/\/resmiq.org\/en\/wp-json\/wp\/v2\/media?parent=3155"}],"wp:term":[{"taxonomy":"axe-et-theme","embeddable":true,"href":"https:\/\/resmiq.org\/en\/wp-json\/wp\/v2\/axe-et-theme?post=3155"},{"taxonomy":"sujet","embeddable":true,"href":"https:\/\/resmiq.org\/en\/wp-json\/wp\/v2\/sujet?post=3155"}],"curies":[{"name":"wp","href":"https:\/\/api.w.org\/{rel}","templated":true}]}}