{"id":3450,"date":"2025-03-27T22:19:56","date_gmt":"2025-03-27T21:19:56","guid":{"rendered":"https:\/\/resmiq.org\/?page_id=3450"},"modified":"2025-07-24T22:09:56","modified_gmt":"2025-07-24T20:09:56","slug":"aide-financiere-pour-participations-a-des-conferences","status":"publish","type":"page","link":"https:\/\/resmiq.org\/en\/formulaires\/aide-financiere-pour-participations-a-des-conferences\/","title":{"rendered":"Financial assistance for participation in conferences"},"content":{"rendered":"\t\t<div data-elementor-type=\"wp-page\" data-elementor-id=\"3450\" class=\"elementor elementor-3450\" data-elementor-post-type=\"page\">\n\t\t\t\t<div class=\"elementor-element elementor-element-1323826 e-flex e-con-boxed e-con e-parent\" data-id=\"1323826\" data-element_type=\"container\" data-e-type=\"container\">\n\t\t\t\t\t<div class=\"e-con-inner\">\n\t\t\t\t<div class=\"elementor-element elementor-element-8b0936b elementor-button-align-stretch elementor-widget elementor-widget-form\" data-id=\"8b0936b\" data-element_type=\"widget\" data-e-type=\"widget\" data-settings=\"{&quot;step_next_label&quot;:&quot;Suivant&quot;,&quot;step_previous_label&quot;:&quot;Pr\\u00e9c\\u00e9dent&quot;,&quot;button_width&quot;:&quot;100&quot;,&quot;step_type&quot;:&quot;number_text&quot;,&quot;step_icon_shape&quot;:&quot;circle&quot;}\" data-widget_type=\"form.default\">\n\t\t\t\t<div class=\"elementor-widget-container\">\n\t\t\t\t\t\t\t<form class=\"elementor-form\" method=\"post\" name=\"Aide pour participation \u00e0 des conf\u00e9rences\" aria-label=\"Aide pour participation \u00e0 des conf\u00e9rences\">\n\t\t\t<input type=\"hidden\" name=\"post_id\" value=\"3450\"\/>\n\t\t\t<input type=\"hidden\" name=\"form_id\" value=\"8b0936b\"\/>\n\t\t\t<input type=\"hidden\" name=\"referer_title\" value=\"Aide financi\u00e8re pour participations \u00e0 des conf\u00e9rences\" \/>\n\n\t\t\t\t\t\t\t<input type=\"hidden\" name=\"queried_id\" value=\"3450\"\/>\n\t\t\t\n\t\t\t<div class=\"elementor-form-fields-wrapper elementor-labels-above\">\n\t\t\t\t\t\t\t\t<div class=\"elementor-field-type-text elementor-field-group elementor-column elementor-field-group-nom elementor-col-50 elementor-field-required\">\n\t\t\t\t\t\t\t\t\t\t\t\t<label for=\"form-field-nom\" class=\"elementor-field-label\">\n\t\t\t\t\t\t\t\tNom\t\t\t\t\t\t\t<\/label>\n\t\t\t\t\t\t\t\t\t\t\t\t\t\t<input size=\"1\" type=\"text\" name=\"form_fields[nom]\" id=\"form-field-nom\" class=\"elementor-field elementor-size-sm  elementor-field-textual\" placeholder=\"Nom\" required=\"required\">\n\t\t\t\t\t\t\t\t\t\t\t<\/div>\n\t\t\t\t\t\t\t\t<div class=\"elementor-field-type-text elementor-field-group elementor-column elementor-field-group-prenom elementor-col-50 elementor-field-required\">\n\t\t\t\t\t\t\t\t\t\t\t\t<label for=\"form-field-prenom\" class=\"elementor-field-label\">\n\t\t\t\t\t\t\t\tPr\u00e9nom\t\t\t\t\t\t\t<\/label>\n\t\t\t\t\t\t\t\t\t\t\t\t\t\t<input size=\"1\" type=\"text\" name=\"form_fields[prenom]\" id=\"form-field-prenom\" class=\"elementor-field elementor-size-sm  elementor-field-textual\" placeholder=\"Pr\u00e9nom\" required=\"required\">\n\t\t\t\t\t\t\t\t\t\t\t<\/div>\n\t\t\t\t\t\t\t\t<div class=\"elementor-field-type-text elementor-field-group elementor-column elementor-field-group-adresse elementor-col-70 elementor-field-required\">\n\t\t\t\t\t\t\t\t\t\t\t\t<label for=\"form-field-adresse\" class=\"elementor-field-label\">\n\t\t\t\t\t\t\t\tAdresse\t\t\t\t\t\t\t<\/label>\n\t\t\t\t\t\t\t\t\t\t\t\t\t\t<input size=\"1\" type=\"text\" name=\"form_fields[adresse]\" id=\"form-field-adresse\" class=\"elementor-field elementor-size-sm  elementor-field-textual\" placeholder=\"Adresse\" required=\"required\">\n\t\t\t\t\t\t\t\t\t\t\t<\/div>\n\t\t\t\t\t\t\t\t<div class=\"elementor-field-type-text elementor-field-group elementor-column elementor-field-group-apartement_no elementor-col-30\">\n\t\t\t\t\t\t\t\t\t\t\t\t<label for=\"form-field-apartement_no\" class=\"elementor-field-label\">\n\t\t\t\t\t\t\t\tApartement no.\t\t\t\t\t\t\t<\/label>\n\t\t\t\t\t\t\t\t\t\t\t\t\t\t<input size=\"1\" type=\"text\" name=\"form_fields[apartement_no]\" id=\"form-field-apartement_no\" class=\"elementor-field elementor-size-sm  elementor-field-textual\" placeholder=\"Apartement no.\">\n\t\t\t\t\t\t\t\t\t\t\t<\/div>\n\t\t\t\t\t\t\t\t<div class=\"elementor-field-type-text elementor-field-group elementor-column elementor-field-group-ville elementor-col-70 elementor-field-required\">\n\t\t\t\t\t\t\t\t\t\t\t\t<label for=\"form-field-ville\" class=\"elementor-field-label\">\n\t\t\t\t\t\t\t\tVille\t\t\t\t\t\t\t<\/label>\n\t\t\t\t\t\t\t\t\t\t\t\t\t\t<input size=\"1\" type=\"text\" name=\"form_fields[ville]\" id=\"form-field-ville\" class=\"elementor-field elementor-size-sm  elementor-field-textual\" placeholder=\"Ville\" required=\"required\">\n\t\t\t\t\t\t\t\t\t\t\t<\/div>\n\t\t\t\t\t\t\t\t<div class=\"elementor-field-type-text elementor-field-group elementor-column elementor-field-group-code_postal elementor-col-30 elementor-field-required\">\n\t\t\t\t\t\t\t\t\t\t\t\t<label for=\"form-field-code_postal\" class=\"elementor-field-label\">\n\t\t\t\t\t\t\t\tCode postal\t\t\t\t\t\t\t<\/label>\n\t\t\t\t\t\t\t\t\t\t\t\t\t\t<input size=\"1\" type=\"text\" name=\"form_fields[code_postal]\" id=\"form-field-code_postal\" class=\"elementor-field elementor-size-sm  elementor-field-textual\" placeholder=\"Code postal\" required=\"required\">\n\t\t\t\t\t\t\t\t\t\t\t<\/div>\n\t\t\t\t\t\t\t\t<div class=\"elementor-field-type-text elementor-field-group elementor-column elementor-field-group-telephone elementor-col-50 elementor-field-required\">\n\t\t\t\t\t\t\t\t\t\t\t\t<label for=\"form-field-telephone\" class=\"elementor-field-label\">\n\t\t\t\t\t\t\t\tT\u00e9l\u00e9phone\t\t\t\t\t\t\t<\/label>\n\t\t\t\t\t\t\t\t\t\t\t\t\t\t<input size=\"1\" type=\"text\" name=\"form_fields[telephone]\" id=\"form-field-telephone\" class=\"elementor-field elementor-size-sm  elementor-field-textual\" placeholder=\"T\u00e9l\u00e9phone\" required=\"required\">\n\t\t\t\t\t\t\t\t\t\t\t<\/div>\n\t\t\t\t\t\t\t\t<div class=\"elementor-field-type-email elementor-field-group elementor-column elementor-field-group-courriel elementor-col-50 elementor-field-required\">\n\t\t\t\t\t\t\t\t\t\t\t\t<label for=\"form-field-courriel\" class=\"elementor-field-label\">\n\t\t\t\t\t\t\t\tCourriel\t\t\t\t\t\t\t<\/label>\n\t\t\t\t\t\t\t\t\t\t\t\t\t\t<input size=\"1\" type=\"email\" name=\"form_fields[courriel]\" id=\"form-field-courriel\" class=\"elementor-field elementor-size-sm  elementor-field-textual\" placeholder=\"Courriel\" required=\"required\">\n\t\t\t\t\t\t\t\t\t\t\t<\/div>\n\t\t\t\t\t\t\t\t<div class=\"elementor-field-type-html elementor-field-group elementor-column elementor-field-group-field_39900d4 elementor-col-100\">\n\t\t\t\t\t<h4>Conf\u00e9rence<\/h4>\t\t\t\t<\/div>\n\t\t\t\t\t\t\t\t<div class=\"elementor-field-type-text elementor-field-group elementor-column elementor-field-group-nom_de_la_conference elementor-col-50\">\n\t\t\t\t\t\t\t\t\t\t\t\t<label for=\"form-field-nom_de_la_conference\" class=\"elementor-field-label\">\n\t\t\t\t\t\t\t\tNom\t\t\t\t\t\t\t<\/label>\n\t\t\t\t\t\t\t\t\t\t\t\t\t\t<input size=\"1\" type=\"text\" name=\"form_fields[nom_de_la_conference]\" id=\"form-field-nom_de_la_conference\" class=\"elementor-field elementor-size-sm  elementor-field-textual\">\n\t\t\t\t\t\t\t\t\t\t\t<\/div>\n\t\t\t\t\t\t\t\t<div class=\"elementor-field-type-url elementor-field-group elementor-column elementor-field-group-url_de_la_conference elementor-col-50\">\n\t\t\t\t\t\t\t\t\t\t\t\t<label for=\"form-field-url_de_la_conference\" class=\"elementor-field-label\">\n\t\t\t\t\t\t\t\tURL\t\t\t\t\t\t\t<\/label>\n\t\t\t\t\t\t\t\t\t\t\t\t\t\t<input size=\"1\" type=\"url\" name=\"form_fields[url_de_la_conference]\" id=\"form-field-url_de_la_conference\" class=\"elementor-field elementor-size-sm  elementor-field-textual\">\n\t\t\t\t\t\t\t\t\t\t\t<\/div>\n\t\t\t\t\t\t\t\t<div class=\"elementor-field-type-date elementor-field-group elementor-column elementor-field-group-conference_du elementor-col-20\">\n\t\t\t\t\t\t\t\t\t\t\t\t<label for=\"form-field-conference_du\" class=\"elementor-field-label\">\n\t\t\t\t\t\t\t\tDu\t\t\t\t\t\t\t<\/label>\n\t\t\t\t\t\t\n\t\t<input type=\"date\" name=\"form_fields[conference_du]\" id=\"form-field-conference_du\" class=\"elementor-field elementor-size-sm  elementor-field-textual elementor-date-field\" placeholder=\"Du\" pattern=\"[0-9]{4}-[0-9]{2}-[0-9]{2}\">\n\t\t\t\t\t\t<\/div>\n\t\t\t\t\t\t\t\t<div class=\"elementor-field-type-date elementor-field-group elementor-column elementor-field-group-conference_a elementor-col-20\">\n\t\t\t\t\t\t\t\t\t\t\t\t<label for=\"form-field-conference_a\" class=\"elementor-field-label\">\n\t\t\t\t\t\t\t\t\u00c0\t\t\t\t\t\t\t<\/label>\n\t\t\t\t\t\t\n\t\t<input type=\"date\" name=\"form_fields[conference_a]\" id=\"form-field-conference_a\" class=\"elementor-field elementor-size-sm  elementor-field-textual elementor-date-field\" placeholder=\"\u00c0\" pattern=\"[0-9]{4}-[0-9]{2}-[0-9]{2}\">\n\t\t\t\t\t\t<\/div>\n\t\t\t\t\t\t\t\t<div class=\"elementor-field-type-text elementor-field-group elementor-column elementor-field-group-conference_lieu elementor-col-60\">\n\t\t\t\t\t\t\t\t\t\t\t\t<label for=\"form-field-conference_lieu\" class=\"elementor-field-label\">\n\t\t\t\t\t\t\t\tLieu (Ville, pays)\t\t\t\t\t\t\t<\/label>\n\t\t\t\t\t\t\t\t\t\t\t\t\t\t<input size=\"1\" type=\"text\" name=\"form_fields[conference_lieu]\" id=\"form-field-conference_lieu\" class=\"elementor-field elementor-size-sm  elementor-field-textual\" placeholder=\"Lieu (Ville, pays)\">\n\t\t\t\t\t\t\t\t\t\t\t<\/div>\n\t\t\t\t\t\t\t\t<div class=\"elementor-field-type-html elementor-field-group elementor-column elementor-field-group-field_736f298 elementor-col-100\">\n\t\t\t\t\t<h4>Article<\/h4>\t\t\t\t<\/div>\n\t\t\t\t\t\t\t\t<div class=\"elementor-field-type-text elementor-field-group elementor-column elementor-field-group-article_titre elementor-col-100\">\n\t\t\t\t\t\t\t\t\t\t\t\t<label for=\"form-field-article_titre\" class=\"elementor-field-label\">\n\t\t\t\t\t\t\t\tTitre\t\t\t\t\t\t\t<\/label>\n\t\t\t\t\t\t\t\t\t\t\t\t\t\t<input size=\"1\" type=\"text\" name=\"form_fields[article_titre]\" id=\"form-field-article_titre\" class=\"elementor-field elementor-size-sm  elementor-field-textual\" placeholder=\"Titre\">\n\t\t\t\t\t\t\t\t\t\t\t<\/div>\n\t\t\t\t\t\t\t\t<div class=\"elementor-field-type-textarea elementor-field-group elementor-column elementor-field-group-article_auteurs elementor-col-100\">\n\t\t\t\t\t\t\t\t\t\t\t\t<label for=\"form-field-article_auteurs\" class=\"elementor-field-label\">\n\t\t\t\t\t\t\t\tListe des auteurs\t\t\t\t\t\t\t<\/label>\n\t\t\t\t\t\t<textarea class=\"elementor-field-textual elementor-field  elementor-size-sm\" name=\"form_fields[article_auteurs]\" id=\"form-field-article_auteurs\" rows=\"3\" placeholder=\"Liste des auteurs\"><\/textarea>\t\t\t\t<\/div>\n\t\t\t\t\t\t\t\t<div class=\"elementor-field-type-checkbox elementor-field-group elementor-column elementor-field-group-presente_format elementor-col-100\">\n\t\t\t\t\t\t\t\t\t\t\t\t<label for=\"form-field-presente_format\" class=\"elementor-field-label\">\n\t\t\t\t\t\t\t\tSera pr\u00e9sent\u00e9 en\t\t\t\t\t\t\t<\/label>\n\t\t\t\t\t\t<div class=\"elementor-field-subgroup  \"><span class=\"elementor-field-option\"><input type=\"checkbox\" value=\"session orale\" id=\"form-field-presente_format-0\" name=\"form_fields[presente_format][]\"> <label for=\"form-field-presente_format-0\">session orale<\/label><\/span><span class=\"elementor-field-option\"><input type=\"checkbox\" value=\"session d\u2019affiche\" id=\"form-field-presente_format-1\" name=\"form_fields[presente_format][]\"> <label for=\"form-field-presente_format-1\">session d\u2019affiche<\/label><\/span><\/div>\t\t\t\t<\/div>\n\t\t\t\t\t\t\t\t<div class=\"elementor-field-type-html elementor-field-group elementor-column elementor-field-group-field_3507f2f elementor-col-100\">\n\t\t\t\t\t<h4>Conditions<\/h4>\nLe ReSMiQ doit \u00eatre mentionn\u00e9 dans l'article publi\u00e9 et lors de la pr\u00e9sentation.\nL\u2019\u00e9tudiant qui s\u2019est vu octroy\u00e9 l\u2019aide financi\u00e8re devra produire un rapport (1\/2\npage) apr\u00e8s la conf\u00e9rence accompagn\u00e9 d\u2019une preuve de la mention au ReSMiQ.\n\u00c0 d\u00e9faut de remplir ces conditions, l\u2019aide financi\u00e8re sera annul\u00e9.\t\t\t\t<\/div>\n\t\t\t\t\t\t\t\t<div class=\"elementor-field-type-html elementor-field-group elementor-column elementor-field-group-field_dd66af3 elementor-col-100\">\n\t\t\t\t\t<h4>D\u00e9claration<\/h4>\nNous d\u00e9clarons que cet \u00e9tudiant est inscrit \u00e0 temps plein \u00e0 un programme d\u2019\u00e9tudes\nsup\u00e9rieures et pr\u00e9sentera un papier accept\u00e9 en pr\u00e9sentation orale lors de la conf\u00e9rence\nmentionn\u00e9e ci-haut.\t\t\t\t<\/div>\n\t\t\t\t\t\t\t\t<div class=\"elementor-field-type-select elementor-field-group elementor-column elementor-field-group-directeur elementor-col-100\">\n\t\t\t\t\t\t\t\t\t\t\t\t<label for=\"form-field-directeur\" class=\"elementor-field-label\">\n\t\t\t\t\t\t\t\tDirecteur\t\t\t\t\t\t\t<\/label>\n\t\t\t\t\t\t\t\t<div class=\"elementor-field elementor-select-wrapper remove-before \">\n\t\t\t<div class=\"select-caret-down-wrapper\">\n\t\t\t\t<svg aria-hidden=\"true\" class=\"e-font-icon-svg e-eicon-caret-down\" viewBox=\"0 0 571.4 571.4\" xmlns=\"http:\/\/www.w3.org\/2000\/svg\"><path d=\"M571 393Q571 407 561 418L311 668Q300 679 286 679T261 668L11 418Q0 407 0 393T11 368 36 357H536Q550 357 561 368T571 393Z\"><\/path><\/svg>\t\t\t<\/div>\n\t\t\t<select name=\"form_fields[directeur]\" id=\"form-field-directeur\" class=\"elementor-field-textual elementor-size-sm\">\n\t\t\t\t\t\t\t\t\t<option value=\"[abonnes_select_field]\">    <option value=\"\">S\u00e9lectionnez le directeur de recherche<\/option>\n            <option value=\"18\">Ahmad M. Omair<\/option>\n            <option value=\"17\">Ait Mohamed Otmane<\/option>\n            <option value=\"13\">Al-Hadi Richard<\/option>\n            <option value=\"16\">Bagaa Miloud<\/option>\n            <option value=\"20\">Beltrame Giovanni<\/option>\n            <option value=\"21\">Bhadra Sharmistha<\/option>\n            <option value=\"22\">Blaqui\u00e8re Yves<\/option>\n            <option value=\"23\">Boukadoum Mounir<\/option>\n            <option value=\"25\">Cicek Paul-Vah\u00e9<\/option>\n            <option value=\"7\">Corbeil Therrien Audrey<\/option>\n            <option value=\"26\">Cowan Glenn<\/option>\n            <option value=\"27\">david Jean-Pierre<\/option>\n            <option value=\"28\">El-Gamal Muard<\/option>\n            <option value=\"29\">Fontaine Rejean<\/option>\n            <option value=\"31\">Fortier Paul<\/option>\n            <option value=\"30\">Frechette Luc g.<\/option>\n            <option value=\"32\">Gagnon Ghyslain<\/option>\n            <option value=\"64\">Giard Pascal<\/option>\n            <option value=\"34\">Gosselin Benoit<\/option>\n            <option value=\"35\">Gross Warren J.<\/option>\n            <option value=\"11\">Hassan Ahmad<\/option>\n            <option value=\"36\">Izquierdo Ricardo<\/option>\n            <option value=\"10\">Karabulut Kurt Gunes<\/option>\n            <option value=\"37\">Khazaka Roni<\/option>\n            <option value=\"8\">Lakhassassi Ahmed<\/option>\n            <option value=\"15\">Landry Ren\u00e9 Jr.<\/option>\n            <option value=\"38\">Langois Pierre<\/option>\n            <option value=\"68\">Le Beux S\u00e9bastien<\/option>\n            <option value=\"39\">Leduc-Primeau Francois<\/option>\n            <option value=\"40\">Liboiron-Ladouceur Odile<\/option>\n            <option value=\"41\">Martel Sylvain<\/option>\n            <option value=\"42\">Massicotte Daniel<\/option>\n            <option value=\"43\">Mcheick Hamid<\/option>\n            <option value=\"45\">Menard Michael<\/option>\n            <option value=\"47\">Meyer Brett<\/option>\n            <option value=\"50\">Miled Amine<\/option>\n            <option value=\"52\">Nabaki Frederic<\/option>\n            <option value=\"54\">Nicolescu Gabriela<\/option>\n            <option value=\"56\">Otis Martin<\/option>\n            <option value=\"24\">Ouameur Ahmed<\/option>\n            <option value=\"9\">Ould-Bachir Tarek<\/option>\n            <option value=\"58\">Pratte Jean-Francois<\/option>\n            <option value=\"61\">Rivaz Hassan<\/option>\n            <option value=\"12\">Roberts Gordon W.<\/option>\n            <option value=\"63\">Robichaud Alexandre<\/option>\n            <option value=\"62\">Roy S\u00e9bastien<\/option>\n            <option value=\"60\">Savaria Yvon<\/option>\n            <option value=\"59\">Shi Wei<\/option>\n            <option value=\"14\">Shih Andy<\/option>\n            <option value=\"57\">Shih Steve<\/option>\n            <option value=\"55\">Swamy Srikanta M. N.<\/option>\n            <option value=\"53\">Tahar Sofi\u00e8ne<\/option>\n            <option value=\"67\">Tar Tampion<\/option>\n            <option value=\"6\">Tetrault Marc-Andr\u00e9<\/option>\n            <option value=\"51\">Thibeault Claude<\/option>\n            <option value=\"49\">Trouillon Rapha\u00ebl<\/option>\n            <option value=\"48\">Wang Chunyan<\/option>\n            <option value=\"19\">Wessam Ajib<\/option>\n            <option value=\"46\">Zhu Wei-Ping<\/option>\n            <option value=\"5\">Zhuldybina Mariia<\/option>\n            <option value=\"44\">Zilic Zeljko<\/option>\n        <\/option>\n\t\t\t\t\t\t\t<\/select>\n\t\t<\/div>\n\t\t\t\t\t\t<\/div>\n\t\t\t\t\t\t\t\t<div class=\"elementor-field-type-select elementor-field-group elementor-column elementor-field-group-co_directeur elementor-col-100\">\n\t\t\t\t\t\t\t\t\t\t\t\t<label for=\"form-field-co_directeur\" class=\"elementor-field-label\">\n\t\t\t\t\t\t\t\tCo directeur\t\t\t\t\t\t\t<\/label>\n\t\t\t\t\t\t\t\t<div class=\"elementor-field elementor-select-wrapper remove-before \">\n\t\t\t<div class=\"select-caret-down-wrapper\">\n\t\t\t\t<svg aria-hidden=\"true\" class=\"e-font-icon-svg e-eicon-caret-down\" viewBox=\"0 0 571.4 571.4\" xmlns=\"http:\/\/www.w3.org\/2000\/svg\"><path d=\"M571 393Q571 407 561 418L311 668Q300 679 286 679T261 668L11 418Q0 407 0 393T11 368 36 357H536Q550 357 561 368T571 393Z\"><\/path><\/svg>\t\t\t<\/div>\n\t\t\t<select name=\"form_fields[co_directeur]\" id=\"form-field-co_directeur\" class=\"elementor-field-textual elementor-size-sm\">\n\t\t\t\t\t\t\t\t\t<option value=\"[abonnes_select_field]\">    <option value=\"\">S\u00e9lectionnez le directeur de recherche<\/option>\n            <option value=\"18\">Ahmad M. Omair<\/option>\n            <option value=\"17\">Ait Mohamed Otmane<\/option>\n            <option value=\"13\">Al-Hadi Richard<\/option>\n            <option value=\"16\">Bagaa Miloud<\/option>\n            <option value=\"20\">Beltrame Giovanni<\/option>\n            <option value=\"21\">Bhadra Sharmistha<\/option>\n            <option value=\"22\">Blaqui\u00e8re Yves<\/option>\n            <option value=\"23\">Boukadoum Mounir<\/option>\n            <option value=\"25\">Cicek Paul-Vah\u00e9<\/option>\n            <option value=\"7\">Corbeil Therrien Audrey<\/option>\n            <option value=\"26\">Cowan Glenn<\/option>\n            <option value=\"27\">david Jean-Pierre<\/option>\n            <option value=\"28\">El-Gamal Muard<\/option>\n            <option value=\"29\">Fontaine Rejean<\/option>\n            <option value=\"31\">Fortier Paul<\/option>\n            <option value=\"30\">Frechette Luc g.<\/option>\n            <option value=\"32\">Gagnon Ghyslain<\/option>\n            <option value=\"64\">Giard Pascal<\/option>\n            <option value=\"34\">Gosselin Benoit<\/option>\n            <option value=\"35\">Gross Warren J.<\/option>\n            <option value=\"11\">Hassan Ahmad<\/option>\n            <option value=\"36\">Izquierdo Ricardo<\/option>\n            <option value=\"10\">Karabulut Kurt Gunes<\/option>\n            <option value=\"37\">Khazaka Roni<\/option>\n            <option value=\"8\">Lakhassassi Ahmed<\/option>\n            <option value=\"15\">Landry Ren\u00e9 Jr.<\/option>\n            <option value=\"38\">Langois Pierre<\/option>\n            <option value=\"68\">Le Beux S\u00e9bastien<\/option>\n            <option value=\"39\">Leduc-Primeau Francois<\/option>\n            <option value=\"40\">Liboiron-Ladouceur Odile<\/option>\n            <option value=\"41\">Martel Sylvain<\/option>\n            <option value=\"42\">Massicotte Daniel<\/option>\n            <option value=\"43\">Mcheick Hamid<\/option>\n            <option value=\"45\">Menard Michael<\/option>\n            <option value=\"47\">Meyer Brett<\/option>\n            <option value=\"50\">Miled Amine<\/option>\n            <option value=\"52\">Nabaki Frederic<\/option>\n            <option value=\"54\">Nicolescu Gabriela<\/option>\n            <option value=\"56\">Otis Martin<\/option>\n            <option value=\"24\">Ouameur Ahmed<\/option>\n            <option value=\"9\">Ould-Bachir Tarek<\/option>\n            <option value=\"58\">Pratte Jean-Francois<\/option>\n            <option value=\"61\">Rivaz Hassan<\/option>\n            <option value=\"12\">Roberts Gordon W.<\/option>\n            <option value=\"63\">Robichaud Alexandre<\/option>\n            <option value=\"62\">Roy S\u00e9bastien<\/option>\n            <option value=\"60\">Savaria Yvon<\/option>\n            <option value=\"59\">Shi Wei<\/option>\n            <option value=\"14\">Shih Andy<\/option>\n            <option value=\"57\">Shih Steve<\/option>\n            <option value=\"55\">Swamy Srikanta M. N.<\/option>\n            <option value=\"53\">Tahar Sofi\u00e8ne<\/option>\n            <option value=\"67\">Tar Tampion<\/option>\n            <option value=\"6\">Tetrault Marc-Andr\u00e9<\/option>\n            <option value=\"51\">Thibeault Claude<\/option>\n            <option value=\"49\">Trouillon Rapha\u00ebl<\/option>\n            <option value=\"48\">Wang Chunyan<\/option>\n            <option value=\"19\">Wessam Ajib<\/option>\n            <option value=\"46\">Zhu Wei-Ping<\/option>\n            <option value=\"5\">Zhuldybina Mariia<\/option>\n            <option value=\"44\">Zilic Zeljko<\/option>\n        <\/option>\n\t\t\t\t\t\t\t<\/select>\n\t\t<\/div>\n\t\t\t\t\t\t<\/div>\n\t\t\t\t\t\t\t\t<div class=\"elementor-field-type-upload elementor-field-group elementor-column elementor-field-group-article elementor-col-100\">\n\t\t\t\t\t\t\t\t\t\t\t\t<label for=\"form-field-article\" class=\"elementor-field-label\">\n\t\t\t\t\t\t\t\tArticle\t\t\t\t\t\t\t<\/label>\n\t\t\t\t\t\t\t\t<input type=\"file\" name=\"form_fields[article]\" id=\"form-field-article\" class=\"elementor-field elementor-size-sm  elementor-upload-field\">\n\n\t\t\t\t\t\t<\/div>\n\t\t\t\t\t\t\t\t<div class=\"elementor-field-type-upload elementor-field-group elementor-column elementor-field-group-lettre_acceptation elementor-col-100\">\n\t\t\t\t\t\t\t\t\t\t\t\t<label for=\"form-field-lettre_acceptation\" class=\"elementor-field-label\">\n\t\t\t\t\t\t\t\tLettre d'acceptation\t\t\t\t\t\t\t<\/label>\n\t\t\t\t\t\t\t\t<input type=\"file\" name=\"form_fields[lettre_acceptation]\" id=\"form-field-lettre_acceptation\" class=\"elementor-field elementor-size-sm  elementor-upload-field\">\n\n\t\t\t\t\t\t<\/div>\n\t\t\t\t\t\t\t\t<div class=\"elementor-field-group elementor-column elementor-field-type-submit elementor-col-100 e-form__buttons\">\n\t\t\t\t\t<button class=\"elementor-button elementor-size-sm\" type=\"submit\">\n\t\t\t\t\t\t<span class=\"elementor-button-content-wrapper\">\n\t\t\t\t\t\t\t\t\t\t\t\t\t\t\t\t\t\t\t\t\t\t<span class=\"elementor-button-text\">Envoyer<\/span>\n\t\t\t\t\t\t\t\t\t\t\t\t\t<\/span>\n\t\t\t\t\t<\/button>\n\t\t\t\t<\/div>\n\t\t\t<\/div>\n\t\t<\/form>\n\t\t\t\t\t\t<\/div>\n\t\t\t\t<\/div>\n\t\t\t\t\t<\/div>\n\t\t\t\t<\/div>\n\t\t\t\t<\/div>\n\t\t","protected":false},"excerpt":{"rendered":"","protected":false},"author":1,"featured_media":0,"parent":3256,"menu_order":0,"comment_status":"closed","ping_status":"closed","template":"","meta":{"_acf_changed":false,"footnotes":""},"axe-et-theme":[],"sujet":[],"class_list":["post-3450","page","type-page","status-publish","hentry"],"acf":[],"_links":{"self":[{"href":"https:\/\/resmiq.org\/en\/wp-json\/wp\/v2\/pages\/3450","targetHints":{"allow":["GET"]}}],"collection":[{"href":"https:\/\/resmiq.org\/en\/wp-json\/wp\/v2\/pages"}],"about":[{"href":"https:\/\/resmiq.org\/en\/wp-json\/wp\/v2\/types\/page"}],"author":[{"embeddable":true,"href":"https:\/\/resmiq.org\/en\/wp-json\/wp\/v2\/users\/1"}],"replies":[{"embeddable":true,"href":"https:\/\/resmiq.org\/en\/wp-json\/wp\/v2\/comments?post=3450"}],"version-history":[{"count":10,"href":"https:\/\/resmiq.org\/en\/wp-json\/wp\/v2\/pages\/3450\/revisions"}],"predecessor-version":[{"id":6636,"href":"https:\/\/resmiq.org\/en\/wp-json\/wp\/v2\/pages\/3450\/revisions\/6636"}],"up":[{"embeddable":true,"href":"https:\/\/resmiq.org\/en\/wp-json\/wp\/v2\/pages\/3256"}],"wp:attachment":[{"href":"https:\/\/resmiq.org\/en\/wp-json\/wp\/v2\/media?parent=3450"}],"wp:term":[{"taxonomy":"axe-et-theme","embeddable":true,"href":"https:\/\/resmiq.org\/en\/wp-json\/wp\/v2\/axe-et-theme?post=3450"},{"taxonomy":"sujet","embeddable":true,"href":"https:\/\/resmiq.org\/en\/wp-json\/wp\/v2\/sujet?post=3450"}],"curies":[{"name":"wp","href":"https:\/\/api.w.org\/{rel}","templated":true}]}}