{"id":3588,"date":"2025-04-17T17:13:34","date_gmt":"2025-04-17T15:13:34","guid":{"rendered":"https:\/\/resmiq.org\/?page_id=3588"},"modified":"2026-02-16T23:24:44","modified_gmt":"2026-02-16T22:24:44","slug":"formulaire-concours-daffiches-scientifiques","status":"publish","type":"page","link":"https:\/\/resmiq.org\/en\/formulaires\/formulaire-concours-daffiches-scientifiques\/","title":{"rendered":"Form \u2013 Scientific Poster Competition"},"content":{"rendered":"\t\t<div data-elementor-type=\"wp-page\" data-elementor-id=\"3588\" class=\"elementor elementor-3588\" data-elementor-post-type=\"page\">\n\t\t\t\t<div class=\"elementor-element elementor-element-54faf48 e-flex e-con-boxed e-con e-parent\" data-id=\"54faf48\" data-element_type=\"container\" data-e-type=\"container\">\n\t\t\t\t\t<div class=\"e-con-inner\">\n\t\t\t\t<div class=\"elementor-element elementor-element-646122e elementor-button-align-stretch elementor-widget elementor-widget-form\" data-id=\"646122e\" data-element_type=\"widget\" data-e-type=\"widget\" data-settings=\"{&quot;step_next_label&quot;:&quot;Suivant&quot;,&quot;step_previous_label&quot;:&quot;Pr\\u00e9c\\u00e9dent&quot;,&quot;button_width&quot;:&quot;100&quot;,&quot;step_type&quot;:&quot;number_text&quot;,&quot;step_icon_shape&quot;:&quot;circle&quot;}\" data-widget_type=\"form.default\">\n\t\t\t\t<div class=\"elementor-widget-container\">\n\t\t\t\t\t\t\t<form class=\"elementor-form\" method=\"post\" id=\"application_1_er_cycle\" name=\"Concours d\u2019affiches scientifiques\" aria-label=\"Concours d\u2019affiches scientifiques\">\n\t\t\t<input type=\"hidden\" name=\"post_id\" value=\"3588\"\/>\n\t\t\t<input type=\"hidden\" name=\"form_id\" value=\"646122e\"\/>\n\t\t\t<input type=\"hidden\" name=\"referer_title\" value=\"Formulaire &#8211; Concours d\u2019affiches scientifiques\" \/>\n\n\t\t\t\t\t\t\t<input type=\"hidden\" name=\"queried_id\" value=\"3588\"\/>\n\t\t\t\n\t\t\t<div class=\"elementor-form-fields-wrapper elementor-labels-above\">\n\t\t\t\t\t\t\t\t<div class=\"elementor-field-type-text elementor-field-group elementor-column elementor-field-group-titre elementor-col-100 elementor-field-required elementor-mark-required\">\n\t\t\t\t\t\t\t\t\t\t\t\t<label for=\"form-field-titre\" class=\"elementor-field-label\">\n\t\t\t\t\t\t\t\tTitre\t\t\t\t\t\t\t<\/label>\n\t\t\t\t\t\t\t\t\t\t\t\t\t\t<input size=\"1\" type=\"text\" name=\"form_fields[titre]\" id=\"form-field-titre\" class=\"elementor-field elementor-size-sm  elementor-field-textual\" required=\"required\">\n\t\t\t\t\t\t\t\t\t\t\t<\/div>\n\t\t\t\t\t\t\t\t<div class=\"elementor-field-type-text elementor-field-group elementor-column elementor-field-group-nom elementor-col-50 elementor-field-required elementor-mark-required\">\n\t\t\t\t\t\t\t\t\t\t\t\t<label for=\"form-field-nom\" class=\"elementor-field-label\">\n\t\t\t\t\t\t\t\tNom\t\t\t\t\t\t\t<\/label>\n\t\t\t\t\t\t\t\t\t\t\t\t\t\t<input size=\"1\" type=\"text\" name=\"form_fields[nom]\" id=\"form-field-nom\" class=\"elementor-field elementor-size-sm  elementor-field-textual\" placeholder=\"Nom\" required=\"required\">\n\t\t\t\t\t\t\t\t\t\t\t<\/div>\n\t\t\t\t\t\t\t\t<div class=\"elementor-field-type-text elementor-field-group elementor-column elementor-field-group-prenom elementor-col-50 elementor-field-required elementor-mark-required\">\n\t\t\t\t\t\t\t\t\t\t\t\t<label for=\"form-field-prenom\" class=\"elementor-field-label\">\n\t\t\t\t\t\t\t\tPr\u00e9nom\t\t\t\t\t\t\t<\/label>\n\t\t\t\t\t\t\t\t\t\t\t\t\t\t<input size=\"1\" type=\"text\" name=\"form_fields[prenom]\" id=\"form-field-prenom\" class=\"elementor-field elementor-size-sm  elementor-field-textual\" placeholder=\"Pr\u00e9nom\" required=\"required\">\n\t\t\t\t\t\t\t\t\t\t\t<\/div>\n\t\t\t\t\t\t\t\t<div class=\"elementor-field-type-email elementor-field-group elementor-column elementor-field-group-courriel elementor-col-50 elementor-field-required elementor-mark-required\">\n\t\t\t\t\t\t\t\t\t\t\t\t<label for=\"form-field-courriel\" class=\"elementor-field-label\">\n\t\t\t\t\t\t\t\tCourriel\t\t\t\t\t\t\t<\/label>\n\t\t\t\t\t\t\t\t\t\t\t\t\t\t<input size=\"1\" type=\"email\" name=\"form_fields[courriel]\" id=\"form-field-courriel\" class=\"elementor-field elementor-size-sm  elementor-field-textual\" required=\"required\">\n\t\t\t\t\t\t\t\t\t\t\t<\/div>\n\t\t\t\t\t\t\t\t<div class=\"elementor-field-type-select elementor-field-group elementor-column elementor-field-group-affiliation elementor-col-50 elementor-field-required elementor-mark-required\">\n\t\t\t\t\t\t\t\t\t\t\t\t<label for=\"form-field-affiliation\" class=\"elementor-field-label\">\n\t\t\t\t\t\t\t\tUniversit\u00e9 fr\u00e9quent\u00e9e\t\t\t\t\t\t\t<\/label>\n\t\t\t\t\t\t\t\t<div class=\"elementor-field elementor-select-wrapper remove-before \">\n\t\t\t<div class=\"select-caret-down-wrapper\">\n\t\t\t\t<svg aria-hidden=\"true\" class=\"e-font-icon-svg e-eicon-caret-down\" viewBox=\"0 0 571.4 571.4\" xmlns=\"http:\/\/www.w3.org\/2000\/svg\"><path d=\"M571 393Q571 407 561 418L311 668Q300 679 286 679T261 668L11 418Q0 407 0 393T11 368 36 357H536Q550 357 561 368T571 393Z\"><\/path><\/svg>\t\t\t<\/div>\n\t\t\t<select name=\"form_fields[affiliation]\" id=\"form-field-affiliation\" class=\"elementor-field-textual elementor-size-sm\" required=\"required\">\n\t\t\t\t\t\t\t\t\t<option value=\"S\u00e9lectionnez une institution[institutions_avec_nom_select_field]\">S\u00e9lectionnez une institution<option value=\"Universit\u00e9 de Sherbrooke\">Universit\u00e9 de Sherbrooke<\/option><option value=\"Universit\u00e9 Concordia\">Universit\u00e9 Concordia<\/option><option value=\"Polytechnique Montr\u00e9al\">Polytechnique Montr\u00e9al<\/option><option value=\"\u00c9cole de technologie sup\u00e9rieure\">\u00c9cole de technologie sup\u00e9rieure<\/option><option value=\"Universit\u00e9 McGill\">Universit\u00e9 McGill<\/option><option value=\"Universit\u00e9 du Qu\u00e9bec \u00e0 Montr\u00e9al\">Universit\u00e9 du Qu\u00e9bec \u00e0 Montr\u00e9al<\/option><option value=\"Universit\u00e9 du Qu\u00e9bec \u00e0 Trois-Rivi\u00e8res\">Universit\u00e9 du Qu\u00e9bec \u00e0 Trois-Rivi\u00e8res<\/option><option value=\"Universit\u00e9 Laval\">Universit\u00e9 Laval<\/option><option value=\"Universit\u00e9 du Qu\u00e9bec en Outaouais\">Universit\u00e9 du Qu\u00e9bec en Outaouais<\/option><option value=\"Universit\u00e9 du Qu\u00e9bec \u00e0 Chicoutimi\">Universit\u00e9 du Qu\u00e9bec \u00e0 Chicoutimi<\/option><\/option>\n\t\t\t\t\t\t\t<\/select>\n\t\t<\/div>\n\t\t\t\t\t\t<\/div>\n\t\t\t\t\t\t\t\t<div class=\"elementor-field-type-html elementor-field-group elementor-column elementor-field-group-field_3cd5dcc elementor-col-100\">\n\t\t\t\t\t<h4>Liste des auteurs<\/h4>\t\t\t\t<\/div>\n\t\t\t\t\t\t\t\t<div class=\"elementor-field-type-text elementor-field-group elementor-column elementor-field-group-prenom_2 elementor-col-33\">\n\t\t\t\t\t\t\t\t\t\t\t\t<label for=\"form-field-prenom_2\" class=\"elementor-field-label\">\n\t\t\t\t\t\t\t\tPr\u00e9nom\t\t\t\t\t\t\t<\/label>\n\t\t\t\t\t\t\t\t\t\t\t\t\t\t<input size=\"1\" type=\"text\" name=\"form_fields[prenom_2]\" id=\"form-field-prenom_2\" class=\"elementor-field elementor-size-sm  elementor-field-textual\" placeholder=\"Pr\u00e9nom\">\n\t\t\t\t\t\t\t\t\t\t\t<\/div>\n\t\t\t\t\t\t\t\t<div class=\"elementor-field-type-text elementor-field-group elementor-column elementor-field-group-nom_2 elementor-col-33\">\n\t\t\t\t\t\t\t\t\t\t\t\t<label for=\"form-field-nom_2\" class=\"elementor-field-label\">\n\t\t\t\t\t\t\t\tNom\t\t\t\t\t\t\t<\/label>\n\t\t\t\t\t\t\t\t\t\t\t\t\t\t<input size=\"1\" type=\"text\" name=\"form_fields[nom_2]\" id=\"form-field-nom_2\" class=\"elementor-field elementor-size-sm  elementor-field-textual\" placeholder=\"Nom\">\n\t\t\t\t\t\t\t\t\t\t\t<\/div>\n\t\t\t\t\t\t\t\t<div class=\"elementor-field-type-select elementor-field-group elementor-column elementor-field-group-affiliation_2 elementor-col-33\">\n\t\t\t\t\t\t\t\t\t\t\t\t<label for=\"form-field-affiliation_2\" class=\"elementor-field-label\">\n\t\t\t\t\t\t\t\tAffiliation\t\t\t\t\t\t\t<\/label>\n\t\t\t\t\t\t\t\t<div class=\"elementor-field elementor-select-wrapper remove-before \">\n\t\t\t<div class=\"select-caret-down-wrapper\">\n\t\t\t\t<svg aria-hidden=\"true\" class=\"e-font-icon-svg e-eicon-caret-down\" viewBox=\"0 0 571.4 571.4\" xmlns=\"http:\/\/www.w3.org\/2000\/svg\"><path d=\"M571 393Q571 407 561 418L311 668Q300 679 286 679T261 668L11 418Q0 407 0 393T11 368 36 357H536Q550 357 561 368T571 393Z\"><\/path><\/svg>\t\t\t<\/div>\n\t\t\t<select name=\"form_fields[affiliation_2]\" id=\"form-field-affiliation_2\" class=\"elementor-field-textual elementor-size-sm\">\n\t\t\t\t\t\t\t\t\t<option value=\"S\u00e9lectionnez une institution[institutions_avec_nom_select_field]\">S\u00e9lectionnez une institution<option value=\"Universit\u00e9 de Sherbrooke\">Universit\u00e9 de Sherbrooke<\/option><option value=\"Universit\u00e9 Concordia\">Universit\u00e9 Concordia<\/option><option value=\"Polytechnique Montr\u00e9al\">Polytechnique Montr\u00e9al<\/option><option value=\"\u00c9cole de technologie sup\u00e9rieure\">\u00c9cole de technologie sup\u00e9rieure<\/option><option value=\"Universit\u00e9 McGill\">Universit\u00e9 McGill<\/option><option value=\"Universit\u00e9 du Qu\u00e9bec \u00e0 Montr\u00e9al\">Universit\u00e9 du Qu\u00e9bec \u00e0 Montr\u00e9al<\/option><option value=\"Universit\u00e9 du Qu\u00e9bec \u00e0 Trois-Rivi\u00e8res\">Universit\u00e9 du Qu\u00e9bec \u00e0 Trois-Rivi\u00e8res<\/option><option value=\"Universit\u00e9 Laval\">Universit\u00e9 Laval<\/option><option value=\"Universit\u00e9 du Qu\u00e9bec en Outaouais\">Universit\u00e9 du Qu\u00e9bec en Outaouais<\/option><option value=\"Universit\u00e9 du Qu\u00e9bec \u00e0 Chicoutimi\">Universit\u00e9 du Qu\u00e9bec \u00e0 Chicoutimi<\/option><\/option>\n\t\t\t\t\t\t\t<\/select>\n\t\t<\/div>\n\t\t\t\t\t\t<\/div>\n\t\t\t\t\t\t\t\t<div class=\"elementor-field-type-text elementor-field-group elementor-column elementor-field-group-prenom_3 elementor-col-33\">\n\t\t\t\t\t\t\t\t\t\t\t\t\t<input size=\"1\" type=\"text\" name=\"form_fields[prenom_3]\" id=\"form-field-prenom_3\" class=\"elementor-field elementor-size-sm  elementor-field-textual\" placeholder=\"Pr\u00e9nom\">\n\t\t\t\t\t\t\t\t\t\t\t<\/div>\n\t\t\t\t\t\t\t\t<div class=\"elementor-field-type-text elementor-field-group elementor-column elementor-field-group-nom_3 elementor-col-33\">\n\t\t\t\t\t\t\t\t\t\t\t\t\t<input size=\"1\" type=\"text\" name=\"form_fields[nom_3]\" id=\"form-field-nom_3\" class=\"elementor-field elementor-size-sm  elementor-field-textual\" placeholder=\"Nom\">\n\t\t\t\t\t\t\t\t\t\t\t<\/div>\n\t\t\t\t\t\t\t\t<div class=\"elementor-field-type-select elementor-field-group elementor-column elementor-field-group-affiliation_3 elementor-col-33\">\n\t\t\t\t\t\t\t<div class=\"elementor-field elementor-select-wrapper remove-before \">\n\t\t\t<div class=\"select-caret-down-wrapper\">\n\t\t\t\t<svg aria-hidden=\"true\" class=\"e-font-icon-svg e-eicon-caret-down\" viewBox=\"0 0 571.4 571.4\" xmlns=\"http:\/\/www.w3.org\/2000\/svg\"><path d=\"M571 393Q571 407 561 418L311 668Q300 679 286 679T261 668L11 418Q0 407 0 393T11 368 36 357H536Q550 357 561 368T571 393Z\"><\/path><\/svg>\t\t\t<\/div>\n\t\t\t<select name=\"form_fields[affiliation_3]\" id=\"form-field-affiliation_3\" class=\"elementor-field-textual elementor-size-sm\">\n\t\t\t\t\t\t\t\t\t<option value=\"S\u00e9lectionnez une institution[institutions_avec_nom_select_field]\">S\u00e9lectionnez une institution<option value=\"Universit\u00e9 de Sherbrooke\">Universit\u00e9 de Sherbrooke<\/option><option value=\"Universit\u00e9 Concordia\">Universit\u00e9 Concordia<\/option><option value=\"Polytechnique Montr\u00e9al\">Polytechnique Montr\u00e9al<\/option><option value=\"\u00c9cole de technologie sup\u00e9rieure\">\u00c9cole de technologie sup\u00e9rieure<\/option><option value=\"Universit\u00e9 McGill\">Universit\u00e9 McGill<\/option><option value=\"Universit\u00e9 du Qu\u00e9bec \u00e0 Montr\u00e9al\">Universit\u00e9 du Qu\u00e9bec \u00e0 Montr\u00e9al<\/option><option value=\"Universit\u00e9 du Qu\u00e9bec \u00e0 Trois-Rivi\u00e8res\">Universit\u00e9 du Qu\u00e9bec \u00e0 Trois-Rivi\u00e8res<\/option><option value=\"Universit\u00e9 Laval\">Universit\u00e9 Laval<\/option><option value=\"Universit\u00e9 du Qu\u00e9bec en Outaouais\">Universit\u00e9 du Qu\u00e9bec en Outaouais<\/option><option value=\"Universit\u00e9 du Qu\u00e9bec \u00e0 Chicoutimi\">Universit\u00e9 du Qu\u00e9bec \u00e0 Chicoutimi<\/option><\/option>\n\t\t\t\t\t\t\t<\/select>\n\t\t<\/div>\n\t\t\t\t\t\t<\/div>\n\t\t\t\t\t\t\t\t<div class=\"elementor-field-type-text elementor-field-group elementor-column elementor-field-group-prenom_4 elementor-col-33\">\n\t\t\t\t\t\t\t\t\t\t\t\t\t<input size=\"1\" type=\"text\" name=\"form_fields[prenom_4]\" id=\"form-field-prenom_4\" class=\"elementor-field elementor-size-sm  elementor-field-textual\" placeholder=\"Pr\u00e9nom\">\n\t\t\t\t\t\t\t\t\t\t\t<\/div>\n\t\t\t\t\t\t\t\t<div class=\"elementor-field-type-text elementor-field-group elementor-column elementor-field-group-nom_4 elementor-col-33\">\n\t\t\t\t\t\t\t\t\t\t\t\t\t<input size=\"1\" type=\"text\" name=\"form_fields[nom_4]\" id=\"form-field-nom_4\" class=\"elementor-field elementor-size-sm  elementor-field-textual\" placeholder=\"Nom\">\n\t\t\t\t\t\t\t\t\t\t\t<\/div>\n\t\t\t\t\t\t\t\t<div class=\"elementor-field-type-select elementor-field-group elementor-column elementor-field-group-affiliation_4 elementor-col-33\">\n\t\t\t\t\t\t\t<div class=\"elementor-field elementor-select-wrapper remove-before \">\n\t\t\t<div class=\"select-caret-down-wrapper\">\n\t\t\t\t<svg aria-hidden=\"true\" class=\"e-font-icon-svg e-eicon-caret-down\" viewBox=\"0 0 571.4 571.4\" xmlns=\"http:\/\/www.w3.org\/2000\/svg\"><path d=\"M571 393Q571 407 561 418L311 668Q300 679 286 679T261 668L11 418Q0 407 0 393T11 368 36 357H536Q550 357 561 368T571 393Z\"><\/path><\/svg>\t\t\t<\/div>\n\t\t\t<select name=\"form_fields[affiliation_4]\" id=\"form-field-affiliation_4\" class=\"elementor-field-textual elementor-size-sm\">\n\t\t\t\t\t\t\t\t\t<option value=\"S\u00e9lectionnez une institution[institutions_avec_nom_select_field]\">S\u00e9lectionnez une institution<option value=\"Universit\u00e9 de Sherbrooke\">Universit\u00e9 de Sherbrooke<\/option><option value=\"Universit\u00e9 Concordia\">Universit\u00e9 Concordia<\/option><option value=\"Polytechnique Montr\u00e9al\">Polytechnique Montr\u00e9al<\/option><option value=\"\u00c9cole de technologie sup\u00e9rieure\">\u00c9cole de technologie sup\u00e9rieure<\/option><option value=\"Universit\u00e9 McGill\">Universit\u00e9 McGill<\/option><option value=\"Universit\u00e9 du Qu\u00e9bec \u00e0 Montr\u00e9al\">Universit\u00e9 du Qu\u00e9bec \u00e0 Montr\u00e9al<\/option><option value=\"Universit\u00e9 du Qu\u00e9bec \u00e0 Trois-Rivi\u00e8res\">Universit\u00e9 du Qu\u00e9bec \u00e0 Trois-Rivi\u00e8res<\/option><option value=\"Universit\u00e9 Laval\">Universit\u00e9 Laval<\/option><option value=\"Universit\u00e9 du Qu\u00e9bec en Outaouais\">Universit\u00e9 du Qu\u00e9bec en Outaouais<\/option><option value=\"Universit\u00e9 du Qu\u00e9bec \u00e0 Chicoutimi\">Universit\u00e9 du Qu\u00e9bec \u00e0 Chicoutimi<\/option><\/option>\n\t\t\t\t\t\t\t<\/select>\n\t\t<\/div>\n\t\t\t\t\t\t<\/div>\n\t\t\t\t\t\t\t\t<div class=\"elementor-field-type-text elementor-field-group elementor-column elementor-field-group-prenom_5 elementor-col-33\">\n\t\t\t\t\t\t\t\t\t\t\t\t\t<input size=\"1\" type=\"text\" name=\"form_fields[prenom_5]\" id=\"form-field-prenom_5\" class=\"elementor-field elementor-size-sm  elementor-field-textual\" placeholder=\"Pr\u00e9nom\">\n\t\t\t\t\t\t\t\t\t\t\t<\/div>\n\t\t\t\t\t\t\t\t<div class=\"elementor-field-type-text elementor-field-group elementor-column elementor-field-group-nom_5 elementor-col-33\">\n\t\t\t\t\t\t\t\t\t\t\t\t\t<input size=\"1\" type=\"text\" name=\"form_fields[nom_5]\" id=\"form-field-nom_5\" class=\"elementor-field elementor-size-sm  elementor-field-textual\" placeholder=\"Nom\">\n\t\t\t\t\t\t\t\t\t\t\t<\/div>\n\t\t\t\t\t\t\t\t<div class=\"elementor-field-type-select elementor-field-group elementor-column elementor-field-group-affiliation_5 elementor-col-33\">\n\t\t\t\t\t\t\t<div class=\"elementor-field elementor-select-wrapper remove-before \">\n\t\t\t<div class=\"select-caret-down-wrapper\">\n\t\t\t\t<svg aria-hidden=\"true\" class=\"e-font-icon-svg e-eicon-caret-down\" viewBox=\"0 0 571.4 571.4\" xmlns=\"http:\/\/www.w3.org\/2000\/svg\"><path d=\"M571 393Q571 407 561 418L311 668Q300 679 286 679T261 668L11 418Q0 407 0 393T11 368 36 357H536Q550 357 561 368T571 393Z\"><\/path><\/svg>\t\t\t<\/div>\n\t\t\t<select name=\"form_fields[affiliation_5]\" id=\"form-field-affiliation_5\" class=\"elementor-field-textual elementor-size-sm\">\n\t\t\t\t\t\t\t\t\t<option value=\"S\u00e9lectionnez une institution[institutions_avec_nom_select_field]\">S\u00e9lectionnez une institution<option value=\"Universit\u00e9 de Sherbrooke\">Universit\u00e9 de Sherbrooke<\/option><option value=\"Universit\u00e9 Concordia\">Universit\u00e9 Concordia<\/option><option value=\"Polytechnique Montr\u00e9al\">Polytechnique Montr\u00e9al<\/option><option value=\"\u00c9cole de technologie sup\u00e9rieure\">\u00c9cole de technologie sup\u00e9rieure<\/option><option value=\"Universit\u00e9 McGill\">Universit\u00e9 McGill<\/option><option value=\"Universit\u00e9 du Qu\u00e9bec \u00e0 Montr\u00e9al\">Universit\u00e9 du Qu\u00e9bec \u00e0 Montr\u00e9al<\/option><option value=\"Universit\u00e9 du Qu\u00e9bec \u00e0 Trois-Rivi\u00e8res\">Universit\u00e9 du Qu\u00e9bec \u00e0 Trois-Rivi\u00e8res<\/option><option value=\"Universit\u00e9 Laval\">Universit\u00e9 Laval<\/option><option value=\"Universit\u00e9 du Qu\u00e9bec en Outaouais\">Universit\u00e9 du Qu\u00e9bec en Outaouais<\/option><option value=\"Universit\u00e9 du Qu\u00e9bec \u00e0 Chicoutimi\">Universit\u00e9 du Qu\u00e9bec \u00e0 Chicoutimi<\/option><\/option>\n\t\t\t\t\t\t\t<\/select>\n\t\t<\/div>\n\t\t\t\t\t\t<\/div>\n\t\t\t\t\t\t\t\t<div class=\"elementor-field-type-text elementor-field-group elementor-column elementor-field-group-prenom_6 elementor-col-33\">\n\t\t\t\t\t\t\t\t\t\t\t\t\t<input size=\"1\" type=\"text\" name=\"form_fields[prenom_6]\" id=\"form-field-prenom_6\" class=\"elementor-field elementor-size-sm  elementor-field-textual\" placeholder=\"Pr\u00e9nom\">\n\t\t\t\t\t\t\t\t\t\t\t<\/div>\n\t\t\t\t\t\t\t\t<div class=\"elementor-field-type-text elementor-field-group elementor-column elementor-field-group-nom_6 elementor-col-33\">\n\t\t\t\t\t\t\t\t\t\t\t\t\t<input size=\"1\" type=\"text\" name=\"form_fields[nom_6]\" id=\"form-field-nom_6\" class=\"elementor-field elementor-size-sm  elementor-field-textual\" placeholder=\"Nom\">\n\t\t\t\t\t\t\t\t\t\t\t<\/div>\n\t\t\t\t\t\t\t\t<div class=\"elementor-field-type-select elementor-field-group elementor-column elementor-field-group-affiliation_6 elementor-col-33\">\n\t\t\t\t\t\t\t<div class=\"elementor-field elementor-select-wrapper remove-before \">\n\t\t\t<div class=\"select-caret-down-wrapper\">\n\t\t\t\t<svg aria-hidden=\"true\" class=\"e-font-icon-svg e-eicon-caret-down\" viewBox=\"0 0 571.4 571.4\" xmlns=\"http:\/\/www.w3.org\/2000\/svg\"><path d=\"M571 393Q571 407 561 418L311 668Q300 679 286 679T261 668L11 418Q0 407 0 393T11 368 36 357H536Q550 357 561 368T571 393Z\"><\/path><\/svg>\t\t\t<\/div>\n\t\t\t<select name=\"form_fields[affiliation_6]\" id=\"form-field-affiliation_6\" class=\"elementor-field-textual elementor-size-sm\">\n\t\t\t\t\t\t\t\t\t<option value=\"S\u00e9lectionnez une institution[institutions_avec_nom_select_field]\">S\u00e9lectionnez une institution<option value=\"Universit\u00e9 de Sherbrooke\">Universit\u00e9 de Sherbrooke<\/option><option value=\"Universit\u00e9 Concordia\">Universit\u00e9 Concordia<\/option><option value=\"Polytechnique Montr\u00e9al\">Polytechnique Montr\u00e9al<\/option><option value=\"\u00c9cole de technologie sup\u00e9rieure\">\u00c9cole de technologie sup\u00e9rieure<\/option><option value=\"Universit\u00e9 McGill\">Universit\u00e9 McGill<\/option><option value=\"Universit\u00e9 du Qu\u00e9bec \u00e0 Montr\u00e9al\">Universit\u00e9 du Qu\u00e9bec \u00e0 Montr\u00e9al<\/option><option value=\"Universit\u00e9 du Qu\u00e9bec \u00e0 Trois-Rivi\u00e8res\">Universit\u00e9 du Qu\u00e9bec \u00e0 Trois-Rivi\u00e8res<\/option><option value=\"Universit\u00e9 Laval\">Universit\u00e9 Laval<\/option><option value=\"Universit\u00e9 du Qu\u00e9bec en Outaouais\">Universit\u00e9 du Qu\u00e9bec en Outaouais<\/option><option value=\"Universit\u00e9 du Qu\u00e9bec \u00e0 Chicoutimi\">Universit\u00e9 du Qu\u00e9bec \u00e0 Chicoutimi<\/option><\/option>\n\t\t\t\t\t\t\t<\/select>\n\t\t<\/div>\n\t\t\t\t\t\t<\/div>\n\t\t\t\t\t\t\t\t<div class=\"elementor-field-type-textarea elementor-field-group elementor-column elementor-field-group-abstract elementor-col-100 elementor-field-required elementor-mark-required\">\n\t\t\t\t\t\t\t\t\t\t\t\t<label for=\"form-field-abstract\" class=\"elementor-field-label\">\n\t\t\t\t\t\t\t\tAbstract\t\t\t\t\t\t\t<\/label>\n\t\t\t\t\t\t<textarea class=\"elementor-field-textual elementor-field  elementor-size-sm\" name=\"form_fields[abstract]\" id=\"form-field-abstract\" rows=\"6\" placeholder=\"Maximum de 1500 caract\u00e8res incluant les espaces\" required=\"required\"><\/textarea>\t\t\t\t<\/div>\n\t\t\t\t\t\t\t\t<div class=\"elementor-field-type-textarea elementor-field-group elementor-column elementor-field-group-mots_cles elementor-col-100\">\n\t\t\t\t\t\t\t\t\t\t\t\t<label for=\"form-field-mots_cles\" class=\"elementor-field-label\">\n\t\t\t\t\t\t\t\tMots cl\u00e9s\t\t\t\t\t\t\t<\/label>\n\t\t\t\t\t\t<textarea class=\"elementor-field-textual elementor-field  elementor-size-sm\" name=\"form_fields[mots_cles]\" id=\"form-field-mots_cles\" rows=\"6\" placeholder=\"Mots cl\u00e9s 1.2.3.4.5\"><\/textarea>\t\t\t\t<\/div>\n\t\t\t\t\t\t\t\t<div class=\"elementor-field-group elementor-column elementor-field-type-submit elementor-col-100 e-form__buttons\">\n\t\t\t\t\t<button class=\"elementor-button elementor-size-sm\" type=\"submit\">\n\t\t\t\t\t\t<span class=\"elementor-button-content-wrapper\">\n\t\t\t\t\t\t\t\t\t\t\t\t\t\t\t\t\t\t\t\t\t\t<span class=\"elementor-button-text\">Envoyer<\/span>\n\t\t\t\t\t\t\t\t\t\t\t\t\t<\/span>\n\t\t\t\t\t<\/button>\n\t\t\t\t<\/div>\n\t\t\t<\/div>\n\t\t<\/form>\n\t\t\t\t\t\t<\/div>\n\t\t\t\t<\/div>\n\t\t\t\t\t<\/div>\n\t\t\t\t<\/div>\n\t\t\t\t<\/div>\n\t\t","protected":false},"excerpt":{"rendered":"","protected":false},"author":1,"featured_media":0,"parent":3256,"menu_order":0,"comment_status":"closed","ping_status":"closed","template":"","meta":{"_acf_changed":false,"footnotes":""},"axe-et-theme":[],"sujet":[],"class_list":["post-3588","page","type-page","status-publish","hentry"],"acf":[],"_links":{"self":[{"href":"https:\/\/resmiq.org\/en\/wp-json\/wp\/v2\/pages\/3588","targetHints":{"allow":["GET"]}}],"collection":[{"href":"https:\/\/resmiq.org\/en\/wp-json\/wp\/v2\/pages"}],"about":[{"href":"https:\/\/resmiq.org\/en\/wp-json\/wp\/v2\/types\/page"}],"author":[{"embeddable":true,"href":"https:\/\/resmiq.org\/en\/wp-json\/wp\/v2\/users\/1"}],"replies":[{"embeddable":true,"href":"https:\/\/resmiq.org\/en\/wp-json\/wp\/v2\/comments?post=3588"}],"version-history":[{"count":88,"href":"https:\/\/resmiq.org\/en\/wp-json\/wp\/v2\/pages\/3588\/revisions"}],"predecessor-version":[{"id":7751,"href":"https:\/\/resmiq.org\/en\/wp-json\/wp\/v2\/pages\/3588\/revisions\/7751"}],"up":[{"embeddable":true,"href":"https:\/\/resmiq.org\/en\/wp-json\/wp\/v2\/pages\/3256"}],"wp:attachment":[{"href":"https:\/\/resmiq.org\/en\/wp-json\/wp\/v2\/media?parent=3588"}],"wp:term":[{"taxonomy":"axe-et-theme","embeddable":true,"href":"https:\/\/resmiq.org\/en\/wp-json\/wp\/v2\/axe-et-theme?post=3588"},{"taxonomy":"sujet","embeddable":true,"href":"https:\/\/resmiq.org\/en\/wp-json\/wp\/v2\/sujet?post=3588"}],"curies":[{"name":"wp","href":"https:\/\/api.w.org\/{rel}","templated":true}]}}