{"id":7572,"date":"2026-01-27T17:48:43","date_gmt":"2026-01-27T16:48:43","guid":{"rendered":"https:\/\/resmiq.org\/?page_id=7572"},"modified":"2026-02-26T18:39:21","modified_gmt":"2026-02-26T17:39:21","slug":"projet-en-demonstration","status":"publish","type":"page","link":"https:\/\/resmiq.org\/en\/formulaires\/projet-en-demonstration\/","title":{"rendered":"Form \u2013 Demonstration Project"},"content":{"rendered":"\t\t<div data-elementor-type=\"wp-page\" data-elementor-id=\"7572\" class=\"elementor elementor-7572\" data-elementor-post-type=\"page\">\n\t\t\t\t<div class=\"elementor-element elementor-element-3c38bbb e-flex e-con-boxed e-con e-parent\" data-id=\"3c38bbb\" data-element_type=\"container\" data-e-type=\"container\">\n\t\t\t\t\t<div class=\"e-con-inner\">\n\t\t\t\t<div class=\"elementor-element elementor-element-4e5039d elementor-button-align-start elementor-widget elementor-widget-form\" data-id=\"4e5039d\" data-element_type=\"widget\" data-e-type=\"widget\" data-settings=\"{&quot;step_next_label&quot;:&quot;Suivant&quot;,&quot;step_previous_label&quot;:&quot;Pr\\u00e9c\\u00e9dent&quot;,&quot;button_width&quot;:&quot;100&quot;,&quot;step_type&quot;:&quot;number_text&quot;,&quot;step_icon_shape&quot;:&quot;circle&quot;}\" data-widget_type=\"form.default\">\n\t\t\t\t<div class=\"elementor-widget-container\">\n\t\t\t\t\t\t\t<form class=\"elementor-form\" method=\"post\" id=\"application_1_er_cycle\" name=\"Concours d\u2019affiches scientifiques\" aria-label=\"Concours d\u2019affiches scientifiques\">\n\t\t\t<input type=\"hidden\" name=\"post_id\" value=\"7572\"\/>\n\t\t\t<input type=\"hidden\" name=\"form_id\" value=\"4e5039d\"\/>\n\t\t\t<input type=\"hidden\" name=\"referer_title\" value=\"Formulaire &#8211; Projet en d\u00e9monstration\" \/>\n\n\t\t\t\t\t\t\t<input type=\"hidden\" name=\"queried_id\" value=\"7572\"\/>\n\t\t\t\n\t\t\t<div class=\"elementor-form-fields-wrapper elementor-labels-above\">\n\t\t\t\t\t\t\t\t<div class=\"elementor-field-type-radio elementor-field-group elementor-column elementor-field-group-titre elementor-col-100 elementor-field-required elementor-mark-required\">\n\t\t\t\t\t\t\t\t\t\t\t\t<label for=\"form-field-titre\" class=\"elementor-field-label\">\n\t\t\t\t\t\t\t\tNiveau de concours\t\t\t\t\t\t\t<\/label>\n\t\t\t\t\t\t<div class=\"elementor-field-subgroup  elementor-subgroup-inline\"><span class=\"elementor-field-option\"><input type=\"radio\" value=\"Niveau 1 (Coll\u00e9gial &amp; B.Sc.)\" id=\"form-field-titre-0\" name=\"form_fields[titre]\" required=\"required\"> <label for=\"form-field-titre-0\">Niveau 1 (Coll\u00e9gial & B.Sc.)<\/label><\/span><span class=\"elementor-field-option\"><input type=\"radio\" value=\"Niveau 2 (M.Sc. &amp; Ph.D.)\" id=\"form-field-titre-1\" name=\"form_fields[titre]\" required=\"required\"> <label for=\"form-field-titre-1\">Niveau 2 (M.Sc. & Ph.D.)<\/label><\/span><\/div>\t\t\t\t<\/div>\n\t\t\t\t\t\t\t\t<div class=\"elementor-field-type-html elementor-field-group elementor-column elementor-field-group-field_1c59235 elementor-col-100\">\n\t\t\t\t\t<h4>Candidat<\/h4>\t\t\t\t<\/div>\n\t\t\t\t\t\t\t\t<div class=\"elementor-field-type-text elementor-field-group elementor-column elementor-field-group-nom elementor-col-50 elementor-field-required elementor-mark-required\">\n\t\t\t\t\t\t\t\t\t\t\t\t<label for=\"form-field-nom\" class=\"elementor-field-label\">\n\t\t\t\t\t\t\t\tNom\t\t\t\t\t\t\t<\/label>\n\t\t\t\t\t\t\t\t\t\t\t\t\t\t<input size=\"1\" type=\"text\" name=\"form_fields[nom]\" id=\"form-field-nom\" class=\"elementor-field elementor-size-sm  elementor-field-textual\" placeholder=\"Nom\" required=\"required\">\n\t\t\t\t\t\t\t\t\t\t\t<\/div>\n\t\t\t\t\t\t\t\t<div class=\"elementor-field-type-text elementor-field-group elementor-column elementor-field-group-prenom elementor-col-50 elementor-field-required elementor-mark-required\">\n\t\t\t\t\t\t\t\t\t\t\t\t<label for=\"form-field-prenom\" class=\"elementor-field-label\">\n\t\t\t\t\t\t\t\tPr\u00e9nom\t\t\t\t\t\t\t<\/label>\n\t\t\t\t\t\t\t\t\t\t\t\t\t\t<input size=\"1\" type=\"text\" name=\"form_fields[prenom]\" id=\"form-field-prenom\" class=\"elementor-field elementor-size-sm  elementor-field-textual\" placeholder=\"Pr\u00e9nom\" required=\"required\">\n\t\t\t\t\t\t\t\t\t\t\t<\/div>\n\t\t\t\t\t\t\t\t<div class=\"elementor-field-type-email elementor-field-group elementor-column elementor-field-group-courriel elementor-col-50 elementor-field-required elementor-mark-required\">\n\t\t\t\t\t\t\t\t\t\t\t\t<label for=\"form-field-courriel\" class=\"elementor-field-label\">\n\t\t\t\t\t\t\t\tCourrier \u00e9lectronique\t\t\t\t\t\t\t<\/label>\n\t\t\t\t\t\t\t\t\t\t\t\t\t\t<input size=\"1\" type=\"email\" name=\"form_fields[courriel]\" id=\"form-field-courriel\" class=\"elementor-field elementor-size-sm  elementor-field-textual\" required=\"required\">\n\t\t\t\t\t\t\t\t\t\t\t<\/div>\n\t\t\t\t\t\t\t\t<div class=\"elementor-field-type-html elementor-field-group elementor-column elementor-field-group-field_9857340 elementor-col-100\">\n\t\t\t\t\t<h4>Profil acad\u00e9mique<\/h4>\t\t\t\t<\/div>\n\t\t\t\t\t\t\t\t<div class=\"elementor-field-type-date elementor-field-group elementor-column elementor-field-group-field_8628db1 elementor-col-20 elementor-field-required elementor-mark-required\">\n\t\t\t\t\t\t\t\t\t\t\t\t<label for=\"form-field-field_8628db1\" class=\"elementor-field-label\">\n\t\t\t\t\t\t\t\tDate de d\u00e9but du programme actuel\t\t\t\t\t\t\t<\/label>\n\t\t\t\t\t\t\n\t\t<input type=\"date\" name=\"form_fields[field_8628db1]\" id=\"form-field-field_8628db1\" class=\"elementor-field elementor-size-sm  elementor-field-textual elementor-date-field\" required=\"required\" pattern=\"[0-9]{4}-[0-9]{2}-[0-9]{2}\">\n\t\t\t\t\t\t<\/div>\n\t\t\t\t\t\t\t\t<div class=\"elementor-field-type-date elementor-field-group elementor-column elementor-field-group-field_1c30744 elementor-col-20 elementor-field-required elementor-mark-required\">\n\t\t\t\t\t\t\t\t\t\t\t\t<label for=\"form-field-field_1c30744\" class=\"elementor-field-label\">\n\t\t\t\t\t\t\t\tDate de fin pr\u00e9vue du programme actuel\t\t\t\t\t\t\t<\/label>\n\t\t\t\t\t\t\n\t\t<input type=\"date\" name=\"form_fields[field_1c30744]\" id=\"form-field-field_1c30744\" class=\"elementor-field elementor-size-sm  elementor-field-textual elementor-date-field\" required=\"required\" pattern=\"[0-9]{4}-[0-9]{2}-[0-9]{2}\">\n\t\t\t\t\t\t<\/div>\n\t\t\t\t\t\t\t\t<div class=\"elementor-field-type-radio elementor-field-group elementor-column elementor-field-group-field_8c0abb7 elementor-col-100 elementor-field-required elementor-mark-required\">\n\t\t\t\t\t\t\t\t\t\t\t\t<label for=\"form-field-field_8c0abb7\" class=\"elementor-field-label\">\n\t\t\t\t\t\t\t\tDipl\u00f4me postul\u00e9\t\t\t\t\t\t\t<\/label>\n\t\t\t\t\t\t<div class=\"elementor-field-subgroup  elementor-subgroup-inline\"><span class=\"elementor-field-option\"><input type=\"radio\" value=\"DEC\" id=\"form-field-field_8c0abb7-0\" name=\"form_fields[field_8c0abb7]\" required=\"required\"> <label for=\"form-field-field_8c0abb7-0\">DEC<\/label><\/span><span class=\"elementor-field-option\"><input type=\"radio\" value=\"B.Sc.\" id=\"form-field-field_8c0abb7-1\" name=\"form_fields[field_8c0abb7]\" required=\"required\"> <label for=\"form-field-field_8c0abb7-1\">B.Sc.<\/label><\/span><span class=\"elementor-field-option\"><input type=\"radio\" value=\"M.Sc.\" id=\"form-field-field_8c0abb7-2\" name=\"form_fields[field_8c0abb7]\" required=\"required\"> <label for=\"form-field-field_8c0abb7-2\">M.Sc.<\/label><\/span><span class=\"elementor-field-option\"><input type=\"radio\" value=\"Ph.D.\" id=\"form-field-field_8c0abb7-3\" name=\"form_fields[field_8c0abb7]\" required=\"required\"> <label for=\"form-field-field_8c0abb7-3\">Ph.D.<\/label><\/span><\/div>\t\t\t\t<\/div>\n\t\t\t\t\t\t\t\t<div class=\"elementor-field-type-select elementor-field-group elementor-column elementor-field-group-field_058c1f7 elementor-col-50 elementor-field-required elementor-mark-required\">\n\t\t\t\t\t\t\t\t\t\t\t\t<label for=\"form-field-field_058c1f7\" class=\"elementor-field-label\">\n\t\t\t\t\t\t\t\tUniversit\u00e9 fr\u00e9quent\u00e9e\t\t\t\t\t\t\t<\/label>\n\t\t\t\t\t\t\t\t<div class=\"elementor-field elementor-select-wrapper remove-before \">\n\t\t\t<div class=\"select-caret-down-wrapper\">\n\t\t\t\t<svg aria-hidden=\"true\" class=\"e-font-icon-svg e-eicon-caret-down\" viewBox=\"0 0 571.4 571.4\" xmlns=\"http:\/\/www.w3.org\/2000\/svg\"><path d=\"M571 393Q571 407 561 418L311 668Q300 679 286 679T261 668L11 418Q0 407 0 393T11 368 36 357H536Q550 357 561 368T571 393Z\"><\/path><\/svg>\t\t\t<\/div>\n\t\t\t<select name=\"form_fields[field_058c1f7]\" id=\"form-field-field_058c1f7\" class=\"elementor-field-textual elementor-size-sm\" required=\"required\">\n\t\t\t\t\t\t\t\t\t<option value=\"\">S\u00e9lectionnez une institution<\/option>\n\t\t\t\t\t\t\t\t\t<option value=\"[institutions_select_field]\"><option value=\"1092\">Universit\u00e9 de Sherbrooke<\/option><option value=\"1100\">Universit\u00e9 Concordia<\/option><option value=\"1099\">Polytechnique Montr\u00e9al<\/option><option value=\"1098\">\u00c9cole de technologie sup\u00e9rieure<\/option><option value=\"1097\">Universit\u00e9 McGill<\/option><option value=\"1096\">Universit\u00e9 du Qu\u00e9bec \u00e0 Montr\u00e9al<\/option><option value=\"1095\">Universit\u00e9 du Qu\u00e9bec \u00e0 Trois-Rivi\u00e8res<\/option><option value=\"1094\">Universit\u00e9 Laval<\/option><option value=\"1093\">Universit\u00e9 du Qu\u00e9bec en Outaouais<\/option><option value=\"1091\">Universit\u00e9 du Qu\u00e9bec \u00e0 Chicoutimi<\/option><\/option>\n\t\t\t\t\t\t\t<\/select>\n\t\t<\/div>\n\t\t\t\t\t\t<\/div>\n\t\t\t\t\t\t\t\t<div class=\"elementor-field-type-html elementor-field-group elementor-column elementor-field-group-field_dfdc546 elementor-col-100\">\n\t\t\t\t\t<h4>Projet de recherche<\/h4>\t\t\t\t<\/div>\n\t\t\t\t\t\t\t\t<div class=\"elementor-field-type-text elementor-field-group elementor-column elementor-field-group-field_5454bfe elementor-col-100 elementor-field-required elementor-mark-required\">\n\t\t\t\t\t\t\t\t\t\t\t\t<label for=\"form-field-field_5454bfe\" class=\"elementor-field-label\">\n\t\t\t\t\t\t\t\tTitre\t\t\t\t\t\t\t<\/label>\n\t\t\t\t\t\t\t\t\t\t\t\t\t\t<input size=\"1\" type=\"text\" name=\"form_fields[field_5454bfe]\" id=\"form-field-field_5454bfe\" class=\"elementor-field elementor-size-sm  elementor-field-textual\" required=\"required\">\n\t\t\t\t\t\t\t\t\t\t\t<\/div>\n\t\t\t\t\t\t\t\t<div class=\"elementor-field-type-select elementor-field-group elementor-column elementor-field-group-field_54190ea elementor-col-40 elementor-field-required elementor-mark-required\">\n\t\t\t\t\t\t\t\t\t\t\t\t<label for=\"form-field-field_54190ea\" class=\"elementor-field-label\">\n\t\t\t\t\t\t\t\tDirecteur\t\t\t\t\t\t\t<\/label>\n\t\t\t\t\t\t\t\t<div class=\"elementor-field elementor-select-wrapper remove-before \">\n\t\t\t<div class=\"select-caret-down-wrapper\">\n\t\t\t\t<svg aria-hidden=\"true\" class=\"e-font-icon-svg e-eicon-caret-down\" viewBox=\"0 0 571.4 571.4\" xmlns=\"http:\/\/www.w3.org\/2000\/svg\"><path d=\"M571 393Q571 407 561 418L311 668Q300 679 286 679T261 668L11 418Q0 407 0 393T11 368 36 357H536Q550 357 561 368T571 393Z\"><\/path><\/svg>\t\t\t<\/div>\n\t\t\t<select name=\"form_fields[field_54190ea]\" id=\"form-field-field_54190ea\" class=\"elementor-field-textual elementor-size-sm\" required=\"required\">\n\t\t\t\t\t\t\t\t\t<option value=\"[abonnes_select_field]\">    <option value=\"\">S\u00e9lectionnez le directeur de recherche<\/option>\n            <option value=\"18\">Ahmad M. Omair<\/option>\n            <option value=\"17\">Ait Mohamed Otmane<\/option>\n            <option value=\"13\">Al-Hadi Richard<\/option>\n            <option value=\"16\">Bagaa Miloud<\/option>\n            <option value=\"20\">Beltrame Giovanni<\/option>\n            <option value=\"21\">Bhadra Sharmistha<\/option>\n            <option value=\"22\">Blaqui\u00e8re Yves<\/option>\n            <option value=\"23\">Boukadoum Mounir<\/option>\n            <option value=\"25\">Cicek Paul-Vah\u00e9<\/option>\n            <option value=\"7\">Corbeil Therrien Audrey<\/option>\n            <option value=\"26\">Cowan Glenn<\/option>\n            <option value=\"27\">david Jean-Pierre<\/option>\n            <option value=\"28\">El-Gamal Muard<\/option>\n            <option value=\"29\">Fontaine Rejean<\/option>\n            <option value=\"31\">Fortier Paul<\/option>\n            <option value=\"30\">Frechette Luc g.<\/option>\n            <option value=\"32\">Gagnon Ghyslain<\/option>\n            <option value=\"64\">Giard Pascal<\/option>\n            <option value=\"34\">Gosselin Benoit<\/option>\n            <option value=\"35\">Gross Warren J.<\/option>\n            <option value=\"11\">Hassan Ahmad<\/option>\n            <option value=\"36\">Izquierdo Ricardo<\/option>\n            <option value=\"10\">Karabulut Kurt Gunes<\/option>\n            <option value=\"37\">Khazaka Roni<\/option>\n            <option value=\"8\">Lakhassassi Ahmed<\/option>\n            <option value=\"15\">Landry Ren\u00e9 Jr.<\/option>\n            <option value=\"38\">Langois Pierre<\/option>\n            <option value=\"68\">Le Beux S\u00e9bastien<\/option>\n            <option value=\"39\">Leduc-Primeau Francois<\/option>\n            <option value=\"40\">Liboiron-Ladouceur Odile<\/option>\n            <option value=\"41\">Martel Sylvain<\/option>\n            <option value=\"42\">Massicotte Daniel<\/option>\n            <option value=\"43\">Mcheick Hamid<\/option>\n            <option value=\"45\">Menard Michael<\/option>\n            <option value=\"47\">Meyer Brett<\/option>\n            <option value=\"50\">Miled Amine<\/option>\n            <option value=\"52\">Nabaki Frederic<\/option>\n            <option value=\"54\">Nicolescu Gabriela<\/option>\n            <option value=\"56\">Otis Martin<\/option>\n            <option value=\"24\">Ouameur Ahmed<\/option>\n            <option value=\"9\">Ould-Bachir Tarek<\/option>\n            <option value=\"58\">Pratte Jean-Francois<\/option>\n            <option value=\"61\">Rivaz Hassan<\/option>\n            <option value=\"12\">Roberts Gordon W.<\/option>\n            <option value=\"63\">Robichaud Alexandre<\/option>\n            <option value=\"62\">Roy S\u00e9bastien<\/option>\n            <option value=\"60\">Savaria Yvon<\/option>\n            <option value=\"59\">Shi Wei<\/option>\n            <option value=\"14\">Shih Andy<\/option>\n            <option value=\"57\">Shih Steve<\/option>\n            <option value=\"55\">Swamy Srikanta M. N.<\/option>\n            <option value=\"53\">Tahar Sofi\u00e8ne<\/option>\n            <option value=\"67\">Tar Tampion<\/option>\n            <option value=\"6\">Tetrault Marc-Andr\u00e9<\/option>\n            <option value=\"51\">Thibeault Claude<\/option>\n            <option value=\"49\">Trouillon Rapha\u00ebl<\/option>\n            <option value=\"48\">Wang Chunyan<\/option>\n            <option value=\"19\">Wessam Ajib<\/option>\n            <option value=\"46\">Zhu Wei-Ping<\/option>\n            <option value=\"5\">Zhuldybina Mariia<\/option>\n            <option value=\"44\">Zilic Zeljko<\/option>\n        <\/option>\n\t\t\t\t\t\t\t<\/select>\n\t\t<\/div>\n\t\t\t\t\t\t<\/div>\n\t\t\t\t\t\t\t\t<div class=\"elementor-field-type-html elementor-field-group elementor-column elementor-field-group-field_84be3fe elementor-col-100\">\n\t\t\t\t\t<h4>Fichier \u00e0 joindre<\/h4>\t\t\t\t<\/div>\n\t\t\t\t\t\t\t\t<div class=\"elementor-field-type-html elementor-field-group elementor-column elementor-field-group-field_d018ea7 elementor-col-100\">\n\t\t\t\t\t<h6><strong><font color=\"red\">IMPORTANT: <\/font>\nVeuillez joindre \u00e0 ce formulaire le fichier \u00e0 remplir. Il doit contenir le r\u00e9sum\u00e9, expliquer le caract\u00e8re innovant du projet, exposer les applications potentielles ainsi qu'une photo du dispositif ou de l'assemblage de\ndispositifs que vous proposez de pr\u00e9senter, accompagn\u00e9 d'une br\u00e8ve description de chacun\ndes \u00e9l\u00e9ments.<\/strong><\/h6>\n<a href=\"https:\/\/resmiq.org\/wp-content\/uploads\/2026\/02\/JIR2026_ProjetSoumissionFormulaire.pdf\">>>> PDF \u00e0 remplir <<<<\/a>\t\t\t\t<\/div>\n\t\t\t\t\t\t\t\t<div class=\"elementor-field-type-upload elementor-field-group elementor-column elementor-field-group-field_b02075c elementor-col-100 elementor-field-required elementor-mark-required\">\n\t\t\t\t\t\t\t\t\t\t\t\t<label for=\"form-field-field_b02075c\" class=\"elementor-field-label\">\n\t\t\t\t\t\t\t\tT\u00e9l\u00e9chargement (format PDF uniquement)\t\t\t\t\t\t\t<\/label>\n\t\t\t\t\t\t\t\t<input type=\"file\" name=\"form_fields[field_b02075c]\" id=\"form-field-field_b02075c\" class=\"elementor-field elementor-size-sm  elementor-upload-field\" required=\"required\">\n\n\t\t\t\t\t\t<\/div>\n\t\t\t\t\t\t\t\t<div class=\"elementor-field-group elementor-column elementor-field-type-submit elementor-col-100 e-form__buttons\">\n\t\t\t\t\t<button class=\"elementor-button elementor-size-sm\" type=\"submit\">\n\t\t\t\t\t\t<span class=\"elementor-button-content-wrapper\">\n\t\t\t\t\t\t\t\t\t\t\t\t\t\t\t\t\t\t\t\t\t\t<span class=\"elementor-button-text\">Envoyer<\/span>\n\t\t\t\t\t\t\t\t\t\t\t\t\t<\/span>\n\t\t\t\t\t<\/button>\n\t\t\t\t<\/div>\n\t\t\t<\/div>\n\t\t<\/form>\n\t\t\t\t\t\t<\/div>\n\t\t\t\t<\/div>\n\t\t\t\t\t<\/div>\n\t\t\t\t<\/div>\n\t\t\t\t<\/div>\n\t\t","protected":false},"excerpt":{"rendered":"","protected":false},"author":2,"featured_media":0,"parent":3256,"menu_order":0,"comment_status":"closed","ping_status":"closed","template":"","meta":{"_acf_changed":false,"footnotes":""},"axe-et-theme":[],"sujet":[],"class_list":["post-7572","page","type-page","status-publish","hentry"],"acf":[],"_links":{"self":[{"href":"https:\/\/resmiq.org\/en\/wp-json\/wp\/v2\/pages\/7572","targetHints":{"allow":["GET"]}}],"collection":[{"href":"https:\/\/resmiq.org\/en\/wp-json\/wp\/v2\/pages"}],"about":[{"href":"https:\/\/resmiq.org\/en\/wp-json\/wp\/v2\/types\/page"}],"author":[{"embeddable":true,"href":"https:\/\/resmiq.org\/en\/wp-json\/wp\/v2\/users\/2"}],"replies":[{"embeddable":true,"href":"https:\/\/resmiq.org\/en\/wp-json\/wp\/v2\/comments?post=7572"}],"version-history":[{"count":8,"href":"https:\/\/resmiq.org\/en\/wp-json\/wp\/v2\/pages\/7572\/revisions"}],"predecessor-version":[{"id":7765,"href":"https:\/\/resmiq.org\/en\/wp-json\/wp\/v2\/pages\/7572\/revisions\/7765"}],"up":[{"embeddable":true,"href":"https:\/\/resmiq.org\/en\/wp-json\/wp\/v2\/pages\/3256"}],"wp:attachment":[{"href":"https:\/\/resmiq.org\/en\/wp-json\/wp\/v2\/media?parent=7572"}],"wp:term":[{"taxonomy":"axe-et-theme","embeddable":true,"href":"https:\/\/resmiq.org\/en\/wp-json\/wp\/v2\/axe-et-theme?post=7572"},{"taxonomy":"sujet","embeddable":true,"href":"https:\/\/resmiq.org\/en\/wp-json\/wp\/v2\/sujet?post=7572"}],"curies":[{"name":"wp","href":"https:\/\/api.w.org\/{rel}","templated":true}]}}