{"id":7772,"date":"2026-03-04T21:14:14","date_gmt":"2026-03-04T20:14:14","guid":{"rendered":"https:\/\/resmiq.org\/?page_id=7772"},"modified":"2026-03-04T21:45:41","modified_gmt":"2026-03-04T20:45:41","slug":"telllurene-electronics-and-beyond","status":"publish","type":"page","link":"https:\/\/resmiq.org\/en\/evenements\/seminaires-et-cours-intensifs\/telllurene-electronics-and-beyond\/","title":{"rendered":"Tellurene electronics and beyond"},"content":{"rendered":"<div data-elementor-type=\"wp-page\" data-elementor-id=\"7772\" class=\"elementor elementor-7772\" data-elementor-post-type=\"page\">\n\t\t\t\t<div class=\"elementor-element elementor-element-3e99b59 e-flex e-con-boxed e-con e-parent\" data-id=\"3e99b59\" data-element_type=\"container\" data-e-type=\"container\">\n\t\t\t\t\t<div class=\"e-con-inner\">\n\t\t\t\t<div class=\"elementor-element elementor-element-a1be196 elementor-widget elementor-widget-text-editor\" data-id=\"a1be196\" data-element_type=\"widget\" data-e-type=\"widget\" data-widget_type=\"text-editor.default\">\n\t\t\t\t<div class=\"elementor-widget-container\">\n\t\t\t\t\t\t\t\t\t<p><strong>With the support of the IEEE NTC Society&#039;s &quot;Distinguished Lecturer&quot; program<br \/><\/strong><\/p>\t\t\t\t\t\t\t\t<\/div>\n\t\t\t\t<\/div>\n\t\t\t\t<div class=\"elementor-element elementor-element-1aa3a31 elementor-widget elementor-widget-image\" data-id=\"1aa3a31\" data-element_type=\"widget\" data-e-type=\"widget\" data-widget_type=\"image.default\">\n\t\t\t\t<div class=\"elementor-widget-container\">\n\t\t\t\t\t\t\t\t\t\t\t\t\t\t\t<img decoding=\"async\" width=\"376\" height=\"74\" src=\"https:\/\/resmiq.org\/wp-content\/uploads\/2026\/03\/IEEE-nanotechnology-council-logo.jpg\" class=\"attachment-large size-large wp-image-7782\" alt=\"\" srcset=\"https:\/\/resmiq.org\/wp-content\/uploads\/2026\/03\/IEEE-nanotechnology-council-logo.jpg 376w, https:\/\/resmiq.org\/wp-content\/uploads\/2026\/03\/IEEE-nanotechnology-council-logo-300x59.jpg 300w, https:\/\/resmiq.org\/wp-content\/uploads\/2026\/03\/IEEE-nanotechnology-council-logo-18x4.jpg 18w, https:\/\/resmiq.org\/wp-content\/uploads\/2026\/03\/IEEE-nanotechnology-council-logo-370x74.jpg 370w\" sizes=\"(max-width: 376px) 100vw, 376px\" \/>\t\t\t\t\t\t\t\t\t\t\t\t\t\t\t<\/div>\n\t\t\t\t<\/div>\n\t\t\t\t<div class=\"elementor-element elementor-element-0cacd3c elementor-widget elementor-widget-image\" data-id=\"0cacd3c\" data-element_type=\"widget\" data-e-type=\"widget\" data-widget_type=\"image.default\">\n\t\t\t\t<div class=\"elementor-widget-container\">\n\t\t\t\t\t\t\t\t\t\t\t\t\t\t\t<img decoding=\"async\" width=\"218\" height=\"218\" src=\"https:\/\/resmiq.org\/wp-content\/uploads\/2026\/03\/WuW_medaillon.jpg\" class=\"attachment-large size-large wp-image-7783\" alt=\"\" srcset=\"https:\/\/resmiq.org\/wp-content\/uploads\/2026\/03\/WuW_medaillon.jpg 218w, https:\/\/resmiq.org\/wp-content\/uploads\/2026\/03\/WuW_medaillon-150x150.jpg 150w, https:\/\/resmiq.org\/wp-content\/uploads\/2026\/03\/WuW_medaillon-12x12.jpg 12w, https:\/\/resmiq.org\/wp-content\/uploads\/2026\/03\/WuW_medaillon-175x175.jpg 175w, https:\/\/resmiq.org\/wp-content\/uploads\/2026\/03\/WuW_medaillon-165x165.jpg 165w\" sizes=\"(max-width: 218px) 100vw, 218px\" \/>\t\t\t\t\t\t\t\t\t\t\t\t\t\t\t<\/div>\n\t\t\t\t<\/div>\n\t\t\t\t<div class=\"elementor-element elementor-element-86d29dd elementor-widget elementor-widget-text-editor\" data-id=\"86d29dd\" data-element_type=\"widget\" data-e-type=\"widget\" data-widget_type=\"text-editor.default\">\n\t\t\t\t<div class=\"elementor-widget-container\">\n\t\t\t\t\t\t\t\t\t<p><strong>Wenzhuo Wu<br \/><\/strong>Edwardson School of Industrial Engineering, Purdue University<br \/>West Lafayette, Indiana, USA<strong><br \/><\/strong><\/p>\t\t\t\t\t\t\t\t<\/div>\n\t\t\t\t<\/div>\n\t\t\t\t<div class=\"elementor-element elementor-element-95498ad elementor-widget elementor-widget-text-editor\" data-id=\"95498ad\" data-element_type=\"widget\" data-e-type=\"widget\" data-widget_type=\"text-editor.default\">\n\t\t\t\t<div class=\"elementor-widget-container\">\n\t\t\t\t\t\t\t\t\t<p><strong>Date<\/strong> March 30, 2026<br \/><strong>Hour :<\/strong> 10am<br \/><strong>Place<\/strong> \u00c9cole de technologie sup\u00e9rieure, Pavilion A, room A-1302 (1100 Notre-Dame Street West, Montreal)<\/p><p><strong>Summary: <\/strong>The development of wearable sensors for continually monitoring biomarkers is a promising alternative to the costly tools currently used in healthcare. Two-dimensional (2D) materials exhibit high sensitivity to physiology-relevant signals. However, few studies report 2D materials-based wearable sensors, primarily due to the intrinsic limitations of related materials that render them poor performance for sensing. Ongoing efforts in 2D materials also face difficulty scaling up due to restrictions on the synthesis conditions and stability. I will discuss our recent progress in developing tellurene-based wearable sensors with multiple modalities for continuously monitoring physiological and mental states. We show that wearable sensors based on tellurene, an emerging 2D semiconductor with intriguing properties, hold substantial promise for addressing the challenges of implementing 2D materials wearable sensors with high sensitivity and specificity. We aim to leverage our platform to fill the gaps in developing clinically applicable 2D materials-based wearable sensors.<\/p><p><strong>Biographical note:\u00a0<\/strong>Dr. Wenzhuo Wu is a Professor and University Faculty Scholar in the Edwardson School of Industrial Engineering at Purdue University. He received his Ph.D. from Georgia Institute of Technology in Materials Science and Engineering. Dr. Wu&#039;s research interests include designing, manufacturing, and integrating nanomaterials for applications in wearable sensors, clean energy, and electronics. He was a recipient of the Oak Ridge Associated Universities Ralph E. Powe Junior Faculty Enhancement Award, IOP Semiconductor Science and Technology Best Early Career Research, Society of Manufacturing Engineers Barbara M. Fossum Outstanding Young Manufacturing Engineer Award, Journal of Materials Chemistry A Emerging Investigator, <em>Advanced Materials Interfaces<\/em> Hall of Fame, ARO Young Investigator Award, NSF Early CAREER Award, Minerals, Metals &amp; Materials Society (TMS) Functional Materials Division (FMD) Young Leaders Professional Development Award, Microsystems &amp; Nanoengineering (MINE) Young Scientist Award, Purdue College of Engineering Faculty Excellence Award for Early Career Research, <em>Advanced Materials Technologies<\/em> Hall of Fame, an invited participant in the first US-Africa Frontiers of Science, Engineering, and Medicine Symposium, Sensors Young Investigator Award, an elected Fellow of Royal Society of Chemistry (FRSC), a Purdue University Faculty Scholar, the IEEE NTC Distinguished Lecturer, and a Humboldt Foundation Fellow.<\/p>\t\t\t\t\t\t\t\t<\/div>\n\t\t\t\t<\/div>\n\t\t\t\t\t<\/div>\n\t\t\t\t<\/div>\n\t\t\t\t<\/div>","protected":false},"excerpt":{"rendered":"<p>Avec le concours du programme des \u00ab Distinguished Lecturerer \u00bb de la soci\u00e9t\u00e9 IEEE NTC Wenzhuo WuEdwardson School of Industrial Engineering, Purdue UniversityWest Lafayette, Indiana, USA Date : 30 mars 2026Heure : 10hLieu : \u00c9cole de technologie sup\u00e9rieure, Pavillon A, salle A-1302 (1100, rue Notre-Dame Ouest, Montr\u00e9al) R\u00e9sum\u00e9: The development <a class=\"read-more\" href=\"https:\/\/resmiq.org\/en\/evenements\/seminaires-et-cours-intensifs\/telllurene-electronics-and-beyond\/\">Read More\u2026<\/a><\/p>","protected":false},"author":2,"featured_media":0,"parent":2456,"menu_order":0,"comment_status":"closed","ping_status":"closed","template":"","meta":{"_acf_changed":false,"footnotes":""},"axe-et-theme":[],"sujet":[],"class_list":["post-7772","page","type-page","status-publish","hentry"],"acf":[],"_links":{"self":[{"href":"https:\/\/resmiq.org\/en\/wp-json\/wp\/v2\/pages\/7772","targetHints":{"allow":["GET"]}}],"collection":[{"href":"https:\/\/resmiq.org\/en\/wp-json\/wp\/v2\/pages"}],"about":[{"href":"https:\/\/resmiq.org\/en\/wp-json\/wp\/v2\/types\/page"}],"author":[{"embeddable":true,"href":"https:\/\/resmiq.org\/en\/wp-json\/wp\/v2\/users\/2"}],"replies":[{"embeddable":true,"href":"https:\/\/resmiq.org\/en\/wp-json\/wp\/v2\/comments?post=7772"}],"version-history":[{"count":8,"href":"https:\/\/resmiq.org\/en\/wp-json\/wp\/v2\/pages\/7772\/revisions"}],"predecessor-version":[{"id":7786,"href":"https:\/\/resmiq.org\/en\/wp-json\/wp\/v2\/pages\/7772\/revisions\/7786"}],"up":[{"embeddable":true,"href":"https:\/\/resmiq.org\/en\/wp-json\/wp\/v2\/pages\/2456"}],"wp:attachment":[{"href":"https:\/\/resmiq.org\/en\/wp-json\/wp\/v2\/media?parent=7772"}],"wp:term":[{"taxonomy":"axe-et-theme","embeddable":true,"href":"https:\/\/resmiq.org\/en\/wp-json\/wp\/v2\/axe-et-theme?post=7772"},{"taxonomy":"sujet","embeddable":true,"href":"https:\/\/resmiq.org\/en\/wp-json\/wp\/v2\/sujet?post=7772"}],"curies":[{"name":"wp","href":"https:\/\/api.w.org\/{rel}","templated":true}]}}