{"id":7884,"date":"2026-04-02T00:12:35","date_gmt":"2026-04-01T22:12:35","guid":{"rendered":"https:\/\/resmiq.org\/?page_id=7884"},"modified":"2026-04-02T01:34:40","modified_gmt":"2026-04-01T23:34:40","slug":"93e-congres-de-lacfas","status":"publish","type":"page","link":"https:\/\/resmiq.org\/en\/evenements\/conferences-et-colloques\/93e-congres-de-lacfas\/","title":{"rendered":"93rd ACFAS Congress"},"content":{"rendered":"<div data-elementor-type=\"wp-page\" data-elementor-id=\"7884\" class=\"elementor elementor-7884\" data-elementor-post-type=\"page\">\n\t\t\t\t<div class=\"elementor-element elementor-element-3082d8f e-flex e-con-boxed e-con e-parent\" data-id=\"3082d8f\" data-element_type=\"container\" data-e-type=\"container\">\n\t\t\t\t\t<div class=\"e-con-inner\">\n\t\t\t\t<div class=\"elementor-element elementor-element-fa3a613 elementor-widget elementor-widget-image\" data-id=\"fa3a613\" data-element_type=\"widget\" data-e-type=\"widget\" data-widget_type=\"image.default\">\n\t\t\t\t<div class=\"elementor-widget-container\">\n\t\t\t\t\t\t\t\t\t\t\t\t\t\t\t<img fetchpriority=\"high\" decoding=\"async\" width=\"1024\" height=\"147\" src=\"https:\/\/resmiq.org\/wp-content\/uploads\/2026\/04\/BanniereWeb-1024x147.jpg\" class=\"attachment-large size-large wp-image-7887\" alt=\"\" srcset=\"https:\/\/resmiq.org\/wp-content\/uploads\/2026\/04\/BanniereWeb-1024x147.jpg 1024w, https:\/\/resmiq.org\/wp-content\/uploads\/2026\/04\/BanniereWeb-300x43.jpg 300w, https:\/\/resmiq.org\/wp-content\/uploads\/2026\/04\/BanniereWeb-768x111.jpg 768w, https:\/\/resmiq.org\/wp-content\/uploads\/2026\/04\/BanniereWeb-18x3.jpg 18w, https:\/\/resmiq.org\/wp-content\/uploads\/2026\/04\/BanniereWeb.jpg 1216w\" sizes=\"(max-width: 1024px) 100vw, 1024px\" \/>\t\t\t\t\t\t\t\t\t\t\t\t\t\t\t<\/div>\n\t\t\t\t<\/div>\n\t\t\t\t<div class=\"elementor-element elementor-element-de34641 elementor-widget elementor-widget-text-editor\" data-id=\"de34641\" data-element_type=\"widget\" data-e-type=\"widget\" data-widget_type=\"text-editor.default\">\n\t\t\t\t<div class=\"elementor-widget-container\">\n\t\t\t\t\t\t\t\t\t<p style=\"text-align: center;\"><strong><span style=\"color: #ff0000; font-size: x-large;\">Microsyst\u00e8mes en action<\/span><span style=\"font-size: x-large;\"><br \/>Au c\u0153ur de l\u2019innovation qu\u00e9b\u00e9coise en sant\u00e9,<br \/>t\u00e9l\u00e9communications sans fil et technologies durables<\/span><\/strong><\/p>\t\t\t\t\t\t\t\t<\/div>\n\t\t\t\t<\/div>\n\t\t\t\t<div class=\"elementor-element elementor-element-0dd419f elementor-widget elementor-widget-text-editor\" data-id=\"0dd419f\" data-element_type=\"widget\" data-e-type=\"widget\" data-widget_type=\"text-editor.default\">\n\t\t\t\t<div class=\"elementor-widget-container\">\n\t\t\t\t\t\t\t\t\t<p><b><span style=\"color: #ff0000; font-size: x-large;\">When?<\/span><br \/>Jeudi 14 mai 2026<\/b><\/p><p><b><span style=\"color: #ff0000; font-size: x-large;\">Where?<\/span><\/b><br \/><strong>University of Quebec in Trois-Rivi\u00e8res (UQTR)<\/strong><br \/><strong>3351, boulevard des Forges, Trois-Rivi\u00e8res (Qu\u00e9bec) G8Z 4M3<\/strong><\/p>\t\t\t\t\t\t\t\t<\/div>\n\t\t\t\t<\/div>\n\t\t\t\t<div class=\"elementor-element elementor-element-3b80c5d elementor-widget elementor-widget-text-editor\" data-id=\"3b80c5d\" data-element_type=\"widget\" data-e-type=\"widget\" data-widget_type=\"text-editor.default\">\n\t\t\t\t<div class=\"elementor-widget-container\">\n\t\t\t\t\t\t\t\t\t<p>Ce colloque vise \u00e0 explorer les enjeux scientifiques et technologiques li\u00e9s \u00e0 la convergence des microsyst\u00e8mes, en favorisant le dialogue entre chercheurs, industriels et \u00e9tudiants. Il mettra en lumi\u00e8re les solutions novatrices pour concevoir des syst\u00e8mes intelligents, fiables et durables, au service d\u2019une soci\u00e9t\u00e9 num\u00e9rique, connect\u00e9e et responsable.<\/p><p><b><u>Pour plus de d\u00e9tails<\/u><\/b><br \/><b><a href=\"https:\/\/www.acfas.ca\/evenements\/congres\/programme\/93\/200\/201\/c\" target=\"_blank\" rel=\"noopener\">Program<\/a>\u00a0\u00a0\u00a0 \/\u00a0\u00a0\u00a0 <a href=\"https:\/\/www.acfas.ca\/evenements\/congres\/inscription\" target=\"_blank\" rel=\"noopener\">Registration<\/a>\u00a0\u00a0\u00a0 \/\u00a0\u00a0\u00a0 <a href=\"https:\/\/www.acfas.ca\/evenements\/congres\/informations-utiles\" target=\"_blank\" rel=\"noopener\">Informations utiles<\/a><\/b><\/p>\t\t\t\t\t\t\t\t<\/div>\n\t\t\t\t<\/div>\n\t\t\t\t\t<\/div>\n\t\t\t\t<\/div>\n\t\t\t\t<\/div>","protected":false},"excerpt":{"rendered":"<p>Microsyst\u00e8mes en actionAu c\u0153ur de l\u2019innovation qu\u00e9b\u00e9coise en sant\u00e9,t\u00e9l\u00e9communications sans fil et technologies durables Quand?Jeudi 14 mai 2026 O\u00f9?Universit\u00e9 du Qu\u00e9bec \u00e0 Trois-Rivi\u00e8res (UQTR)3351, boulevard des Forges, Trois-Rivi\u00e8res (Qu\u00e9bec) G8Z 4M3 Ce colloque vise \u00e0 explorer les enjeux scientifiques et technologiques li\u00e9s \u00e0 la convergence des microsyst\u00e8mes, en favorisant le <a class=\"read-more\" href=\"https:\/\/resmiq.org\/en\/evenements\/conferences-et-colloques\/93e-congres-de-lacfas\/\">Read More\u2026<\/a><\/p>","protected":false},"author":2,"featured_media":0,"parent":2457,"menu_order":0,"comment_status":"closed","ping_status":"closed","template":"","meta":{"_acf_changed":false,"footnotes":""},"axe-et-theme":[],"sujet":[],"class_list":["post-7884","page","type-page","status-publish","hentry"],"acf":[],"_links":{"self":[{"href":"https:\/\/resmiq.org\/en\/wp-json\/wp\/v2\/pages\/7884","targetHints":{"allow":["GET"]}}],"collection":[{"href":"https:\/\/resmiq.org\/en\/wp-json\/wp\/v2\/pages"}],"about":[{"href":"https:\/\/resmiq.org\/en\/wp-json\/wp\/v2\/types\/page"}],"author":[{"embeddable":true,"href":"https:\/\/resmiq.org\/en\/wp-json\/wp\/v2\/users\/2"}],"replies":[{"embeddable":true,"href":"https:\/\/resmiq.org\/en\/wp-json\/wp\/v2\/comments?post=7884"}],"version-history":[{"count":13,"href":"https:\/\/resmiq.org\/en\/wp-json\/wp\/v2\/pages\/7884\/revisions"}],"predecessor-version":[{"id":7903,"href":"https:\/\/resmiq.org\/en\/wp-json\/wp\/v2\/pages\/7884\/revisions\/7903"}],"up":[{"embeddable":true,"href":"https:\/\/resmiq.org\/en\/wp-json\/wp\/v2\/pages\/2457"}],"wp:attachment":[{"href":"https:\/\/resmiq.org\/en\/wp-json\/wp\/v2\/media?parent=7884"}],"wp:term":[{"taxonomy":"axe-et-theme","embeddable":true,"href":"https:\/\/resmiq.org\/en\/wp-json\/wp\/v2\/axe-et-theme?post=7884"},{"taxonomy":"sujet","embeddable":true,"href":"https:\/\/resmiq.org\/en\/wp-json\/wp\/v2\/sujet?post=7884"}],"curies":[{"name":"wp","href":"https:\/\/api.w.org\/{rel}","templated":true}]}}