{"id":7964,"date":"2026-04-23T18:46:14","date_gmt":"2026-04-23T16:46:14","guid":{"rendered":"https:\/\/resmiq.org\/?page_id=7964"},"modified":"2026-04-23T18:51:59","modified_gmt":"2026-04-23T16:51:59","slug":"energy-efficiency-trade-offs-and-adaptation-in-modern-serial-links","status":"publish","type":"page","link":"https:\/\/resmiq.org\/en\/evenements\/seminaires-et-cours-intensifs\/energy-efficiency-trade-offs-and-adaptation-in-modern-serial-links\/","title":{"rendered":"Energy Efficiency Trade-Offs and Adaptation in Modern Serial Links"},"content":{"rendered":"<div data-elementor-type=\"wp-page\" data-elementor-id=\"7964\" class=\"elementor elementor-7964\" data-elementor-post-type=\"page\">\n\t\t\t\t<div class=\"elementor-element elementor-element-a746046 e-flex e-con-boxed e-con e-parent\" data-id=\"a746046\" data-element_type=\"container\" data-e-type=\"container\">\n\t\t\t\t\t<div class=\"e-con-inner\">\n\t\t\t\t<div class=\"elementor-element elementor-element-9bb4cfe elementor-widget elementor-widget-text-editor\" data-id=\"9bb4cfe\" data-element_type=\"widget\" data-e-type=\"widget\" data-widget_type=\"text-editor.default\">\n\t\t\t\t<div class=\"elementor-widget-container\">\n\t\t\t\t\t\t\t\t\t<p><strong>Avec le concours du programme des \u00ab Distinguished Lecturerer \u00bb de la soci\u00e9t\u00e9 IEEE SSCS<\/strong><\/p>\t\t\t\t\t\t\t\t<\/div>\n\t\t\t\t<\/div>\n\t\t\t\t<div class=\"elementor-element elementor-element-290861f elementor-widget elementor-widget-image\" data-id=\"290861f\" data-element_type=\"widget\" data-e-type=\"widget\" data-widget_type=\"image.default\">\n\t\t\t\t<div class=\"elementor-widget-container\">\n\t\t\t\t\t\t\t\t\t\t\t\t\t\t\t<img fetchpriority=\"high\" decoding=\"async\" width=\"614\" height=\"180\" src=\"https:\/\/resmiq.org\/wp-content\/uploads\/2026\/04\/IEEE-SSCS.jpg\" class=\"attachment-large size-large wp-image-7952\" alt=\"\" srcset=\"https:\/\/resmiq.org\/wp-content\/uploads\/2026\/04\/IEEE-SSCS.jpg 614w, https:\/\/resmiq.org\/wp-content\/uploads\/2026\/04\/IEEE-SSCS-300x88.jpg 300w, https:\/\/resmiq.org\/wp-content\/uploads\/2026\/04\/IEEE-SSCS-18x5.jpg 18w\" sizes=\"(max-width: 614px) 100vw, 614px\" \/>\t\t\t\t\t\t\t\t\t\t\t\t\t\t\t<\/div>\n\t\t\t\t<\/div>\n\t\t\t\t<div class=\"elementor-element elementor-element-e8ed898 elementor-widget elementor-widget-image\" data-id=\"e8ed898\" data-element_type=\"widget\" data-e-type=\"widget\" data-widget_type=\"image.default\">\n\t\t\t\t<div class=\"elementor-widget-container\">\n\t\t\t\t\t\t\t\t\t\t\t\t\t\t\t<img decoding=\"async\" width=\"218\" height=\"218\" src=\"https:\/\/resmiq.org\/wp-content\/uploads\/2026\/04\/ToniettoD-medaillon.jpg\" class=\"attachment-large size-large wp-image-7954\" alt=\"\" srcset=\"https:\/\/resmiq.org\/wp-content\/uploads\/2026\/04\/ToniettoD-medaillon.jpg 218w, https:\/\/resmiq.org\/wp-content\/uploads\/2026\/04\/ToniettoD-medaillon-150x150.jpg 150w, https:\/\/resmiq.org\/wp-content\/uploads\/2026\/04\/ToniettoD-medaillon-12x12.jpg 12w, https:\/\/resmiq.org\/wp-content\/uploads\/2026\/04\/ToniettoD-medaillon-175x175.jpg 175w, https:\/\/resmiq.org\/wp-content\/uploads\/2026\/04\/ToniettoD-medaillon-165x165.jpg 165w\" sizes=\"(max-width: 218px) 100vw, 218px\" \/>\t\t\t\t\t\t\t\t\t\t\t\t\t\t\t<\/div>\n\t\t\t\t<\/div>\n\t\t\t\t<div class=\"elementor-element elementor-element-9922dea elementor-widget elementor-widget-text-editor\" data-id=\"9922dea\" data-element_type=\"widget\" data-e-type=\"widget\" data-widget_type=\"text-editor.default\">\n\t\t\t\t<div class=\"elementor-widget-container\">\n\t\t\t\t\t\t\t\t\t<p><strong>Davide Tonietto<br \/><\/strong>Huawei Canada<\/p>\t\t\t\t\t\t\t\t<\/div>\n\t\t\t\t<\/div>\n\t\t\t\t<div class=\"elementor-element elementor-element-f8b92af elementor-widget elementor-widget-text-editor\" data-id=\"f8b92af\" data-element_type=\"widget\" data-e-type=\"widget\" data-widget_type=\"text-editor.default\">\n\t\t\t\t<div class=\"elementor-widget-container\">\n\t\t\t\t\t\t\t\t\t<p><strong>Date<\/strong> : 8 mai 2026<br \/><strong>Hour :<\/strong> 10h30<br \/><strong>Place<\/strong> : Universit\u00e9 Concordia, Pavillon EV, salle EV2.184, 1515 rue Ste-Catherine Ouest, Montr\u00e9al<\/p><p><strong>Summary: <\/strong>Explosive computing growth fueled by the AI revolution is putting enormous pressure on energy efficiency. As number of cores and connection bandwidth increases exponentially, serial links are becoming the #1 energy expenditure. It is estimated that serial links consume between 30% and 60% of the total computing &amp; switching power. Besides being an overall energy consumption problem, this brings a variety of architectural challenges, such as the power delivery and heat<br \/>dissipation management.<br \/><strong>Part 1:<\/strong> <strong>The basics of serial link efficiency<br \/><\/strong>What is serial link efficiency? What does it depend on? Is it actually improving? Is it better to go wide-slow or narrow-fast? Does it always pay off to reduce the number of \u201chops\u201d in a link? I will explain in the simplest terms why I think it is time for a drastic change in what we do to increase interconnect bandwidth and why commonly talked about approaches to improve efficiency will not work as well as advertised. To understand efficiency, we have to dig deep into SerDes historical evolution and how various factors affected efficiency and complexity and how they are related.<br \/><strong>Part 2:<\/strong> <strong>SerDes power scaling<\/strong><br \/>One of the reasons contributing to the rapid increase of serial link power consumption is the inability of most SerDes to adapt significantly their power consumption to the requirements of the channel they operate on. Most ASICs are built with only one type of long reach (LR) SerDes on die but in a real system they will operate on a vast variety of backplane, chip to chip or chip to module links that vary enormously in complexity from XSR (Extra Short Reach) to VSR (Very Short Reach) to LR. However, most SerDes can only marginally adjust their consumption and this is achieved by a static, manual and error prone process. Therefore, most links use more energy than necessary. I will present a fully automatic power management system that can dynamically reduce a DSP based LR SerDes consumption in excess of 50% depending on channel requirements.<\/p><p><strong>Biographical note:\u00a0<\/strong>Davide Tonietto is Huawei Fellow &amp; Founder of Hisilicon Serial Link Team (A.K.A. HiLink), with Huawei Technologies Canada since 2011. He was responsible for Hisilicon SerDes IP technology roadmap definition, execution and integration from 2011 to 2021. Over this period of time his organization provided SerDes for over 200 high performance ASICs with data rates ranging from 10 to 112Gbps for applications in Networking, DC, AI, HPC, Wireless infrastructure and Mobile. He holds more than 20 US patents and co-authored several papers on SerDes and wireline communication. His current focus is on improving interconnect efficiency by increasing parallelism, flexibility and decreasing data rate and complexity.<\/p>\t\t\t\t\t\t\t\t<\/div>\n\t\t\t\t<\/div>\n\t\t\t\t\t<\/div>\n\t\t\t\t<\/div>\n\t\t\t\t<\/div>","protected":false},"excerpt":{"rendered":"<p>Avec le concours du programme des \u00ab Distinguished Lecturerer \u00bb de la soci\u00e9t\u00e9 IEEE SSCS Davide ToniettoHuawei Canada Date : 8 mai 2026Heure : 10h30Lieu : Universit\u00e9 Concordia, Pavillon EV, salle EV2.184, 1515 rue Ste-Catherine Ouest, Montr\u00e9al R\u00e9sum\u00e9: Explosive computing growth fueled by the AI revolution is putting enormous pressure <a class=\"read-more\" href=\"https:\/\/resmiq.org\/en\/evenements\/seminaires-et-cours-intensifs\/energy-efficiency-trade-offs-and-adaptation-in-modern-serial-links\/\">Read More\u2026<\/a><\/p>","protected":false},"author":2,"featured_media":0,"parent":2456,"menu_order":0,"comment_status":"closed","ping_status":"closed","template":"","meta":{"_acf_changed":false,"footnotes":""},"axe-et-theme":[],"sujet":[],"class_list":["post-7964","page","type-page","status-publish","hentry"],"acf":[],"_links":{"self":[{"href":"https:\/\/resmiq.org\/en\/wp-json\/wp\/v2\/pages\/7964","targetHints":{"allow":["GET"]}}],"collection":[{"href":"https:\/\/resmiq.org\/en\/wp-json\/wp\/v2\/pages"}],"about":[{"href":"https:\/\/resmiq.org\/en\/wp-json\/wp\/v2\/types\/page"}],"author":[{"embeddable":true,"href":"https:\/\/resmiq.org\/en\/wp-json\/wp\/v2\/users\/2"}],"replies":[{"embeddable":true,"href":"https:\/\/resmiq.org\/en\/wp-json\/wp\/v2\/comments?post=7964"}],"version-history":[{"count":4,"href":"https:\/\/resmiq.org\/en\/wp-json\/wp\/v2\/pages\/7964\/revisions"}],"predecessor-version":[{"id":7972,"href":"https:\/\/resmiq.org\/en\/wp-json\/wp\/v2\/pages\/7964\/revisions\/7972"}],"up":[{"embeddable":true,"href":"https:\/\/resmiq.org\/en\/wp-json\/wp\/v2\/pages\/2456"}],"wp:attachment":[{"href":"https:\/\/resmiq.org\/en\/wp-json\/wp\/v2\/media?parent=7964"}],"wp:term":[{"taxonomy":"axe-et-theme","embeddable":true,"href":"https:\/\/resmiq.org\/en\/wp-json\/wp\/v2\/axe-et-theme?post=7964"},{"taxonomy":"sujet","embeddable":true,"href":"https:\/\/resmiq.org\/en\/wp-json\/wp\/v2\/sujet?post=7964"}],"curies":[{"name":"wp","href":"https:\/\/api.w.org\/{rel}","templated":true}]}}